{"id":221,"date":"2020-07-15T09:14:19","date_gmt":"2020-07-15T09:14:19","guid":{"rendered":"https:\/\/demosites.io\/electronic-store-gb\/?page_id=221"},"modified":"2025-01-27T20:02:54","modified_gmt":"2025-01-27T17:02:54","slug":"yhteystiedot","status":"publish","type":"page","link":"https:\/\/www.jimport.fi\/index.php\/yhteystiedot\/","title":{"rendered":"Yhteystiedot"},"content":{"rendered":"\t\t<div data-elementor-type=\"wp-page\" data-elementor-id=\"221\" class=\"elementor elementor-221\">\n\t\t\t\t\t\t<section class=\"elementor-section elementor-top-section elementor-element elementor-element-112eeedf elementor-section-boxed elementor-section-height-default elementor-section-height-default\" data-id=\"112eeedf\" data-element_type=\"section\" data-e-type=\"section\" data-settings=\"{&quot;background_background&quot;:&quot;classic&quot;}\">\n\t\t\t\t\t\t\t<div class=\"elementor-background-overlay\"><\/div>\n\t\t\t\t\t\t\t<div class=\"elementor-container elementor-column-gap-default\">\n\t\t\t\t\t<div class=\"elementor-column elementor-col-50 elementor-top-column elementor-element elementor-element-57338bee\" data-id=\"57338bee\" data-element_type=\"column\" data-e-type=\"column\">\n\t\t\t<div class=\"elementor-widget-wrap elementor-element-populated\">\n\t\t\t\t\t\t<div class=\"elementor-element elementor-element-5e8574e elementor-widget elementor-widget-text-editor\" data-id=\"5e8574e\" data-element_type=\"widget\" data-e-type=\"widget\" data-widget_type=\"text-editor.default\">\n\t\t\t\t<div class=\"elementor-widget-container\">\n\t\t\t\t\t\t\t\t\t<h2><strong><span style=\"color: #ffffff;\">Yhteydenotto<\/span><\/strong><\/h2><div><strong><span style=\"color: #ffffff;\">NOUTO\/PALAUTUKSET : Suupohjantie 144 60320 Sein\u00e4joki<\/span><\/strong><br \/><strong><span style=\"color: #ffffff;\">Osoitteesta l\u00f6ytyy noutolaatikot, joka on valittavissa toimitustavaksi.<\/span><\/strong><\/div><p>\u00a0<\/p><p><strong><span style=\"color: #ffffff;\">Toivomme, ett\u00e4 olet ensisijaisesti yhteydess\u00e4 viestikent\u00e4n kautta. (HUOM. emme pysty vastaamaan viestiin, jos et anna s\u00e4hk\u00f6postiosoitetta tai puhelinnumeroa)<\/span><\/strong><\/p><p><strong><span style=\"color: #ffffff;\">S\u00e4hk\u00f6postiosoite : info@jimport.fi<\/span><\/strong><\/p><p><strong><span style=\"color: #ffffff;\">Puhelinnumeroa ei ole nyt n\u00e4kyviss\u00e4, kaikenlaisten ulkomailta tulleiden h\u00e4iritsevien yhteydenottojen takia. Numeron saa kyll\u00e4 halutessaan.<\/span><\/strong><\/p><p>\u00a0<\/p>\t\t\t\t\t\t\t\t<\/div>\n\t\t\t\t<\/div>\n\t\t\t\t\t<\/div>\n\t\t<\/div>\n\t\t\t\t<div class=\"elementor-column elementor-col-50 elementor-top-column elementor-element elementor-element-893ae44\" data-id=\"893ae44\" data-element_type=\"column\" data-e-type=\"column\">\n\t\t\t<div class=\"elementor-widget-wrap elementor-element-populated\">\n\t\t\t\t\t\t<div class=\"elementor-element elementor-element-1efac58 elementor-widget elementor-widget-wpforms\" data-id=\"1efac58\" data-element_type=\"widget\" data-e-type=\"widget\" data-widget_type=\"wpforms.default\">\n\t\t\t\t<div class=\"elementor-widget-container\">\n\t\t\t\t\t<div class=\"wpforms-container wpforms-container-full\" id=\"wpforms-2364\"><form id=\"wpforms-form-2364\" class=\"wpforms-validate wpforms-form wpforms-ajax-form\" data-formid=\"2364\" method=\"post\" enctype=\"multipart\/form-data\" action=\"\/index.php\/wp-json\/wp\/v2\/pages\/221\" data-token=\"9a327a057990b848b0331b80c6aea27e\" data-token-time=\"1777533208\"><noscript class=\"wpforms-error-noscript\">Please enable JavaScript in your browser to complete this form.<\/noscript><div class=\"wpforms-field-container\"><div id=\"wpforms-2364-field_0-container\" class=\"wpforms-field wpforms-field-name\" data-field-id=\"0\"><label class=\"wpforms-field-label\" for=\"wpforms-2364-field_0\">Nimi \/ Yritys<\/label><input type=\"text\" id=\"wpforms-2364-field_0\" class=\"wpforms-field-medium\" name=\"wpforms[fields][0]\" ><\/div><div id=\"wpforms-2364-field_1-container\" class=\"wpforms-field wpforms-field-email\" data-field-id=\"1\"><label class=\"wpforms-field-label\" for=\"wpforms-2364-field_1\">S\u00e4hk\u00f6posti<\/label><input type=\"email\" id=\"wpforms-2364-field_1\" class=\"wpforms-field-medium\" name=\"wpforms[fields][1]\" spellcheck=\"false\" ><\/div><div id=\"wpforms-2364-field_2-container\" class=\"wpforms-field wpforms-field-textarea\" data-field-id=\"2\"><label class=\"wpforms-field-label\" for=\"wpforms-2364-field_2\">Viesti <span class=\"wpforms-required-label\">*<\/span><\/label><textarea id=\"wpforms-2364-field_2\" class=\"wpforms-field-medium wpforms-field-required\" name=\"wpforms[fields][2]\" required><\/textarea><\/div><div id=\"wpforms-2364-field_6-container\" class=\"wpforms-field wpforms-field-number\" data-field-id=\"6\"><label class=\"wpforms-field-label\" for=\"wpforms-2364-field_6\">Puhelinnumero (=soittopyynt\u00f6)<\/label><input type=\"number\" id=\"wpforms-2364-field_6\" class=\"wpforms-field-medium\" name=\"wpforms[fields][6]\" step=\"any\" ><div class=\"wpforms-field-description\">Soitamme mahdollisimman pian tai l\u00e4het\u00e4mme vaikka tekstiviesti\u00e4, jos asia hoituu my\u00f6s sill\u00e4.<\/div><\/div><\/div><!-- .wpforms-field-container --><div class=\"wpforms-submit-container\" ><input type=\"hidden\" name=\"wpforms[id]\" value=\"2364\"><input type=\"hidden\" name=\"page_title\" value=\"\"><input type=\"hidden\" name=\"page_url\" value=\"https:\/\/www.jimport.fi\/index.php\/wp-json\/wp\/v2\/pages\/221\"><input type=\"hidden\" name=\"url_referer\" value=\"\"><button type=\"submit\" name=\"wpforms[submit]\" id=\"wpforms-submit-2364\" class=\"wpforms-submit\" data-alt-text=\"L\u00e4hett\u00e4\u00e4...\" data-submit-text=\"L\u00e4het\u00e4\" aria-live=\"assertive\" value=\"wpforms-submit\">L\u00e4het\u00e4<\/button><img decoding=\"async\" src=\"https:\/\/www.jimport.fi\/wp-content\/plugins\/wpforms-lite\/assets\/images\/submit-spin.svg\" class=\"wpforms-submit-spinner\" style=\"display: none;\" width=\"26\" height=\"26\" alt=\"Loading\"><\/div><\/form><\/div>  <!-- .wpforms-container -->\t\t\t\t<\/div>\n\t\t\t\t<\/div>\n\t\t\t\t\t<\/div>\n\t\t<\/div>\n\t\t\t\t\t<\/div>\n\t\t<\/section>\n\t\t\t\t<section class=\"elementor-section elementor-top-section elementor-element elementor-element-c9d4ec2 elementor-section-boxed elementor-section-height-default elementor-section-height-default\" data-id=\"c9d4ec2\" data-element_type=\"section\" data-e-type=\"section\">\n\t\t\t\t\t\t<div class=\"elementor-container elementor-column-gap-default\">\n\t\t\t\t\t<div class=\"elementor-column elementor-col-100 elementor-top-column elementor-element elementor-element-66f8d14\" data-id=\"66f8d14\" data-element_type=\"column\" data-e-type=\"column\">\n\t\t\t<div class=\"elementor-widget-wrap elementor-element-populated\">\n\t\t\t\t\t\t<div class=\"elementor-element elementor-element-5aa9c1e elementor-widget elementor-widget-google_maps\" data-id=\"5aa9c1e\" data-element_type=\"widget\" data-e-type=\"widget\" data-widget_type=\"google_maps.default\">\n\t\t\t\t<div class=\"elementor-widget-container\">\n\t\t\t\t\t\t\t<div class=\"elementor-custom-embed\">\n\t\t\t<iframe loading=\"lazy\"\n\t\t\t\t\tsrc=\"https:\/\/maps.google.com\/maps?q=suupohjantie%20144%20sein%C3%A4joki&#038;t=m&#038;z=10&#038;output=embed&#038;iwloc=near\"\n\t\t\t\t\ttitle=\"suupohjantie 144 sein\u00e4joki\"\n\t\t\t\t\taria-label=\"suupohjantie 144 sein\u00e4joki\"\n\t\t\t><\/iframe>\n\t\t<\/div>\n\t\t\t\t\t\t<\/div>\n\t\t\t\t<\/div>\n\t\t\t\t\t<\/div>\n\t\t<\/div>\n\t\t\t\t\t<\/div>\n\t\t<\/section>\n\t\t\t\t<section class=\"elementor-section elementor-top-section elementor-element elementor-element-73761b7 elementor-section-boxed elementor-section-height-default elementor-section-height-default\" data-id=\"73761b7\" data-element_type=\"section\" data-e-type=\"section\">\n\t\t\t\t\t\t<div class=\"elementor-container elementor-column-gap-default\">\n\t\t\t\t\t<div class=\"elementor-column elementor-col-100 elementor-top-column elementor-element elementor-element-c9be298\" data-id=\"c9be298\" data-element_type=\"column\" data-e-type=\"column\">\n\t\t\t<div class=\"elementor-widget-wrap elementor-element-populated\">\n\t\t\t\t\t\t<div class=\"elementor-element elementor-element-9f6602f elementor-widget elementor-widget-spacer\" data-id=\"9f6602f\" data-element_type=\"widget\" data-e-type=\"widget\" data-widget_type=\"spacer.default\">\n\t\t\t\t<div class=\"elementor-widget-container\">\n\t\t\t\t\t\t\t<div class=\"elementor-spacer\">\n\t\t\t<div class=\"elementor-spacer-inner\"><\/div>\n\t\t<\/div>\n\t\t\t\t\t\t<\/div>\n\t\t\t\t<\/div>\n\t\t\t\t\t<\/div>\n\t\t<\/div>\n\t\t\t\t\t<\/div>\n\t\t<\/section>\n\t\t\t\t<section class=\"elementor-section elementor-top-section elementor-element elementor-element-4b2e05a elementor-section-boxed elementor-section-height-default elementor-section-height-default\" data-id=\"4b2e05a\" data-element_type=\"section\" data-e-type=\"section\">\n\t\t\t\t\t\t<div class=\"elementor-container elementor-column-gap-default\">\n\t\t\t\t\t<div class=\"elementor-column elementor-col-100 elementor-top-column elementor-element elementor-element-7908ff3\" data-id=\"7908ff3\" data-element_type=\"column\" data-e-type=\"column\">\n\t\t\t<div class=\"elementor-widget-wrap elementor-element-populated\">\n\t\t\t\t\t\t<div class=\"elementor-element elementor-element-8ddb206 elementor-widget elementor-widget-text-editor\" data-id=\"8ddb206\" data-element_type=\"widget\" data-e-type=\"widget\" data-widget_type=\"text-editor.default\">\n\t\t\t\t<div class=\"elementor-widget-container\">\n\t\t\t\t\t\t\t\t\t<h4><span style=\"color: #ffffff;\">Noutolaatikot helpossa paikassa ja autolla p\u00e4\u00e4see niin viereen, ett\u00e4 saa paketin otettua, melkein vaikka autosta nousematta.\u00a0<\/span><\/h4>\t\t\t\t\t\t\t\t<\/div>\n\t\t\t\t<\/div>\n\t\t\t\t\t<\/div>\n\t\t<\/div>\n\t\t\t\t\t<\/div>\n\t\t<\/section>\n\t\t\t\t<section class=\"elementor-section elementor-top-section elementor-element elementor-element-d7031a2 elementor-section-boxed elementor-section-height-default elementor-section-height-default\" data-id=\"d7031a2\" data-element_type=\"section\" data-e-type=\"section\">\n\t\t\t\t\t\t<div class=\"elementor-container elementor-column-gap-default\">\n\t\t\t\t\t<div class=\"elementor-column elementor-col-50 elementor-top-column elementor-element elementor-element-2224922\" data-id=\"2224922\" data-element_type=\"column\" data-e-type=\"column\">\n\t\t\t<div class=\"elementor-widget-wrap elementor-element-populated\">\n\t\t\t\t\t\t<div class=\"elementor-element elementor-element-8f4ff08 elementor-widget elementor-widget-image\" data-id=\"8f4ff08\" data-element_type=\"widget\" data-e-type=\"widget\" data-widget_type=\"image.default\">\n\t\t\t\t<div class=\"elementor-widget-container\">\n\t\t\t\t\t\t\t\t\t\t\t\t\t\t\t<img fetchpriority=\"high\" decoding=\"async\" width=\"1024\" height=\"768\" src=\"https:\/\/www.jimport.fi\/wp-content\/uploads\/2025\/01\/20241216_132641-1024x768.jpg\" class=\"attachment-large size-large wp-image-7611\" alt=\"\" srcset=\"https:\/\/www.jimport.fi\/wp-content\/uploads\/2025\/01\/20241216_132641-1024x768.jpg 1024w, https:\/\/www.jimport.fi\/wp-content\/uploads\/2025\/01\/20241216_132641-300x225.jpg 300w, https:\/\/www.jimport.fi\/wp-content\/uploads\/2025\/01\/20241216_132641-768x576.jpg 768w, https:\/\/www.jimport.fi\/wp-content\/uploads\/2025\/01\/20241216_132641-1536x1152.jpg 1536w, https:\/\/www.jimport.fi\/wp-content\/uploads\/2025\/01\/20241216_132641-2048x1536.jpg 2048w, https:\/\/www.jimport.fi\/wp-content\/uploads\/2025\/01\/20241216_132641-1320x990.jpg 1320w, https:\/\/www.jimport.fi\/wp-content\/uploads\/2025\/01\/20241216_132641-600x450.jpg 600w\" sizes=\"(max-width: 1024px) 100vw, 1024px\" \/>\t\t\t\t\t\t\t\t\t\t\t\t\t\t\t<\/div>\n\t\t\t\t<\/div>\n\t\t\t\t\t<\/div>\n\t\t<\/div>\n\t\t\t\t<div class=\"elementor-column elementor-col-50 elementor-top-column elementor-element elementor-element-fc51b21\" data-id=\"fc51b21\" data-element_type=\"column\" data-e-type=\"column\">\n\t\t\t<div class=\"elementor-widget-wrap elementor-element-populated\">\n\t\t\t\t\t\t<div class=\"elementor-element elementor-element-aa8980f elementor-widget elementor-widget-image\" data-id=\"aa8980f\" data-element_type=\"widget\" data-e-type=\"widget\" data-widget_type=\"image.default\">\n\t\t\t\t<div class=\"elementor-widget-container\">\n\t\t\t\t\t\t\t\t\t\t\t\t\t\t\t<img decoding=\"async\" width=\"1024\" height=\"768\" src=\"https:\/\/www.jimport.fi\/wp-content\/uploads\/2025\/01\/20241216_132613-1024x768.jpg\" class=\"attachment-large size-large wp-image-7610\" alt=\"\" srcset=\"https:\/\/www.jimport.fi\/wp-content\/uploads\/2025\/01\/20241216_132613-1024x768.jpg 1024w, https:\/\/www.jimport.fi\/wp-content\/uploads\/2025\/01\/20241216_132613-300x225.jpg 300w, https:\/\/www.jimport.fi\/wp-content\/uploads\/2025\/01\/20241216_132613-768x576.jpg 768w, https:\/\/www.jimport.fi\/wp-content\/uploads\/2025\/01\/20241216_132613-1536x1152.jpg 1536w, https:\/\/www.jimport.fi\/wp-content\/uploads\/2025\/01\/20241216_132613-2048x1536.jpg 2048w, https:\/\/www.jimport.fi\/wp-content\/uploads\/2025\/01\/20241216_132613-1320x990.jpg 1320w, https:\/\/www.jimport.fi\/wp-content\/uploads\/2025\/01\/20241216_132613-600x450.jpg 600w\" sizes=\"(max-width: 1024px) 100vw, 1024px\" \/>\t\t\t\t\t\t\t\t\t\t\t\t\t\t\t<\/div>\n\t\t\t\t<\/div>\n\t\t\t\t\t<\/div>\n\t\t<\/div>\n\t\t\t\t\t<\/div>\n\t\t<\/section>\n\t\t\t\t<\/div>\n\t\t","protected":false},"excerpt":{"rendered":"<p>Yhteydenotto NOUTO\/PALAUTUKSET : Suupohjantie 144 60320 Sein\u00e4jokiOsoitteesta l\u00f6ytyy noutolaatikot, joka on valittavissa toimitustavaksi. \u00a0 Toivomme, ett\u00e4 olet ensisijaisesti yhteydess\u00e4 viestikent\u00e4n kautta. (HUOM. emme pysty vastaamaan viestiin, jos et anna s\u00e4hk\u00f6postiosoitetta tai puhelinnumeroa) S\u00e4hk\u00f6postiosoite : info@jimport.fi Puhelinnumeroa ei ole nyt n\u00e4kyviss\u00e4, kaikenlaisten ulkomailta tulleiden h\u00e4iritsevien yhteydenottojen takia. Numeron saa kyll\u00e4 halutessaan. \u00a0 Please enable JavaScript in&hellip;&nbsp;<a href=\"https:\/\/www.jimport.fi\/index.php\/yhteystiedot\/\" rel=\"bookmark\">Lue lis\u00e4\u00e4 &raquo;<span class=\"screen-reader-text\">Yhteystiedot<\/span><\/a><\/p>\n","protected":false},"author":1,"featured_media":0,"parent":0,"menu_order":0,"comment_status":"closed","ping_status":"closed","template":"page-templates\/template-pagebuilder-full-width.php","meta":{"_monsterinsights_skip_tracking":false,"_monsterinsights_sitenote_active":false,"_monsterinsights_sitenote_note":"","_monsterinsights_sitenote_category":0,"neve_meta_sidebar":"full-width","neve_meta_container":"","neve_meta_enable_content_width":"on","neve_meta_content_width":100,"neve_meta_title_alignment":"","neve_meta_author_avatar":"","neve_post_elements_order":"","neve_meta_disable_header":"","neve_meta_disable_footer":"","neve_meta_disable_title":"on","_themeisle_gutenberg_block_has_review":false,"footnotes":""},"class_list":["post-221","page","type-page","status-publish","hentry"],"aioseo_notices":[],"_links":{"self":[{"href":"https:\/\/www.jimport.fi\/index.php\/wp-json\/wp\/v2\/pages\/221","targetHints":{"allow":["GET"]}}],"collection":[{"href":"https:\/\/www.jimport.fi\/index.php\/wp-json\/wp\/v2\/pages"}],"about":[{"href":"https:\/\/www.jimport.fi\/index.php\/wp-json\/wp\/v2\/types\/page"}],"author":[{"embeddable":true,"href":"https:\/\/www.jimport.fi\/index.php\/wp-json\/wp\/v2\/users\/1"}],"replies":[{"embeddable":true,"href":"https:\/\/www.jimport.fi\/index.php\/wp-json\/wp\/v2\/comments?post=221"}],"version-history":[{"count":49,"href":"https:\/\/www.jimport.fi\/index.php\/wp-json\/wp\/v2\/pages\/221\/revisions"}],"predecessor-version":[{"id":7614,"href":"https:\/\/www.jimport.fi\/index.php\/wp-json\/wp\/v2\/pages\/221\/revisions\/7614"}],"wp:attachment":[{"href":"https:\/\/www.jimport.fi\/index.php\/wp-json\/wp\/v2\/media?parent=221"}],"curies":[{"name":"wp","href":"https:\/\/api.w.org\/{rel}","templated":true}]}}