{"id":1087,"date":"2022-06-15T16:52:50","date_gmt":"2022-06-15T16:52:50","guid":{"rendered":"https:\/\/www.jimport.fi\/?post_type=product&#038;p=1087"},"modified":"2023-08-11T22:08:28","modified_gmt":"2023-08-11T19:08:28","slug":"maaliruisku-hvlp-600ml","status":"publish","type":"product","link":"https:\/\/www.jimport.fi\/index.php\/tuote\/maaliruisku-hvlp-600ml\/","title":{"rendered":"Hajotusilmaruisku HVLP 600ml"},"content":{"rendered":"<p>&nbsp;<\/p>\n<h4>Tekniset tiedot<\/h4>\n<ul>\n<li>Tyyppi: HVLP<\/li>\n<li>Sy\u00f6tt\u00f6tapa: painovoimainen<\/li>\n<li>Suutin: 1,4 mm<\/li>\n<li>S\u00e4ili\u00f6n tilavuus: 600 ml<\/li>\n<li>Suositus paine: 3,0 &#8211; 4,0 bar<\/li>\n<li>Ilmankulutus: 170 &#8211; 310 l\/min<\/li>\n<li>Ilmaliittimen koko: 1\/4&#8243;<\/li>\n<li>Sis\u00e4lt\u00e4\u00e4 monitoimity\u00f6kalun ruiskun purkamiseen ja harjan ruiskun puhdistusta varten.<\/li>\n<\/ul>\n","protected":false},"excerpt":{"rendered":"<p>Hajotusilmaruisku HVLP 1,4mm suuttimella ja 600ml yl\u00e4s\u00e4ili\u00f6ll\u00e4. Geko<\/p>\n","protected":false},"featured_media":1088,"template":"","meta":{"_monsterinsights_skip_tracking":false,"_monsterinsights_sitenote_active":false,"_monsterinsights_sitenote_note":"","_monsterinsights_sitenote_category":0,"neve_meta_sidebar":"","neve_meta_container":"","neve_meta_enable_content_width":"off","neve_meta_content_width":100,"neve_meta_title_alignment":"","neve_meta_author_avatar":"","neve_post_elements_order":"","neve_meta_disable_header":"","neve_meta_disable_footer":"","neve_meta_disable_title":"","_themeisle_gutenberg_block_has_review":false},"product_brand":[],"product_cat":[64,50],"product_tag":[],"class_list":{"0":"post-1087","1":"product","2":"type-product","3":"status-publish","4":"has-post-thumbnail","6":"product_cat-maalaus","7":"product_cat-paineilma","9":"first","10":"instock","11":"taxable","12":"shipping-taxable","13":"purchasable","14":"product-type-simple"},"supplier_id":null,"supplier_sku":"","barcode":null,"atum_controlled":true,"out_stock_date":null,"out_stock_threshold":null,"inheritable":false,"inbound_stock":0,"stock_on_hold":0,"sold_today":0,"sales_last_days":0,"reserved_stock":0,"customer_returns":0,"warehouse_damage":0,"lost_in_post":0,"other_logs":0,"out_stock_days":0,"lost_sales":0,"has_location":false,"update_date":"2026-05-12T00:56:55","atum_locations":[],"atum_stock_status":"instock","restock_status":false,"low_stock_amount":"","sales_update_date":"2026-05-12T00:56:55","calc_backorders":null,"aioseo_notices":[],"_links":{"self":[{"href":"https:\/\/www.jimport.fi\/index.php\/wp-json\/wp\/v2\/product\/1087","targetHints":{"allow":["GET"]}}],"collection":[{"href":"https:\/\/www.jimport.fi\/index.php\/wp-json\/wp\/v2\/product"}],"about":[{"href":"https:\/\/www.jimport.fi\/index.php\/wp-json\/wp\/v2\/types\/product"}],"version-history":[{"count":3,"href":"https:\/\/www.jimport.fi\/index.php\/wp-json\/wp\/v2\/product\/1087\/revisions"}],"predecessor-version":[{"id":4658,"href":"https:\/\/www.jimport.fi\/index.php\/wp-json\/wp\/v2\/product\/1087\/revisions\/4658"}],"wp:featuredmedia":[{"embeddable":true,"href":"https:\/\/www.jimport.fi\/index.php\/wp-json\/wp\/v2\/media\/1088"}],"wp:attachment":[{"href":"https:\/\/www.jimport.fi\/index.php\/wp-json\/wp\/v2\/media?parent=1087"}],"wp:term":[{"taxonomy":"product_brand","embeddable":true,"href":"https:\/\/www.jimport.fi\/index.php\/wp-json\/wp\/v2\/product_brand?post=1087"},{"taxonomy":"product_cat","embeddable":true,"href":"https:\/\/www.jimport.fi\/index.php\/wp-json\/wp\/v2\/product_cat?post=1087"},{"taxonomy":"product_tag","embeddable":true,"href":"https:\/\/www.jimport.fi\/index.php\/wp-json\/wp\/v2\/product_tag?post=1087"}],"curies":[{"name":"wp","href":"https:\/\/api.w.org\/{rel}","templated":true}]}}