{"id":1103,"date":"2022-06-15T17:23:54","date_gmt":"2022-06-15T17:23:54","guid":{"rendered":"https:\/\/www.jimport.fi\/?post_type=product&#038;p=1103"},"modified":"2023-04-26T07:26:07","modified_gmt":"2023-04-26T07:26:07","slug":"teline-maaliruiskulle","status":"publish","type":"product","link":"https:\/\/www.jimport.fi\/index.php\/tuote\/teline-maaliruiskulle\/","title":{"rendered":"Teline hajotusilmaruiskulle"},"content":{"rendered":"<p>Jokainen, joka on yl\u00e4s\u00e4ili\u00f6llist\u00e4 hajotusilmaruiskua k\u00e4ytt\u00e4nyt, on t\u00f6rm\u00e4nnyt ensimm\u00e4isen\u00e4 tilanteeseen, ett\u00e4 mihin sen ruiskun voi laskea k\u00e4dest\u00e4\u00e4n, kun on maalit s\u00e4ili\u00f6ss\u00e4. T\u00e4m\u00e4n ter\u00e4ksisen telineen voi kiinnitt\u00e4\u00e4 sein\u00e4\u00e4n tai p\u00f6yt\u00e4\u00e4n ja siin\u00e4 on irrotettava lis\u00e4osa suodatinta\/suppiloa varten.<\/p>\n","protected":false},"excerpt":{"rendered":"<p>Teline johon yl\u00e4s\u00e4ili\u00f6llisen hajotusilmaruiskun voi laittaa pystyasentoon. Geko<\/p>\n","protected":false},"featured_media":1104,"template":"","meta":{"_monsterinsights_skip_tracking":false,"_monsterinsights_sitenote_active":false,"_monsterinsights_sitenote_note":"","_monsterinsights_sitenote_category":0,"neve_meta_sidebar":"","neve_meta_container":"","neve_meta_enable_content_width":"off","neve_meta_content_width":100,"neve_meta_title_alignment":"","neve_meta_author_avatar":"","neve_post_elements_order":"","neve_meta_disable_header":"","neve_meta_disable_footer":"","neve_meta_disable_title":"","_themeisle_gutenberg_block_has_review":false},"product_brand":[],"product_cat":[64],"product_tag":[],"class_list":{"0":"post-1103","1":"product","2":"type-product","3":"status-publish","4":"has-post-thumbnail","6":"product_cat-maalaus","8":"first","9":"instock","10":"taxable","11":"shipping-taxable","12":"purchasable","13":"product-type-simple"},"supplier_id":null,"supplier_sku":"","barcode":null,"atum_controlled":true,"out_stock_date":null,"out_stock_threshold":null,"inheritable":false,"inbound_stock":0,"stock_on_hold":0,"sold_today":0,"sales_last_days":0,"reserved_stock":0,"customer_returns":0,"warehouse_damage":0,"lost_in_post":0,"other_logs":0,"out_stock_days":0,"lost_sales":0,"has_location":false,"update_date":"2026-05-02T00:38:04","atum_locations":[],"atum_stock_status":"instock","restock_status":false,"low_stock_amount":"","sales_update_date":"2026-05-02T00:38:04","calc_backorders":null,"aioseo_notices":[],"_links":{"self":[{"href":"https:\/\/www.jimport.fi\/index.php\/wp-json\/wp\/v2\/product\/1103","targetHints":{"allow":["GET"]}}],"collection":[{"href":"https:\/\/www.jimport.fi\/index.php\/wp-json\/wp\/v2\/product"}],"about":[{"href":"https:\/\/www.jimport.fi\/index.php\/wp-json\/wp\/v2\/types\/product"}],"version-history":[{"count":3,"href":"https:\/\/www.jimport.fi\/index.php\/wp-json\/wp\/v2\/product\/1103\/revisions"}],"predecessor-version":[{"id":4649,"href":"https:\/\/www.jimport.fi\/index.php\/wp-json\/wp\/v2\/product\/1103\/revisions\/4649"}],"wp:featuredmedia":[{"embeddable":true,"href":"https:\/\/www.jimport.fi\/index.php\/wp-json\/wp\/v2\/media\/1104"}],"wp:attachment":[{"href":"https:\/\/www.jimport.fi\/index.php\/wp-json\/wp\/v2\/media?parent=1103"}],"wp:term":[{"taxonomy":"product_brand","embeddable":true,"href":"https:\/\/www.jimport.fi\/index.php\/wp-json\/wp\/v2\/product_brand?post=1103"},{"taxonomy":"product_cat","embeddable":true,"href":"https:\/\/www.jimport.fi\/index.php\/wp-json\/wp\/v2\/product_cat?post=1103"},{"taxonomy":"product_tag","embeddable":true,"href":"https:\/\/www.jimport.fi\/index.php\/wp-json\/wp\/v2\/product_tag?post=1103"}],"curies":[{"name":"wp","href":"https:\/\/api.w.org\/{rel}","templated":true}]}}