{"id":1156,"date":"2022-06-16T10:38:30","date_gmt":"2022-06-16T10:38:30","guid":{"rendered":"https:\/\/www.jimport.fi\/?post_type=product&#038;p=1156"},"modified":"2023-04-25T13:33:49","modified_gmt":"2023-04-25T13:33:49","slug":"mattoveitsi-5lla-teralla","status":"publish","type":"product","link":"https:\/\/www.jimport.fi\/index.php\/tuote\/mattoveitsi-5lla-teralla\/","title":{"rendered":"Mattopuukko 5:ll\u00e4 ter\u00e4ll\u00e4"},"content":{"rendered":"<p>Harvinaisen k\u00e4teen sopiva mattopuukko, saa kunnon otteen ett\u00e4 pystyy painamaan ja vet\u00e4m\u00e4\u00e4n voimalla. Tavallista kookkaampi. Ainut miinuspiste siit\u00e4 ett\u00e4 vaihtoter\u00e4 luukkua avaa vahingossa, mutta kun vet\u00e4\u00e4 siit\u00e4 teipin ymp\u00e4ri nii hyv\u00e4 tuli<\/p>\n","protected":false},"excerpt":{"rendered":"<p>Ergonominen mattopuukko. Geko<\/p>\n","protected":false},"featured_media":1157,"template":"","meta":{"_monsterinsights_skip_tracking":false,"_monsterinsights_sitenote_active":false,"_monsterinsights_sitenote_note":"","_monsterinsights_sitenote_category":0,"neve_meta_sidebar":"","neve_meta_container":"","neve_meta_enable_content_width":"off","neve_meta_content_width":100,"neve_meta_title_alignment":"","neve_meta_author_avatar":"","neve_post_elements_order":"","neve_meta_disable_header":"","neve_meta_disable_footer":"","neve_meta_disable_title":"","_themeisle_gutenberg_block_has_review":false},"product_brand":[],"product_cat":[42],"product_tag":[],"class_list":{"0":"post-1156","1":"product","2":"type-product","3":"status-publish","4":"has-post-thumbnail","6":"product_cat-terat","8":"first","9":"instock","10":"taxable","11":"shipping-taxable","12":"purchasable","13":"product-type-simple"},"supplier_id":null,"supplier_sku":"","barcode":null,"atum_controlled":true,"out_stock_date":null,"out_stock_threshold":null,"inheritable":false,"inbound_stock":0,"stock_on_hold":0,"sold_today":0,"sales_last_days":0,"reserved_stock":0,"customer_returns":0,"warehouse_damage":0,"lost_in_post":0,"other_logs":0,"out_stock_days":0,"lost_sales":0,"has_location":false,"update_date":"2026-04-30T00:32:16","atum_locations":[],"atum_stock_status":"instock","restock_status":false,"low_stock_amount":"","sales_update_date":"2026-04-30T00:32:15","calc_backorders":null,"aioseo_notices":[],"_links":{"self":[{"href":"https:\/\/www.jimport.fi\/index.php\/wp-json\/wp\/v2\/product\/1156","targetHints":{"allow":["GET"]}}],"collection":[{"href":"https:\/\/www.jimport.fi\/index.php\/wp-json\/wp\/v2\/product"}],"about":[{"href":"https:\/\/www.jimport.fi\/index.php\/wp-json\/wp\/v2\/types\/product"}],"version-history":[{"count":3,"href":"https:\/\/www.jimport.fi\/index.php\/wp-json\/wp\/v2\/product\/1156\/revisions"}],"predecessor-version":[{"id":4564,"href":"https:\/\/www.jimport.fi\/index.php\/wp-json\/wp\/v2\/product\/1156\/revisions\/4564"}],"wp:featuredmedia":[{"embeddable":true,"href":"https:\/\/www.jimport.fi\/index.php\/wp-json\/wp\/v2\/media\/1157"}],"wp:attachment":[{"href":"https:\/\/www.jimport.fi\/index.php\/wp-json\/wp\/v2\/media?parent=1156"}],"wp:term":[{"taxonomy":"product_brand","embeddable":true,"href":"https:\/\/www.jimport.fi\/index.php\/wp-json\/wp\/v2\/product_brand?post=1156"},{"taxonomy":"product_cat","embeddable":true,"href":"https:\/\/www.jimport.fi\/index.php\/wp-json\/wp\/v2\/product_cat?post=1156"},{"taxonomy":"product_tag","embeddable":true,"href":"https:\/\/www.jimport.fi\/index.php\/wp-json\/wp\/v2\/product_tag?post=1156"}],"curies":[{"name":"wp","href":"https:\/\/api.w.org\/{rel}","templated":true}]}}