{"id":1230,"date":"2022-06-16T16:00:28","date_gmt":"2022-06-16T16:00:28","guid":{"rendered":"https:\/\/www.jimport.fi\/?post_type=product&#038;p=1230"},"modified":"2023-04-26T14:30:54","modified_gmt":"2023-04-26T14:30:54","slug":"niittimutterit-teras-150-kpl","status":"publish","type":"product","link":"https:\/\/www.jimport.fi\/index.php\/tuote\/niittimutterit-teras-150-kpl\/","title":{"rendered":"Niittimutteri-lajitelma ter\u00e4s 150 kpl"},"content":{"rendered":"<h4>Sis\u00e4lt\u00e4\u00e4:<\/h4>\n<ul>\n<li>40x\u00a0 M3x9 mm<\/li>\n<li>35x\u00a0 M4x11 mm<\/li>\n<li>25x\u00a0 M5x13 mm<\/li>\n<li>25x M6x15 mm<\/li>\n<li>15x\u00a0 M8x18 mm<\/li>\n<li>10x M10x21 mm<\/li>\n<\/ul>\n","protected":false},"excerpt":{"rendered":"<p>Ter\u00e4ksiset niittimutterit M3, M4, M5, M6, M8, M10<\/p>\n","protected":false},"featured_media":1231,"template":"","meta":{"_monsterinsights_skip_tracking":false,"_monsterinsights_sitenote_active":false,"_monsterinsights_sitenote_note":"","_monsterinsights_sitenote_category":0,"neve_meta_sidebar":"","neve_meta_container":"","neve_meta_enable_content_width":"off","neve_meta_content_width":100,"neve_meta_title_alignment":"","neve_meta_author_avatar":"","neve_post_elements_order":"","neve_meta_disable_header":"","neve_meta_disable_footer":"","neve_meta_disable_title":"","_themeisle_gutenberg_block_has_review":false},"product_brand":[],"product_cat":[57],"product_tag":[],"class_list":{"0":"post-1230","1":"product","2":"type-product","3":"status-publish","4":"has-post-thumbnail","6":"product_cat-lajitelmat","8":"first","9":"instock","10":"taxable","11":"shipping-taxable","12":"purchasable","13":"product-type-simple"},"supplier_id":null,"supplier_sku":"","barcode":null,"atum_controlled":true,"out_stock_date":null,"out_stock_threshold":null,"inheritable":false,"inbound_stock":0,"stock_on_hold":0,"sold_today":0,"sales_last_days":0,"reserved_stock":0,"customer_returns":0,"warehouse_damage":0,"lost_in_post":0,"other_logs":0,"out_stock_days":0,"lost_sales":0,"has_location":false,"update_date":"2026-04-27T00:28:59","atum_locations":[],"atum_stock_status":"instock","restock_status":false,"low_stock_amount":"","sales_update_date":"2026-04-27T00:28:59","calc_backorders":null,"aioseo_notices":[],"_links":{"self":[{"href":"https:\/\/www.jimport.fi\/index.php\/wp-json\/wp\/v2\/product\/1230","targetHints":{"allow":["GET"]}}],"collection":[{"href":"https:\/\/www.jimport.fi\/index.php\/wp-json\/wp\/v2\/product"}],"about":[{"href":"https:\/\/www.jimport.fi\/index.php\/wp-json\/wp\/v2\/types\/product"}],"version-history":[{"count":3,"href":"https:\/\/www.jimport.fi\/index.php\/wp-json\/wp\/v2\/product\/1230\/revisions"}],"predecessor-version":[{"id":4732,"href":"https:\/\/www.jimport.fi\/index.php\/wp-json\/wp\/v2\/product\/1230\/revisions\/4732"}],"wp:featuredmedia":[{"embeddable":true,"href":"https:\/\/www.jimport.fi\/index.php\/wp-json\/wp\/v2\/media\/1231"}],"wp:attachment":[{"href":"https:\/\/www.jimport.fi\/index.php\/wp-json\/wp\/v2\/media?parent=1230"}],"wp:term":[{"taxonomy":"product_brand","embeddable":true,"href":"https:\/\/www.jimport.fi\/index.php\/wp-json\/wp\/v2\/product_brand?post=1230"},{"taxonomy":"product_cat","embeddable":true,"href":"https:\/\/www.jimport.fi\/index.php\/wp-json\/wp\/v2\/product_cat?post=1230"},{"taxonomy":"product_tag","embeddable":true,"href":"https:\/\/www.jimport.fi\/index.php\/wp-json\/wp\/v2\/product_tag?post=1230"}],"curies":[{"name":"wp","href":"https:\/\/api.w.org\/{rel}","templated":true}]}}