{"id":1310,"date":"2022-06-19T11:25:22","date_gmt":"2022-06-19T11:25:22","guid":{"rendered":"https:\/\/www.jimport.fi\/?post_type=product&#038;p=1310"},"modified":"2025-07-10T18:25:08","modified_gmt":"2025-07-10T15:25:08","slug":"raitisilmasuodatin-zx-356","status":"publish","type":"product","link":"https:\/\/www.jimport.fi\/index.php\/tuote\/raitisilmasuodatin-zx-356\/","title":{"rendered":"Hitachi raitisilmasuodatin ZX 3,5,6"},"content":{"rendered":"<p>T\u00e4m\u00e4 suodatin l\u00f6ytyy ohjaamon kyljest\u00e4, avaimella avattavan luukun takaa pitk\u00e4per\u00e4isiss\u00e4 koneissa<\/p>\n","protected":false},"excerpt":{"rendered":"<p>Raitisilmasuodatin pitk\u00e4per\u00e4isiin 110-870 numeroisiin<\/p>\n","protected":false},"featured_media":1311,"template":"","meta":{"_monsterinsights_skip_tracking":false,"_monsterinsights_sitenote_active":false,"_monsterinsights_sitenote_note":"","_monsterinsights_sitenote_category":0,"neve_meta_sidebar":"","neve_meta_container":"","neve_meta_enable_content_width":"off","neve_meta_content_width":100,"neve_meta_title_alignment":"","neve_meta_author_avatar":"","neve_post_elements_order":"","neve_meta_disable_header":"","neve_meta_disable_footer":"","neve_meta_disable_title":"","_themeisle_gutenberg_block_has_review":false},"product_brand":[],"product_cat":[71],"product_tag":[],"class_list":{"0":"post-1310","1":"product","2":"type-product","3":"status-publish","4":"has-post-thumbnail","6":"product_cat-hitachi-suodattimia","8":"first","9":"outofstock","10":"taxable","11":"shipping-taxable","12":"purchasable","13":"product-type-simple"},"supplier_id":null,"supplier_sku":"","barcode":null,"atum_controlled":true,"out_stock_date":"2025-07-10 18:25:09","out_stock_threshold":null,"inheritable":false,"inbound_stock":0,"stock_on_hold":0,"sold_today":0,"sales_last_days":0,"reserved_stock":0,"customer_returns":0,"warehouse_damage":0,"lost_in_post":0,"other_logs":0,"out_stock_days":273,"lost_sales":2028,"has_location":false,"update_date":"2026-04-10T03:28:16","atum_locations":[],"atum_stock_status":"outofstock","restock_status":false,"low_stock_amount":"","sales_update_date":"2026-04-10T03:28:16","calc_backorders":null,"aioseo_notices":[],"_links":{"self":[{"href":"https:\/\/www.jimport.fi\/index.php\/wp-json\/wp\/v2\/product\/1310","targetHints":{"allow":["GET"]}}],"collection":[{"href":"https:\/\/www.jimport.fi\/index.php\/wp-json\/wp\/v2\/product"}],"about":[{"href":"https:\/\/www.jimport.fi\/index.php\/wp-json\/wp\/v2\/types\/product"}],"version-history":[{"count":2,"href":"https:\/\/www.jimport.fi\/index.php\/wp-json\/wp\/v2\/product\/1310\/revisions"}],"predecessor-version":[{"id":3506,"href":"https:\/\/www.jimport.fi\/index.php\/wp-json\/wp\/v2\/product\/1310\/revisions\/3506"}],"wp:featuredmedia":[{"embeddable":true,"href":"https:\/\/www.jimport.fi\/index.php\/wp-json\/wp\/v2\/media\/1311"}],"wp:attachment":[{"href":"https:\/\/www.jimport.fi\/index.php\/wp-json\/wp\/v2\/media?parent=1310"}],"wp:term":[{"taxonomy":"product_brand","embeddable":true,"href":"https:\/\/www.jimport.fi\/index.php\/wp-json\/wp\/v2\/product_brand?post=1310"},{"taxonomy":"product_cat","embeddable":true,"href":"https:\/\/www.jimport.fi\/index.php\/wp-json\/wp\/v2\/product_cat?post=1310"},{"taxonomy":"product_tag","embeddable":true,"href":"https:\/\/www.jimport.fi\/index.php\/wp-json\/wp\/v2\/product_tag?post=1310"}],"curies":[{"name":"wp","href":"https:\/\/api.w.org\/{rel}","templated":true}]}}