{"id":1369,"date":"2022-06-20T09:25:13","date_gmt":"2022-06-20T09:25:13","guid":{"rendered":"https:\/\/www.jimport.fi\/?post_type=product&#038;p=1369"},"modified":"2023-04-26T14:27:42","modified_gmt":"2023-04-26T14:27:42","slug":"o-rengas-lajitelma-419os","status":"publish","type":"product","link":"https:\/\/www.jimport.fi\/index.php\/tuote\/o-rengas-lajitelma-419os\/","title":{"rendered":"O-rengas lajitelma 419os"},"content":{"rendered":"<p>Pelastus moneen tilanteeseen. Ja alan liikkeest\u00e4 jos hakee, niin o-renkaan hinta v\u00e4hint\u00e4\u00e4n 1e\/kpl<\/p>\n<p>Koot ja m\u00e4\u00e4r\u00e4t:<\/p>\n<p>20 pcs 3mm x 1.5mm<br \/>\n20 pcs 4.4mm x 2mm<br \/>\n18 pcs 5mm x 2mm<br \/>\n23 pcs 7mm x 1.5mm<br \/>\n23 pcs 10mm x 1.5mm<br \/>\n23 pcs 13mm x 1.5mm<br \/>\n14 pcs 10mm x 2.5mm<br \/>\n13 pcs 11mm x 2.5mm<br \/>\n14 pcs 13mm x 2.5mm<br \/>\n13 pcs 14mm x 2.5mm<br \/>\n14 pcs 16mm x 2.5mm<br \/>\n14 pcs 18mm x 2.5mm<br \/>\n13 pcs 19mm x 2.5mm<br \/>\n14 pcs 21mm x 2.5mm<br \/>\n13 pcs 22mm x 2.5mm<br \/>\n10 pcs 18mm x 3.5mm<br \/>\n10 pcs 20mm x 3.5mm<br \/>\n10 pcs 22mm x 3.5mm<br \/>\n10 pcs 23.5mm x 3.5mm<br \/>\n10 pcs 25mm x 3.5mm<br \/>\n10 pcs 26.5mm x 3.5mm<br \/>\n10 pcs 28mm x 3.5mm<br \/>\n10 pcs 30mm x 3.5mm<br \/>\n10 pcs 31mm x 3.5mm<br \/>\n10 pcs 33mm x 3.5mm<br \/>\n10 pcs 34.5mm x 3.5mm<br \/>\n10 pcs 36mm x 3.5mm<br \/>\n10 pcs 38mm x 3.5mm<br \/>\n10 pcs 41mm x 3.5mm<br \/>\n10 pcs 44mm x 3.5mm<br \/>\n10 pcs 47mm x 3.5mm<br \/>\n10 pcs 50mm x 3.5mm<\/p>\n","protected":false},"excerpt":{"rendered":"<p>Kest\u00e4\u00e4 happoja, polttoainetta ja \u00f6ljyj\u00e4. Milli koot. Geko<\/p>\n","protected":false},"featured_media":1370,"template":"","meta":{"_monsterinsights_skip_tracking":false,"_monsterinsights_sitenote_active":false,"_monsterinsights_sitenote_note":"","_monsterinsights_sitenote_category":0,"neve_meta_sidebar":"","neve_meta_container":"","neve_meta_enable_content_width":"off","neve_meta_content_width":100,"neve_meta_title_alignment":"","neve_meta_author_avatar":"","neve_post_elements_order":"","neve_meta_disable_header":"","neve_meta_disable_footer":"","neve_meta_disable_title":"","_themeisle_gutenberg_block_has_review":false},"product_brand":[],"product_cat":[57],"product_tag":[],"class_list":{"0":"post-1369","1":"product","2":"type-product","3":"status-publish","4":"has-post-thumbnail","6":"product_cat-lajitelmat","8":"first","9":"instock","10":"taxable","11":"shipping-taxable","12":"purchasable","13":"product-type-simple"},"supplier_id":null,"supplier_sku":"","barcode":null,"atum_controlled":true,"out_stock_date":null,"out_stock_threshold":null,"inheritable":false,"inbound_stock":0,"stock_on_hold":0,"sold_today":0,"sales_last_days":0,"reserved_stock":0,"customer_returns":0,"warehouse_damage":0,"lost_in_post":0,"other_logs":0,"out_stock_days":0,"lost_sales":0,"has_location":false,"update_date":"2026-05-01T00:37:07","atum_locations":[],"atum_stock_status":"instock","restock_status":false,"low_stock_amount":"","sales_update_date":"2026-05-01T00:37:07","calc_backorders":null,"aioseo_notices":[],"_links":{"self":[{"href":"https:\/\/www.jimport.fi\/index.php\/wp-json\/wp\/v2\/product\/1369","targetHints":{"allow":["GET"]}}],"collection":[{"href":"https:\/\/www.jimport.fi\/index.php\/wp-json\/wp\/v2\/product"}],"about":[{"href":"https:\/\/www.jimport.fi\/index.php\/wp-json\/wp\/v2\/types\/product"}],"version-history":[{"count":4,"href":"https:\/\/www.jimport.fi\/index.php\/wp-json\/wp\/v2\/product\/1369\/revisions"}],"predecessor-version":[{"id":4730,"href":"https:\/\/www.jimport.fi\/index.php\/wp-json\/wp\/v2\/product\/1369\/revisions\/4730"}],"wp:featuredmedia":[{"embeddable":true,"href":"https:\/\/www.jimport.fi\/index.php\/wp-json\/wp\/v2\/media\/1370"}],"wp:attachment":[{"href":"https:\/\/www.jimport.fi\/index.php\/wp-json\/wp\/v2\/media?parent=1369"}],"wp:term":[{"taxonomy":"product_brand","embeddable":true,"href":"https:\/\/www.jimport.fi\/index.php\/wp-json\/wp\/v2\/product_brand?post=1369"},{"taxonomy":"product_cat","embeddable":true,"href":"https:\/\/www.jimport.fi\/index.php\/wp-json\/wp\/v2\/product_cat?post=1369"},{"taxonomy":"product_tag","embeddable":true,"href":"https:\/\/www.jimport.fi\/index.php\/wp-json\/wp\/v2\/product_tag?post=1369"}],"curies":[{"name":"wp","href":"https:\/\/api.w.org\/{rel}","templated":true}]}}