{"id":1383,"date":"2022-06-20T10:25:22","date_gmt":"2022-06-20T10:25:22","guid":{"rendered":"https:\/\/www.jimport.fi\/?post_type=product&#038;p=1383"},"modified":"2023-04-26T11:44:52","modified_gmt":"2023-04-26T11:44:52","slug":"paineilmapumppu-reikamantasylinterille","status":"publish","type":"product","link":"https:\/\/www.jimport.fi\/index.php\/tuote\/paineilmapumppu-reikamantasylinterille\/","title":{"rendered":"Paineilma-pumppu reik\u00e4m\u00e4nt\u00e4-sylinterille"},"content":{"rendered":"<p>Aktiivisempaan reik\u00e4m\u00e4nt\u00e4 hommaan ehdoton kapistus, vapauttaa k\u00e4det asettamaan sylinterin, kierretangon ja sovitteet, eik\u00e4 tule niin hiki. \u00d6ljyt valmiina. T\u00e4ysin alumiininen rakenne.<\/p>\n","protected":false},"excerpt":{"rendered":"<p>Jalalla hallittava paineilmatoiminen hydraulipumppu reik\u00e4m\u00e4nt\u00e4sylintereille<\/p>\n","protected":false},"featured_media":1462,"template":"","meta":{"_monsterinsights_skip_tracking":false,"_monsterinsights_sitenote_active":false,"_monsterinsights_sitenote_note":"","_monsterinsights_sitenote_category":0,"neve_meta_sidebar":"","neve_meta_container":"","neve_meta_enable_content_width":"off","neve_meta_content_width":100,"neve_meta_title_alignment":"","neve_meta_author_avatar":"","neve_post_elements_order":"","neve_meta_disable_header":"","neve_meta_disable_footer":"","neve_meta_disable_title":"","_themeisle_gutenberg_block_has_review":false},"product_brand":[],"product_cat":[75],"product_tag":[],"class_list":{"0":"post-1383","1":"product","2":"type-product","3":"status-publish","4":"has-post-thumbnail","6":"product_cat-puslien-vaihtoon","8":"first","9":"outofstock","10":"taxable","11":"shipping-taxable","12":"purchasable","13":"product-type-simple"},"supplier_id":null,"supplier_sku":"","barcode":null,"atum_controlled":true,"out_stock_date":null,"out_stock_threshold":null,"inheritable":false,"inbound_stock":0,"stock_on_hold":0,"sold_today":0,"sales_last_days":0,"reserved_stock":0,"customer_returns":0,"warehouse_damage":0,"lost_in_post":0,"other_logs":0,"out_stock_days":0,"lost_sales":0,"has_location":false,"update_date":"2026-04-16T00:01:11","atum_locations":[],"atum_stock_status":"outofstock","restock_status":false,"low_stock_amount":"","sales_update_date":"2026-04-16T00:01:11","calc_backorders":null,"aioseo_notices":[],"_links":{"self":[{"href":"https:\/\/www.jimport.fi\/index.php\/wp-json\/wp\/v2\/product\/1383","targetHints":{"allow":["GET"]}}],"collection":[{"href":"https:\/\/www.jimport.fi\/index.php\/wp-json\/wp\/v2\/product"}],"about":[{"href":"https:\/\/www.jimport.fi\/index.php\/wp-json\/wp\/v2\/types\/product"}],"version-history":[{"count":5,"href":"https:\/\/www.jimport.fi\/index.php\/wp-json\/wp\/v2\/product\/1383\/revisions"}],"predecessor-version":[{"id":4694,"href":"https:\/\/www.jimport.fi\/index.php\/wp-json\/wp\/v2\/product\/1383\/revisions\/4694"}],"wp:featuredmedia":[{"embeddable":true,"href":"https:\/\/www.jimport.fi\/index.php\/wp-json\/wp\/v2\/media\/1462"}],"wp:attachment":[{"href":"https:\/\/www.jimport.fi\/index.php\/wp-json\/wp\/v2\/media?parent=1383"}],"wp:term":[{"taxonomy":"product_brand","embeddable":true,"href":"https:\/\/www.jimport.fi\/index.php\/wp-json\/wp\/v2\/product_brand?post=1383"},{"taxonomy":"product_cat","embeddable":true,"href":"https:\/\/www.jimport.fi\/index.php\/wp-json\/wp\/v2\/product_cat?post=1383"},{"taxonomy":"product_tag","embeddable":true,"href":"https:\/\/www.jimport.fi\/index.php\/wp-json\/wp\/v2\/product_tag?post=1383"}],"curies":[{"name":"wp","href":"https:\/\/api.w.org\/{rel}","templated":true}]}}