{"id":1390,"date":"2022-06-20T10:44:44","date_gmt":"2022-06-20T10:44:44","guid":{"rendered":"https:\/\/www.jimport.fi\/?post_type=product&#038;p=1390"},"modified":"2025-02-26T21:56:23","modified_gmt":"2025-02-26T18:56:23","slug":"pop-niitti-pistooli-24-48mm","status":"publish","type":"product","link":"https:\/\/www.jimport.fi\/index.php\/tuote\/pop-niitti-pistooli-24-48mm\/","title":{"rendered":"POP-niitti pistooli 2,4-4,8mm"},"content":{"rendered":"<h2>Tuotekuvaus<\/h2>\n<p>Laadukas pneumaattinen vetoniittipistooli, joka on suunniteltu k\u00e4ytett\u00e4v\u00e4ksi vetoniittien kanssa, joiden halkaisija on 2,4 mm &#8211; 4,8 mm. Sen avulla voit tehd\u00e4 kest\u00e4vi\u00e4 liit\u00e4nt\u00f6j\u00e4 alumiinista, ruostumattomasta ter\u00e4ksest\u00e4, ter\u00e4ksest\u00e4 ja kuparista valmistetuilla niiteill\u00e4.<\/p>\n<h3>Tuotteen ominaisuudet<\/h3>\n<ul>\n<li>Voi k\u00e4ytt\u00e4\u00e4 vetoniittej\u00e4, joiden halkaisija on 2,4 &#8211; 4,8 mm ja jotka on valmistettu alumiinista, ruostumattomasta ter\u00e4ksest\u00e4, ter\u00e4ksest\u00e4 ja kuparista<\/li>\n<li>Mukana muovipullo poistettujen nastojen ker\u00e4\u00e4miseksi<\/li>\n<li>Pulverimaalattu niittikotelo<\/li>\n<\/ul>\n<h4>Tekniset tiedot<\/h4>\n<ul>\n<li>Ilman sis\u00e4\u00e4ntulo: 1\/4&#8243;<\/li>\n<li>Yhteensopiva niitin halkaisija: 2,4, 3,2, 4,0, 4,8 mm<\/li>\n<li>Ilmaletkun sis\u00e4halkaisija: 3\/8&#8243;<\/li>\n<li>Iskun pituus: 14mm<\/li>\n<li>Murtovoima: 1050 N<\/li>\n<li>K\u00e4ytt\u00f6paine: 90psi (6.3bar)<\/li>\n<li>Ilman kulutus: 0,86 l\/min<\/li>\n<li>\u00c4\u00e4nen taso: 73 dB<\/li>\n<li>T\u00e4rin\u00e4: 0,6 m\/s<\/li>\n<\/ul>\n","protected":false},"excerpt":{"rendered":"<p>Paineilmak\u00e4ytt\u00f6inen POP-niitti pistooli &#8221;urakkahommiin&#8221;<\/p>\n","protected":false},"featured_media":1391,"template":"","meta":{"_monsterinsights_skip_tracking":false,"_monsterinsights_sitenote_active":false,"_monsterinsights_sitenote_note":"","_monsterinsights_sitenote_category":0,"neve_meta_sidebar":"","neve_meta_container":"","neve_meta_enable_content_width":"off","neve_meta_content_width":100,"neve_meta_title_alignment":"","neve_meta_author_avatar":"","neve_post_elements_order":"","neve_meta_disable_header":"","neve_meta_disable_footer":"","neve_meta_disable_title":"","_themeisle_gutenberg_block_has_review":false},"product_brand":[],"product_cat":[50],"product_tag":[],"class_list":{"0":"post-1390","1":"product","2":"type-product","3":"status-publish","4":"has-post-thumbnail","6":"product_cat-paineilma","8":"first","9":"outofstock","10":"taxable","11":"shipping-taxable","12":"purchasable","13":"product-type-simple"},"supplier_id":null,"supplier_sku":"","barcode":null,"atum_controlled":true,"out_stock_date":"2025-02-26 21:56:23","out_stock_threshold":null,"inheritable":false,"inbound_stock":0,"stock_on_hold":0,"sold_today":0,"sales_last_days":0,"reserved_stock":0,"customer_returns":0,"warehouse_damage":0,"lost_in_post":0,"other_logs":0,"out_stock_days":440,"lost_sales":3708,"has_location":false,"update_date":"2026-05-13T00:59:49","atum_locations":[],"atum_stock_status":"outofstock","restock_status":false,"low_stock_amount":"","sales_update_date":"2026-05-13T00:59:49","calc_backorders":null,"aioseo_notices":[],"_links":{"self":[{"href":"https:\/\/www.jimport.fi\/index.php\/wp-json\/wp\/v2\/product\/1390","targetHints":{"allow":["GET"]}}],"collection":[{"href":"https:\/\/www.jimport.fi\/index.php\/wp-json\/wp\/v2\/product"}],"about":[{"href":"https:\/\/www.jimport.fi\/index.php\/wp-json\/wp\/v2\/types\/product"}],"version-history":[{"count":3,"href":"https:\/\/www.jimport.fi\/index.php\/wp-json\/wp\/v2\/product\/1390\/revisions"}],"predecessor-version":[{"id":4881,"href":"https:\/\/www.jimport.fi\/index.php\/wp-json\/wp\/v2\/product\/1390\/revisions\/4881"}],"wp:featuredmedia":[{"embeddable":true,"href":"https:\/\/www.jimport.fi\/index.php\/wp-json\/wp\/v2\/media\/1391"}],"wp:attachment":[{"href":"https:\/\/www.jimport.fi\/index.php\/wp-json\/wp\/v2\/media?parent=1390"}],"wp:term":[{"taxonomy":"product_brand","embeddable":true,"href":"https:\/\/www.jimport.fi\/index.php\/wp-json\/wp\/v2\/product_brand?post=1390"},{"taxonomy":"product_cat","embeddable":true,"href":"https:\/\/www.jimport.fi\/index.php\/wp-json\/wp\/v2\/product_cat?post=1390"},{"taxonomy":"product_tag","embeddable":true,"href":"https:\/\/www.jimport.fi\/index.php\/wp-json\/wp\/v2\/product_tag?post=1390"}],"curies":[{"name":"wp","href":"https:\/\/api.w.org\/{rel}","templated":true}]}}