{"id":1420,"date":"2022-06-20T15:22:38","date_gmt":"2022-06-20T15:22:38","guid":{"rendered":"https:\/\/www.jimport.fi\/?post_type=product&#038;p=1420"},"modified":"2023-04-28T05:28:44","modified_gmt":"2023-04-28T05:28:44","slug":"paineruisku-8l","status":"publish","type":"product","link":"https:\/\/www.jimport.fi\/index.php\/tuote\/paineruisku-8l\/","title":{"rendered":"Paineruisku 8L"},"content":{"rendered":"<h2>Tuotekuvaus<\/h2>\n<p>Paineruisku<\/p>\n<p>Tilavuus 8 l<br \/>\nPaino n. 2 kg<br \/>\nMitta-asteikko<br \/>\nVahvistettu m\u00e4nt\u00e4<br \/>\nKantovy\u00f6 s\u00e4\u00e4d\u00f6ll\u00e4<br \/>\nVaroventtiili<\/p>\n","protected":false},"excerpt":{"rendered":"<p>Esim. pesuaineiden ruiskuttamiseen. Mukana varatiivisteet joka kohtaan<\/p>\n","protected":false},"featured_media":1421,"template":"","meta":{"_monsterinsights_skip_tracking":false,"_monsterinsights_sitenote_active":false,"_monsterinsights_sitenote_note":"","_monsterinsights_sitenote_category":0,"neve_meta_sidebar":"","neve_meta_container":"","neve_meta_enable_content_width":"off","neve_meta_content_width":100,"neve_meta_title_alignment":"","neve_meta_author_avatar":"","neve_post_elements_order":"","neve_meta_disable_header":"","neve_meta_disable_footer":"","neve_meta_disable_title":"","_themeisle_gutenberg_block_has_review":false},"product_brand":[],"product_cat":[59],"product_tag":[],"class_list":{"0":"post-1420","1":"product","2":"type-product","3":"status-publish","4":"has-post-thumbnail","6":"product_cat-puunaus","8":"first","9":"instock","10":"taxable","11":"shipping-taxable","12":"purchasable","13":"product-type-simple"},"supplier_id":null,"supplier_sku":"","barcode":null,"atum_controlled":true,"out_stock_date":null,"out_stock_threshold":null,"inheritable":false,"inbound_stock":0,"stock_on_hold":0,"sold_today":0,"sales_last_days":0,"reserved_stock":0,"customer_returns":0,"warehouse_damage":0,"lost_in_post":0,"other_logs":0,"out_stock_days":0,"lost_sales":0,"has_location":false,"update_date":"2026-04-21T00:15:14","atum_locations":[],"atum_stock_status":"instock","restock_status":false,"low_stock_amount":"","sales_update_date":"2026-04-21T00:15:14","calc_backorders":null,"aioseo_notices":[],"_links":{"self":[{"href":"https:\/\/www.jimport.fi\/index.php\/wp-json\/wp\/v2\/product\/1420","targetHints":{"allow":["GET"]}}],"collection":[{"href":"https:\/\/www.jimport.fi\/index.php\/wp-json\/wp\/v2\/product"}],"about":[{"href":"https:\/\/www.jimport.fi\/index.php\/wp-json\/wp\/v2\/types\/product"}],"version-history":[{"count":3,"href":"https:\/\/www.jimport.fi\/index.php\/wp-json\/wp\/v2\/product\/1420\/revisions"}],"predecessor-version":[{"id":4945,"href":"https:\/\/www.jimport.fi\/index.php\/wp-json\/wp\/v2\/product\/1420\/revisions\/4945"}],"wp:featuredmedia":[{"embeddable":true,"href":"https:\/\/www.jimport.fi\/index.php\/wp-json\/wp\/v2\/media\/1421"}],"wp:attachment":[{"href":"https:\/\/www.jimport.fi\/index.php\/wp-json\/wp\/v2\/media?parent=1420"}],"wp:term":[{"taxonomy":"product_brand","embeddable":true,"href":"https:\/\/www.jimport.fi\/index.php\/wp-json\/wp\/v2\/product_brand?post=1420"},{"taxonomy":"product_cat","embeddable":true,"href":"https:\/\/www.jimport.fi\/index.php\/wp-json\/wp\/v2\/product_cat?post=1420"},{"taxonomy":"product_tag","embeddable":true,"href":"https:\/\/www.jimport.fi\/index.php\/wp-json\/wp\/v2\/product_tag?post=1420"}],"curies":[{"name":"wp","href":"https:\/\/api.w.org\/{rel}","templated":true}]}}