{"id":1451,"date":"2022-06-20T16:45:33","date_gmt":"2022-06-20T16:45:33","guid":{"rendered":"https:\/\/www.jimport.fi\/?post_type=product&#038;p=1451"},"modified":"2025-01-17T01:15:47","modified_gmt":"2025-01-16T22:15:47","slug":"perakarrynvalotesteri-adapterit","status":"publish","type":"product","link":"https:\/\/www.jimport.fi\/index.php\/tuote\/perakarrynvalotesteri-adapterit\/","title":{"rendered":"Per\u00e4k\u00e4rryn valotesteri +adapterit"},"content":{"rendered":"<p>Testeri sek\u00e4 auton ett\u00e4 vaunun pistokkeen testaamiseen. Mukana adapteri 13-napaisen pistokkeen testaamiseen. Vaunun testaamiseen tarvitaan 9 V paristo (ei sis\u00e4lly pakkaukseen).<br \/>\n\u2022 Testaa takavalot<br \/>\n\u2022 Testaa vilkut<br \/>\n\u2022 Testaa johdinten toimivuus<\/p>\n","protected":false},"excerpt":{"rendered":"<p>Per\u00e4k\u00e4rryn ja auton s\u00e4hk\u00f6jen testaukseen per\u00e4k\u00e4rryn pistokkeesta<\/p>\n","protected":false},"featured_media":1452,"template":"","meta":{"_monsterinsights_skip_tracking":false,"_monsterinsights_sitenote_active":false,"_monsterinsights_sitenote_note":"","_monsterinsights_sitenote_category":0,"neve_meta_sidebar":"","neve_meta_container":"","neve_meta_enable_content_width":"off","neve_meta_content_width":100,"neve_meta_title_alignment":"","neve_meta_author_avatar":"","neve_post_elements_order":"","neve_meta_disable_header":"","neve_meta_disable_footer":"","neve_meta_disable_title":"","_themeisle_gutenberg_block_has_review":false},"product_brand":[],"product_cat":[51,77],"product_tag":[],"class_list":{"0":"post-1451","1":"product","2":"type-product","3":"status-publish","4":"has-post-thumbnail","6":"product_cat-sahkotyokalut","7":"product_cat-vianselvitys","9":"first","10":"instock","11":"taxable","12":"shipping-taxable","13":"purchasable","14":"product-type-simple"},"supplier_id":null,"supplier_sku":"","barcode":null,"atum_controlled":true,"out_stock_date":null,"out_stock_threshold":null,"inheritable":false,"inbound_stock":0,"stock_on_hold":0,"sold_today":0,"sales_last_days":0,"reserved_stock":0,"customer_returns":0,"warehouse_damage":0,"lost_in_post":0,"other_logs":0,"out_stock_days":0,"lost_sales":0,"has_location":false,"update_date":"2026-04-17T00:01:46","atum_locations":[],"atum_stock_status":"instock","restock_status":false,"low_stock_amount":"","sales_update_date":"2026-04-17T00:01:46","calc_backorders":null,"aioseo_notices":[],"_links":{"self":[{"href":"https:\/\/www.jimport.fi\/index.php\/wp-json\/wp\/v2\/product\/1451","targetHints":{"allow":["GET"]}}],"collection":[{"href":"https:\/\/www.jimport.fi\/index.php\/wp-json\/wp\/v2\/product"}],"about":[{"href":"https:\/\/www.jimport.fi\/index.php\/wp-json\/wp\/v2\/types\/product"}],"version-history":[{"count":3,"href":"https:\/\/www.jimport.fi\/index.php\/wp-json\/wp\/v2\/product\/1451\/revisions"}],"predecessor-version":[{"id":4978,"href":"https:\/\/www.jimport.fi\/index.php\/wp-json\/wp\/v2\/product\/1451\/revisions\/4978"}],"wp:featuredmedia":[{"embeddable":true,"href":"https:\/\/www.jimport.fi\/index.php\/wp-json\/wp\/v2\/media\/1452"}],"wp:attachment":[{"href":"https:\/\/www.jimport.fi\/index.php\/wp-json\/wp\/v2\/media?parent=1451"}],"wp:term":[{"taxonomy":"product_brand","embeddable":true,"href":"https:\/\/www.jimport.fi\/index.php\/wp-json\/wp\/v2\/product_brand?post=1451"},{"taxonomy":"product_cat","embeddable":true,"href":"https:\/\/www.jimport.fi\/index.php\/wp-json\/wp\/v2\/product_cat?post=1451"},{"taxonomy":"product_tag","embeddable":true,"href":"https:\/\/www.jimport.fi\/index.php\/wp-json\/wp\/v2\/product_tag?post=1451"}],"curies":[{"name":"wp","href":"https:\/\/api.w.org\/{rel}","templated":true}]}}