{"id":1467,"date":"2022-06-20T17:08:12","date_gmt":"2022-06-20T17:08:12","guid":{"rendered":"https:\/\/www.jimport.fi\/?post_type=product&#038;p=1467"},"modified":"2023-04-28T09:54:46","modified_gmt":"2023-04-28T09:54:46","slug":"polvisuojat","status":"publish","type":"product","link":"https:\/\/www.jimport.fi\/index.php\/tuote\/polvisuojat\/","title":{"rendered":"Polvisuojat"},"content":{"rendered":"<h2>Tuotekuvaus<\/h2>\n<p>Geeliset polvisuojat, jotka on suunniteltu t\u00e4ydelliseen mukavuuteen ja polvien suojaamiseen. Kova ulkokuori suojaa ter\u00e4vilt\u00e4 esineilt\u00e4 ja ep\u00e4tasaisilta pinnoilta. Sis\u00e4inen silikonigeelityyny toimii nivelten iskunvaimentimena. Kaksi joustavaa hihnaa mahdollistavat s\u00e4\u00e4d\u00f6n ja joustavuuden.<\/p>\n<h3>Tuotteen ominaisuudet<\/h3>\n<ul>\n<li>PU-vaahtomuovikeskus muovautuu muotoon<\/li>\n<li>Kulutusta kest\u00e4v\u00e4 kova ulkokuori<\/li>\n<li>Silikonigeelisis\u00e4ke suojaa niveli\u00e4 ja takaa erinomaisen k\u00e4ytt\u00f6mukavuuden<\/li>\n<li>S\u00e4\u00e4dett\u00e4v\u00e4t hihnat pehmusteiden takana<\/li>\n<li>Laadukas polyesterin ja PVC:n sekoitus<\/li>\n<li>Standardin EN 14404:2004+A1:2010 mukaisesti<\/li>\n<\/ul>\n","protected":false},"excerpt":{"rendered":"<p>Geelit\u00e4ytteiset polvisuojat<\/p>\n","protected":false},"featured_media":1468,"template":"","meta":{"_monsterinsights_skip_tracking":false,"_monsterinsights_sitenote_active":false,"_monsterinsights_sitenote_note":"","_monsterinsights_sitenote_category":0,"neve_meta_sidebar":"","neve_meta_container":"","neve_meta_enable_content_width":"off","neve_meta_content_width":100,"neve_meta_title_alignment":"","neve_meta_author_avatar":"","neve_post_elements_order":"","neve_meta_disable_header":"","neve_meta_disable_footer":"","neve_meta_disable_title":"","_themeisle_gutenberg_block_has_review":false},"product_brand":[],"product_cat":[99],"product_tag":[],"class_list":{"0":"post-1467","1":"product","2":"type-product","3":"status-publish","4":"has-post-thumbnail","6":"product_cat-muut-suojat","8":"first","9":"instock","10":"taxable","11":"shipping-taxable","12":"purchasable","13":"product-type-simple"},"supplier_id":null,"supplier_sku":"","barcode":null,"atum_controlled":true,"out_stock_date":null,"out_stock_threshold":null,"inheritable":false,"inbound_stock":0,"stock_on_hold":0,"sold_today":0,"sales_last_days":0,"reserved_stock":0,"customer_returns":0,"warehouse_damage":0,"lost_in_post":0,"other_logs":0,"out_stock_days":0,"lost_sales":0,"has_location":false,"update_date":"2026-05-13T00:59:48","atum_locations":[],"atum_stock_status":"instock","restock_status":false,"low_stock_amount":"","sales_update_date":"2026-05-13T00:59:48","calc_backorders":null,"aioseo_notices":[],"_links":{"self":[{"href":"https:\/\/www.jimport.fi\/index.php\/wp-json\/wp\/v2\/product\/1467","targetHints":{"allow":["GET"]}}],"collection":[{"href":"https:\/\/www.jimport.fi\/index.php\/wp-json\/wp\/v2\/product"}],"about":[{"href":"https:\/\/www.jimport.fi\/index.php\/wp-json\/wp\/v2\/types\/product"}],"version-history":[{"count":4,"href":"https:\/\/www.jimport.fi\/index.php\/wp-json\/wp\/v2\/product\/1467\/revisions"}],"predecessor-version":[{"id":5062,"href":"https:\/\/www.jimport.fi\/index.php\/wp-json\/wp\/v2\/product\/1467\/revisions\/5062"}],"wp:featuredmedia":[{"embeddable":true,"href":"https:\/\/www.jimport.fi\/index.php\/wp-json\/wp\/v2\/media\/1468"}],"wp:attachment":[{"href":"https:\/\/www.jimport.fi\/index.php\/wp-json\/wp\/v2\/media?parent=1467"}],"wp:term":[{"taxonomy":"product_brand","embeddable":true,"href":"https:\/\/www.jimport.fi\/index.php\/wp-json\/wp\/v2\/product_brand?post=1467"},{"taxonomy":"product_cat","embeddable":true,"href":"https:\/\/www.jimport.fi\/index.php\/wp-json\/wp\/v2\/product_cat?post=1467"},{"taxonomy":"product_tag","embeddable":true,"href":"https:\/\/www.jimport.fi\/index.php\/wp-json\/wp\/v2\/product_tag?post=1467"}],"curies":[{"name":"wp","href":"https:\/\/api.w.org\/{rel}","templated":true}]}}