{"id":1486,"date":"2022-06-21T05:12:57","date_gmt":"2022-06-21T05:12:57","guid":{"rendered":"https:\/\/www.jimport.fi\/?post_type=product&#038;p=1486"},"modified":"2025-05-27T18:31:48","modified_gmt":"2025-05-27T15:31:48","slug":"harjat-porakoneeseen-3kpl","status":"publish","type":"product","link":"https:\/\/www.jimport.fi\/index.php\/tuote\/harjat-porakoneeseen-3kpl\/","title":{"rendered":"Harjat porakoneeseen 3kpl"},"content":{"rendered":"<p>Rajattomat k\u00e4ytt\u00f6sovellukset. Tehokkuutta astioiden pesuun (suositellaan k\u00e4ytett\u00e4v\u00e4ksi akkukonetta s\u00e4hk\u00f6iskujen v\u00e4ltt\u00e4miseksi). Vessanp\u00f6nt\u00f6nkin saa s\u00e4ihkym\u00e4\u00e4n (voi toki joutua pesem\u00e4\u00e4n sein\u00e4tkin sen j\u00e4lkeen)<\/p>\n","protected":false},"excerpt":{"rendered":"<p>Harjasarja porakoneeseen. Esimerkiksi vanteiden pesuun..<\/p>\n","protected":false},"featured_media":1487,"template":"","meta":{"_monsterinsights_skip_tracking":false,"_monsterinsights_sitenote_active":false,"_monsterinsights_sitenote_note":"","_monsterinsights_sitenote_category":0,"neve_meta_sidebar":"","neve_meta_container":"","neve_meta_enable_content_width":"off","neve_meta_content_width":100,"neve_meta_title_alignment":"","neve_meta_author_avatar":"","neve_post_elements_order":"","neve_meta_disable_header":"","neve_meta_disable_footer":"","neve_meta_disable_title":"","_themeisle_gutenberg_block_has_review":false},"product_brand":[],"product_cat":[59],"product_tag":[],"class_list":{"0":"post-1486","1":"product","2":"type-product","3":"status-publish","4":"has-post-thumbnail","6":"product_cat-puunaus","8":"first","9":"instock","10":"taxable","11":"shipping-taxable","12":"purchasable","13":"product-type-simple"},"supplier_id":null,"supplier_sku":"","barcode":null,"atum_controlled":true,"out_stock_date":null,"out_stock_threshold":null,"inheritable":false,"inbound_stock":0,"stock_on_hold":0,"sold_today":0,"sales_last_days":0,"reserved_stock":0,"customer_returns":0,"warehouse_damage":0,"lost_in_post":0,"other_logs":0,"out_stock_days":0,"lost_sales":0,"has_location":false,"update_date":"2026-04-21T00:15:18","atum_locations":[],"atum_stock_status":"instock","restock_status":false,"low_stock_amount":"","sales_update_date":"2026-04-21T00:15:18","calc_backorders":null,"aioseo_notices":[],"_links":{"self":[{"href":"https:\/\/www.jimport.fi\/index.php\/wp-json\/wp\/v2\/product\/1486","targetHints":{"allow":["GET"]}}],"collection":[{"href":"https:\/\/www.jimport.fi\/index.php\/wp-json\/wp\/v2\/product"}],"about":[{"href":"https:\/\/www.jimport.fi\/index.php\/wp-json\/wp\/v2\/types\/product"}],"version-history":[{"count":3,"href":"https:\/\/www.jimport.fi\/index.php\/wp-json\/wp\/v2\/product\/1486\/revisions"}],"predecessor-version":[{"id":4940,"href":"https:\/\/www.jimport.fi\/index.php\/wp-json\/wp\/v2\/product\/1486\/revisions\/4940"}],"wp:featuredmedia":[{"embeddable":true,"href":"https:\/\/www.jimport.fi\/index.php\/wp-json\/wp\/v2\/media\/1487"}],"wp:attachment":[{"href":"https:\/\/www.jimport.fi\/index.php\/wp-json\/wp\/v2\/media?parent=1486"}],"wp:term":[{"taxonomy":"product_brand","embeddable":true,"href":"https:\/\/www.jimport.fi\/index.php\/wp-json\/wp\/v2\/product_brand?post=1486"},{"taxonomy":"product_cat","embeddable":true,"href":"https:\/\/www.jimport.fi\/index.php\/wp-json\/wp\/v2\/product_cat?post=1486"},{"taxonomy":"product_tag","embeddable":true,"href":"https:\/\/www.jimport.fi\/index.php\/wp-json\/wp\/v2\/product_tag?post=1486"}],"curies":[{"name":"wp","href":"https:\/\/api.w.org\/{rel}","templated":true}]}}