{"id":1504,"date":"2022-06-21T06:05:48","date_gmt":"2022-06-21T06:05:48","guid":{"rendered":"https:\/\/www.jimport.fi\/?post_type=product&#038;p=1504"},"modified":"2024-09-28T12:12:25","modified_gmt":"2024-09-28T09:12:25","slug":"puikkohitsauskone-300a","status":"publish","type":"product","link":"https:\/\/www.jimport.fi\/index.php\/tuote\/puikkohitsauskone-300a\/","title":{"rendered":"Puikkohitsaus-invertteri 300A"},"content":{"rendered":"<h2>Tuotekuvaus<\/h2>\n<h4>Tekniset tiedot<\/h4>\n<ul>\n<li>tuloj\u00e4nnite: 230V ~ 50Hz<\/li>\n<li>Hitsausvirta-alue: 20 &#8211; 300A<\/li>\n<li>Kuormittamaton j\u00e4nnite: 60V<\/li>\n<li>K\u00e4ytt\u00f6jakso: 40% &#8211; 300A<\/li>\n<li>Elektrodin koko: 1,6 &#8211; 4,0 mm<\/li>\n<li>Sytytystyyppi: Kosketin<\/li>\n<li>Suojausluokka: IP21S<\/li>\n<li>J\u00e4\u00e4hdytys: Puhallinj\u00e4\u00e4hdytteinen<\/li>\n<li>Terminen ylikuormitussuoja: Kyll\u00e4<\/li>\n<li>N\u00e4ytt\u00f6: LCD<\/li>\n<li>Sertifikaatit: CE<\/li>\n<\/ul>\n<h4>Pakkauksen sis\u00e4lt\u00f6:<\/h4>\n<ul>\n<li>Puikkopuikkopyydys kaapelilla<\/li>\n<li>Maadoituspuristin kaapelilla<\/li>\n<li>Hitsausmaski<\/li>\n<li>Hitsausharja &amp;; vasara<\/li>\n<li>Manuaalinen<\/li>\n<\/ul>\n","protected":false},"excerpt":{"rendered":"<p>Tehokas invertteri puikkohitsi<\/p>\n","protected":false},"featured_media":1505,"template":"","meta":{"_monsterinsights_skip_tracking":false,"_monsterinsights_sitenote_active":false,"_monsterinsights_sitenote_note":"","_monsterinsights_sitenote_category":0,"neve_meta_sidebar":"","neve_meta_container":"","neve_meta_enable_content_width":"off","neve_meta_content_width":100,"neve_meta_title_alignment":"","neve_meta_author_avatar":"","neve_post_elements_order":"","neve_meta_disable_header":"","neve_meta_disable_footer":"","neve_meta_disable_title":"","_themeisle_gutenberg_block_has_review":false},"product_brand":[],"product_cat":[141,58],"product_tag":[],"class_list":{"0":"post-1504","1":"product","2":"type-product","3":"status-publish","4":"has-post-thumbnail","6":"product_cat-hitsaus","7":"product_cat-sahkotyokaluja","9":"first","10":"instock","11":"taxable","12":"shipping-taxable","13":"purchasable","14":"product-type-simple"},"supplier_id":null,"supplier_sku":"","barcode":null,"atum_controlled":true,"out_stock_date":null,"out_stock_threshold":null,"inheritable":false,"inbound_stock":0,"stock_on_hold":0,"sold_today":0,"sales_last_days":0,"reserved_stock":0,"customer_returns":0,"warehouse_damage":0,"lost_in_post":0,"other_logs":0,"out_stock_days":0,"lost_sales":0,"has_location":false,"update_date":"2026-05-02T00:37:53","atum_locations":[],"atum_stock_status":"instock","restock_status":false,"low_stock_amount":"","sales_update_date":"2026-05-02T00:37:53","calc_backorders":null,"aioseo_notices":[],"_links":{"self":[{"href":"https:\/\/www.jimport.fi\/index.php\/wp-json\/wp\/v2\/product\/1504","targetHints":{"allow":["GET"]}}],"collection":[{"href":"https:\/\/www.jimport.fi\/index.php\/wp-json\/wp\/v2\/product"}],"about":[{"href":"https:\/\/www.jimport.fi\/index.php\/wp-json\/wp\/v2\/types\/product"}],"version-history":[{"count":4,"href":"https:\/\/www.jimport.fi\/index.php\/wp-json\/wp\/v2\/product\/1504\/revisions"}],"predecessor-version":[{"id":5005,"href":"https:\/\/www.jimport.fi\/index.php\/wp-json\/wp\/v2\/product\/1504\/revisions\/5005"}],"wp:featuredmedia":[{"embeddable":true,"href":"https:\/\/www.jimport.fi\/index.php\/wp-json\/wp\/v2\/media\/1505"}],"wp:attachment":[{"href":"https:\/\/www.jimport.fi\/index.php\/wp-json\/wp\/v2\/media?parent=1504"}],"wp:term":[{"taxonomy":"product_brand","embeddable":true,"href":"https:\/\/www.jimport.fi\/index.php\/wp-json\/wp\/v2\/product_brand?post=1504"},{"taxonomy":"product_cat","embeddable":true,"href":"https:\/\/www.jimport.fi\/index.php\/wp-json\/wp\/v2\/product_cat?post=1504"},{"taxonomy":"product_tag","embeddable":true,"href":"https:\/\/www.jimport.fi\/index.php\/wp-json\/wp\/v2\/product_tag?post=1504"}],"curies":[{"name":"wp","href":"https:\/\/api.w.org\/{rel}","templated":true}]}}