{"id":1521,"date":"2022-06-21T10:21:25","date_gmt":"2022-06-21T10:21:25","guid":{"rendered":"https:\/\/www.jimport.fi\/?post_type=product&#038;p=1521"},"modified":"2023-11-10T09:45:00","modified_gmt":"2023-11-10T06:45:00","slug":"pumppu-reikamantasylinterille","status":"publish","type":"product","link":"https:\/\/www.jimport.fi\/index.php\/tuote\/pumppu-reikamantasylinterille\/","title":{"rendered":"Pumppu reik\u00e4m\u00e4nt\u00e4-sylinterille"},"content":{"rendered":"<p>Suunniteltu k\u00e4ytett\u00e4v\u00e4ksi April reik\u00e4m\u00e4nt\u00e4sylinterien kanssa. Melko kookas verrattuna esim. 10Ton koritunkin pumppuun, eli \u00f6ljym\u00e4\u00e4r\u00e4 ja tuotto mitoitettu sopivaksi. Koritunkin pumpulla ei voi k\u00e4ytt\u00e4\u00e4 koko liikerataa, kun \u00f6ljy loppuu kesken ja tuotto on paljon pienempi (eli sylinteri liikkuu hitammin)<\/p>\n","protected":false},"excerpt":{"rendered":"<p>700bar, \u00f6ljytilavuus 0,5L, letku 1M<\/p>\n","protected":false},"featured_media":1522,"template":"","meta":{"_monsterinsights_skip_tracking":false,"_monsterinsights_sitenote_active":false,"_monsterinsights_sitenote_note":"","_monsterinsights_sitenote_category":0,"neve_meta_sidebar":"","neve_meta_container":"","neve_meta_enable_content_width":"off","neve_meta_content_width":100,"neve_meta_title_alignment":"","neve_meta_author_avatar":"","neve_post_elements_order":"","neve_meta_disable_header":"","neve_meta_disable_footer":"","neve_meta_disable_title":"","_themeisle_gutenberg_block_has_review":false},"product_brand":[],"product_cat":[75],"product_tag":[],"class_list":{"0":"post-1521","1":"product","2":"type-product","3":"status-publish","4":"has-post-thumbnail","6":"product_cat-puslien-vaihtoon","8":"first","9":"instock","10":"taxable","11":"shipping-taxable","12":"purchasable","13":"product-type-simple"},"supplier_id":null,"supplier_sku":"","barcode":null,"atum_controlled":true,"out_stock_date":null,"out_stock_threshold":null,"inheritable":false,"inbound_stock":0,"stock_on_hold":0,"sold_today":0,"sales_last_days":0,"reserved_stock":0,"customer_returns":0,"warehouse_damage":0,"lost_in_post":0,"other_logs":0,"out_stock_days":0,"lost_sales":0,"has_location":false,"update_date":"2026-04-16T00:01:11","atum_locations":[],"atum_stock_status":"instock","restock_status":false,"low_stock_amount":"","sales_update_date":"2026-04-16T00:01:11","calc_backorders":null,"aioseo_notices":[],"_links":{"self":[{"href":"https:\/\/www.jimport.fi\/index.php\/wp-json\/wp\/v2\/product\/1521","targetHints":{"allow":["GET"]}}],"collection":[{"href":"https:\/\/www.jimport.fi\/index.php\/wp-json\/wp\/v2\/product"}],"about":[{"href":"https:\/\/www.jimport.fi\/index.php\/wp-json\/wp\/v2\/types\/product"}],"version-history":[{"count":4,"href":"https:\/\/www.jimport.fi\/index.php\/wp-json\/wp\/v2\/product\/1521\/revisions"}],"predecessor-version":[{"id":3963,"href":"https:\/\/www.jimport.fi\/index.php\/wp-json\/wp\/v2\/product\/1521\/revisions\/3963"}],"wp:featuredmedia":[{"embeddable":true,"href":"https:\/\/www.jimport.fi\/index.php\/wp-json\/wp\/v2\/media\/1522"}],"wp:attachment":[{"href":"https:\/\/www.jimport.fi\/index.php\/wp-json\/wp\/v2\/media?parent=1521"}],"wp:term":[{"taxonomy":"product_brand","embeddable":true,"href":"https:\/\/www.jimport.fi\/index.php\/wp-json\/wp\/v2\/product_brand?post=1521"},{"taxonomy":"product_cat","embeddable":true,"href":"https:\/\/www.jimport.fi\/index.php\/wp-json\/wp\/v2\/product_cat?post=1521"},{"taxonomy":"product_tag","embeddable":true,"href":"https:\/\/www.jimport.fi\/index.php\/wp-json\/wp\/v2\/product_tag?post=1521"}],"curies":[{"name":"wp","href":"https:\/\/api.w.org\/{rel}","templated":true}]}}