{"id":1525,"date":"2022-06-21T10:28:48","date_gmt":"2022-06-21T10:28:48","guid":{"rendered":"https:\/\/www.jimport.fi\/?post_type=product&#038;p=1525"},"modified":"2026-03-23T22:34:38","modified_gmt":"2026-03-23T19:34:38","slug":"puristuspainemittari-diesel","status":"publish","type":"product","link":"https:\/\/www.jimport.fi\/index.php\/tuote\/puristuspainemittari-diesel\/","title":{"rendered":"Puristuspainemittari diesel"},"content":{"rendered":"<table border=\"0\" width=\"915\" cellspacing=\"0\" cellpadding=\"4\">\n<tbody>\n<tr>\n<td colspan=\"2\" width=\"635\"><strong>TEKNISET TIEDOT<\/strong><\/td>\n<\/tr>\n<tr valign=\"TOP\">\n<td width=\"621\"><strong>Mittausalue 0 &#8211; 70 bar<\/strong><\/p>\n<p><a name=\"Obj151\"><\/a><strong>Joustava letku, jonka pituus on n. 400 mm pikaliittimell\u00e4, joka helpottaa tiettyjen mittausp\u00e4iden kiinnitt\u00e4mist\u00e4.<\/strong><\/p>\n<p><a name=\"Obj152\"><\/a><strong>Mittausp\u00e4\u00e4tteiden ja sovittimien avulla voidaan testata suurinta osaa dieselmoottoreista.<\/strong><\/td>\n<\/tr>\n<\/tbody>\n<\/table>\n","protected":false},"excerpt":{"rendered":"<p>Kattavasti sovitteita diesel moottoreiden puristuspaineiden mittaukseen, mittausalue 0-70bar<\/p>\n","protected":false},"featured_media":1526,"template":"","meta":{"_monsterinsights_skip_tracking":false,"_monsterinsights_sitenote_active":false,"_monsterinsights_sitenote_note":"","_monsterinsights_sitenote_category":0,"neve_meta_sidebar":"","neve_meta_container":"","neve_meta_enable_content_width":"off","neve_meta_content_width":100,"neve_meta_title_alignment":"","neve_meta_author_avatar":"","neve_post_elements_order":"","neve_meta_disable_header":"","neve_meta_disable_footer":"","neve_meta_disable_title":"","_themeisle_gutenberg_block_has_review":false},"product_brand":[],"product_cat":[77],"product_tag":[],"class_list":{"0":"post-1525","1":"product","2":"type-product","3":"status-publish","4":"has-post-thumbnail","6":"product_cat-vianselvitys","8":"first","9":"instock","10":"taxable","11":"shipping-taxable","12":"purchasable","13":"product-type-simple"},"supplier_id":null,"supplier_sku":"","barcode":null,"atum_controlled":true,"out_stock_date":null,"out_stock_threshold":null,"inheritable":false,"inbound_stock":0,"stock_on_hold":0,"sold_today":0,"sales_last_days":0,"reserved_stock":0,"customer_returns":0,"warehouse_damage":0,"lost_in_post":0,"other_logs":0,"out_stock_days":0,"lost_sales":0,"has_location":false,"update_date":"2026-05-13T01:00:14","atum_locations":[],"atum_stock_status":"instock","restock_status":false,"low_stock_amount":"","sales_update_date":"2026-05-13T01:00:14","calc_backorders":null,"aioseo_notices":[],"_links":{"self":[{"href":"https:\/\/www.jimport.fi\/index.php\/wp-json\/wp\/v2\/product\/1525","targetHints":{"allow":["GET"]}}],"collection":[{"href":"https:\/\/www.jimport.fi\/index.php\/wp-json\/wp\/v2\/product"}],"about":[{"href":"https:\/\/www.jimport.fi\/index.php\/wp-json\/wp\/v2\/types\/product"}],"version-history":[{"count":2,"href":"https:\/\/www.jimport.fi\/index.php\/wp-json\/wp\/v2\/product\/1525\/revisions"}],"predecessor-version":[{"id":5201,"href":"https:\/\/www.jimport.fi\/index.php\/wp-json\/wp\/v2\/product\/1525\/revisions\/5201"}],"wp:featuredmedia":[{"embeddable":true,"href":"https:\/\/www.jimport.fi\/index.php\/wp-json\/wp\/v2\/media\/1526"}],"wp:attachment":[{"href":"https:\/\/www.jimport.fi\/index.php\/wp-json\/wp\/v2\/media?parent=1525"}],"wp:term":[{"taxonomy":"product_brand","embeddable":true,"href":"https:\/\/www.jimport.fi\/index.php\/wp-json\/wp\/v2\/product_brand?post=1525"},{"taxonomy":"product_cat","embeddable":true,"href":"https:\/\/www.jimport.fi\/index.php\/wp-json\/wp\/v2\/product_cat?post=1525"},{"taxonomy":"product_tag","embeddable":true,"href":"https:\/\/www.jimport.fi\/index.php\/wp-json\/wp\/v2\/product_tag?post=1525"}],"curies":[{"name":"wp","href":"https:\/\/api.w.org\/{rel}","templated":true}]}}