{"id":1577,"date":"2022-06-21T14:33:36","date_gmt":"2022-06-21T14:33:36","guid":{"rendered":"https:\/\/www.jimport.fi\/?post_type=product&#038;p=1577"},"modified":"2024-02-14T14:36:57","modified_gmt":"2024-02-14T11:36:57","slug":"reikamantasylinteri-20ton","status":"publish","type":"product","link":"https:\/\/www.jimport.fi\/index.php\/tuote\/reikamantasylinteri-20ton\/","title":{"rendered":"Reik\u00e4m\u00e4nt\u00e4-sylinteri 20 ton"},"content":{"rendered":"<p>Reik\u00e4m\u00e4nt\u00e4sylinteri on aivan ehdoton v\u00e4line isompien koneiden kanssa touhaaville. Jos ei viel\u00e4 ole tuttu kapistus, niin idea on siin\u00e4 ett\u00e4 sylinterin l\u00e4pi saa kierretangon ja sill\u00e4 pystyy silloin vet\u00e4m\u00e4\u00e4n esim. laakeriholkin pes\u00e4\u00e4ns\u00e4. Keskireik\u00e4 27mm. Suositellaan k\u00e4ytett\u00e4v\u00e4ksi April pumpun kanssa, jossa \u00f6ljym\u00e4\u00e4r\u00e4 on riitt\u00e4v\u00e4, jotta voi k\u00e4ytt\u00e4\u00e4 koko liikerataa ja tuottoa on sopivasti, ettei tarvitse kovin kauaa pumpata. Esimerkiksi koritunkin pumpuissa \u00f6ljym\u00e4\u00e4r\u00e4t on pienempi\u00e4 ja tuottoa v\u00e4h\u00e4n.<\/p>\n","protected":false},"excerpt":{"rendered":"<p>Reik\u00e4m\u00e4nt\u00e4sylinteri 20 ton puslien\/laakerien ym. asennuksiin<\/p>\n","protected":false},"featured_media":1579,"template":"","meta":{"_monsterinsights_skip_tracking":false,"_monsterinsights_sitenote_active":false,"_monsterinsights_sitenote_note":"","_monsterinsights_sitenote_category":0,"neve_meta_sidebar":"","neve_meta_container":"","neve_meta_enable_content_width":"off","neve_meta_content_width":100,"neve_meta_title_alignment":"","neve_meta_author_avatar":"","neve_post_elements_order":"","neve_meta_disable_header":"","neve_meta_disable_footer":"","neve_meta_disable_title":"","_themeisle_gutenberg_block_has_review":false},"product_brand":[],"product_cat":[75],"product_tag":[],"class_list":{"0":"post-1577","1":"product","2":"type-product","3":"status-publish","4":"has-post-thumbnail","6":"product_cat-puslien-vaihtoon","8":"first","9":"outofstock","10":"taxable","11":"shipping-taxable","12":"purchasable","13":"product-type-simple"},"supplier_id":null,"supplier_sku":"","barcode":null,"atum_controlled":true,"out_stock_date":"2024-02-14 11:36:57","out_stock_threshold":null,"inheritable":false,"inbound_stock":0,"stock_on_hold":0,"sold_today":0,"sales_last_days":0,"reserved_stock":0,"customer_returns":0,"warehouse_damage":0,"lost_in_post":0,"other_logs":0,"out_stock_days":791,"lost_sales":0,"has_location":false,"update_date":"2026-04-16T00:01:04","atum_locations":[],"atum_stock_status":"outofstock","restock_status":false,"low_stock_amount":"","sales_update_date":"2026-04-16T00:01:04","calc_backorders":null,"aioseo_notices":[],"_links":{"self":[{"href":"https:\/\/www.jimport.fi\/index.php\/wp-json\/wp\/v2\/product\/1577","targetHints":{"allow":["GET"]}}],"collection":[{"href":"https:\/\/www.jimport.fi\/index.php\/wp-json\/wp\/v2\/product"}],"about":[{"href":"https:\/\/www.jimport.fi\/index.php\/wp-json\/wp\/v2\/types\/product"}],"version-history":[{"count":7,"href":"https:\/\/www.jimport.fi\/index.php\/wp-json\/wp\/v2\/product\/1577\/revisions"}],"predecessor-version":[{"id":6653,"href":"https:\/\/www.jimport.fi\/index.php\/wp-json\/wp\/v2\/product\/1577\/revisions\/6653"}],"wp:featuredmedia":[{"embeddable":true,"href":"https:\/\/www.jimport.fi\/index.php\/wp-json\/wp\/v2\/media\/1579"}],"wp:attachment":[{"href":"https:\/\/www.jimport.fi\/index.php\/wp-json\/wp\/v2\/media?parent=1577"}],"wp:term":[{"taxonomy":"product_brand","embeddable":true,"href":"https:\/\/www.jimport.fi\/index.php\/wp-json\/wp\/v2\/product_brand?post=1577"},{"taxonomy":"product_cat","embeddable":true,"href":"https:\/\/www.jimport.fi\/index.php\/wp-json\/wp\/v2\/product_cat?post=1577"},{"taxonomy":"product_tag","embeddable":true,"href":"https:\/\/www.jimport.fi\/index.php\/wp-json\/wp\/v2\/product_tag?post=1577"}],"curies":[{"name":"wp","href":"https:\/\/api.w.org\/{rel}","templated":true}]}}