{"id":1654,"date":"2022-06-22T06:54:04","date_gmt":"2022-06-22T06:54:04","guid":{"rendered":"https:\/\/www.jimport.fi\/?post_type=product&#038;p=1654"},"modified":"2023-04-25T11:43:16","modified_gmt":"2023-04-25T11:43:16","slug":"raikkalenkit-8-22mm-8os","status":"publish","type":"product","link":"https:\/\/www.jimport.fi\/index.php\/tuote\/raikkalenkit-8-22mm-8os\/","title":{"rendered":"R\u00e4ikk\u00e4lenkkisarja 8-22mm 8os"},"content":{"rendered":"<p>Laadukas r\u00e4ikk\u00e4lenkkisarja, jonka r\u00e4ikk\u00e4lenkeiss\u00e4 nivelletyt p\u00e4\u00e4t ja 72 portainen r\u00e4ikk\u00e4toiminto, joka tarvitsee vain 5 astetta liikerataa toimiakseen<\/p>\n","protected":false},"excerpt":{"rendered":"<p>R\u00e4ikk\u00e4lenkkisarja taittuvilla p\u00e4ill\u00e4. Koot 8,9,10,13,15,17,19,22mm. Geko<\/p>\n","protected":false},"featured_media":1655,"template":"","meta":{"_monsterinsights_skip_tracking":false,"_monsterinsights_sitenote_active":false,"_monsterinsights_sitenote_note":"","_monsterinsights_sitenote_category":0,"neve_meta_sidebar":"","neve_meta_container":"","neve_meta_enable_content_width":"off","neve_meta_content_width":100,"neve_meta_title_alignment":"","neve_meta_author_avatar":"","neve_post_elements_order":"","neve_meta_disable_header":"","neve_meta_disable_footer":"","neve_meta_disable_title":"","_themeisle_gutenberg_block_has_review":false},"product_brand":[],"product_cat":[91],"product_tag":[],"class_list":{"0":"post-1654","1":"product","2":"type-product","3":"status-publish","4":"has-post-thumbnail","6":"product_cat-tyokalusarjat","8":"first","9":"instock","10":"taxable","11":"shipping-taxable","12":"purchasable","13":"product-type-simple"},"supplier_id":null,"supplier_sku":"","barcode":null,"atum_controlled":true,"out_stock_date":null,"out_stock_threshold":null,"inheritable":false,"inbound_stock":0,"stock_on_hold":0,"sold_today":0,"sales_last_days":0,"reserved_stock":0,"customer_returns":0,"warehouse_damage":0,"lost_in_post":0,"other_logs":0,"out_stock_days":0,"lost_sales":0,"has_location":false,"update_date":"2026-05-13T00:59:51","atum_locations":[],"atum_stock_status":"instock","restock_status":false,"low_stock_amount":"","sales_update_date":"2026-05-13T00:59:51","calc_backorders":null,"aioseo_notices":[],"_links":{"self":[{"href":"https:\/\/www.jimport.fi\/index.php\/wp-json\/wp\/v2\/product\/1654","targetHints":{"allow":["GET"]}}],"collection":[{"href":"https:\/\/www.jimport.fi\/index.php\/wp-json\/wp\/v2\/product"}],"about":[{"href":"https:\/\/www.jimport.fi\/index.php\/wp-json\/wp\/v2\/types\/product"}],"version-history":[{"count":4,"href":"https:\/\/www.jimport.fi\/index.php\/wp-json\/wp\/v2\/product\/1654\/revisions"}],"predecessor-version":[{"id":4524,"href":"https:\/\/www.jimport.fi\/index.php\/wp-json\/wp\/v2\/product\/1654\/revisions\/4524"}],"wp:featuredmedia":[{"embeddable":true,"href":"https:\/\/www.jimport.fi\/index.php\/wp-json\/wp\/v2\/media\/1655"}],"wp:attachment":[{"href":"https:\/\/www.jimport.fi\/index.php\/wp-json\/wp\/v2\/media?parent=1654"}],"wp:term":[{"taxonomy":"product_brand","embeddable":true,"href":"https:\/\/www.jimport.fi\/index.php\/wp-json\/wp\/v2\/product_brand?post=1654"},{"taxonomy":"product_cat","embeddable":true,"href":"https:\/\/www.jimport.fi\/index.php\/wp-json\/wp\/v2\/product_cat?post=1654"},{"taxonomy":"product_tag","embeddable":true,"href":"https:\/\/www.jimport.fi\/index.php\/wp-json\/wp\/v2\/product_tag?post=1654"}],"curies":[{"name":"wp","href":"https:\/\/api.w.org\/{rel}","templated":true}]}}