{"id":1665,"date":"2022-06-22T09:13:54","date_gmt":"2022-06-22T09:13:54","guid":{"rendered":"https:\/\/www.jimport.fi\/?post_type=product&#038;p=1665"},"modified":"2025-05-13T08:45:58","modified_gmt":"2025-05-13T05:45:58","slug":"raikkasarja-3-4-21-65mm-26os","status":"publish","type":"product","link":"https:\/\/www.jimport.fi\/index.php\/tuote\/raikkasarja-3-4-21-65mm-26os\/","title":{"rendered":"R\u00e4ikk\u00e4sarja 3\/4&#8243; 21-65mm 26os"},"content":{"rendered":"<p>T\u00e4m\u00e4 3\/4 r\u00e4ikk\u00e4sarja kilpailee laadultaan jo paljon kalliimpien r\u00e4ikk\u00e4sarjojen kanssa ja huomioi my\u00f6s hylsyjen m\u00e4\u00e4r\u00e4 ja suurimman koko, joka on t\u00e4ss\u00e4 65mm<\/p>\n","protected":false},"excerpt":{"rendered":"<p>Konemiehen laadukas r\u00e4ikk\u00e4sarja. Koot:21,22,23,24,26,27,28,29,30,31,32,34,36,38,41,46,50,55,60,65mm<\/p>\n","protected":false},"featured_media":1666,"template":"","meta":{"_monsterinsights_skip_tracking":false,"_monsterinsights_sitenote_active":false,"_monsterinsights_sitenote_note":"","_monsterinsights_sitenote_category":0,"neve_meta_sidebar":"","neve_meta_container":"","neve_meta_enable_content_width":"off","neve_meta_content_width":100,"neve_meta_title_alignment":"","neve_meta_author_avatar":"","neve_post_elements_order":"","neve_meta_disable_header":"","neve_meta_disable_footer":"","neve_meta_disable_title":"","_themeisle_gutenberg_block_has_review":false},"product_brand":[],"product_cat":[91],"product_tag":[],"class_list":{"0":"post-1665","1":"product","2":"type-product","3":"status-publish","4":"has-post-thumbnail","6":"product_cat-tyokalusarjat","8":"first","9":"outofstock","10":"taxable","11":"shipping-taxable","12":"purchasable","13":"product-type-simple"},"supplier_id":null,"supplier_sku":"","barcode":null,"atum_controlled":true,"out_stock_date":"2025-05-13 08:45:59","out_stock_threshold":null,"inheritable":false,"inbound_stock":0,"stock_on_hold":0,"sold_today":0,"sales_last_days":0,"reserved_stock":0,"customer_returns":0,"warehouse_damage":0,"lost_in_post":0,"other_logs":0,"out_stock_days":343,"lost_sales":7301,"has_location":false,"update_date":"2026-04-22T00:24:08","atum_locations":[],"atum_stock_status":"outofstock","restock_status":false,"low_stock_amount":"","sales_update_date":"2026-04-22T00:24:07","calc_backorders":null,"aioseo_notices":[],"_links":{"self":[{"href":"https:\/\/www.jimport.fi\/index.php\/wp-json\/wp\/v2\/product\/1665","targetHints":{"allow":["GET"]}}],"collection":[{"href":"https:\/\/www.jimport.fi\/index.php\/wp-json\/wp\/v2\/product"}],"about":[{"href":"https:\/\/www.jimport.fi\/index.php\/wp-json\/wp\/v2\/types\/product"}],"version-history":[{"count":3,"href":"https:\/\/www.jimport.fi\/index.php\/wp-json\/wp\/v2\/product\/1665\/revisions"}],"predecessor-version":[{"id":4515,"href":"https:\/\/www.jimport.fi\/index.php\/wp-json\/wp\/v2\/product\/1665\/revisions\/4515"}],"wp:featuredmedia":[{"embeddable":true,"href":"https:\/\/www.jimport.fi\/index.php\/wp-json\/wp\/v2\/media\/1666"}],"wp:attachment":[{"href":"https:\/\/www.jimport.fi\/index.php\/wp-json\/wp\/v2\/media?parent=1665"}],"wp:term":[{"taxonomy":"product_brand","embeddable":true,"href":"https:\/\/www.jimport.fi\/index.php\/wp-json\/wp\/v2\/product_brand?post=1665"},{"taxonomy":"product_cat","embeddable":true,"href":"https:\/\/www.jimport.fi\/index.php\/wp-json\/wp\/v2\/product_cat?post=1665"},{"taxonomy":"product_tag","embeddable":true,"href":"https:\/\/www.jimport.fi\/index.php\/wp-json\/wp\/v2\/product_tag?post=1665"}],"curies":[{"name":"wp","href":"https:\/\/api.w.org\/{rel}","templated":true}]}}