{"id":1720,"date":"2022-06-22T12:52:21","date_gmt":"2022-06-22T12:52:21","guid":{"rendered":"https:\/\/www.jimport.fi\/?post_type=product&#038;p=1720"},"modified":"2023-04-28T07:33:10","modified_gmt":"2023-04-28T07:33:10","slug":"styrox-leikkuri-250w","status":"publish","type":"product","link":"https:\/\/www.jimport.fi\/index.php\/tuote\/styrox-leikkuri-250w\/","title":{"rendered":"Styrox leikkuri 250w"},"content":{"rendered":"<h2>Tuotekuvaus<\/h2>\n<p>250 watin kuumaveitsi-vaahtol\u00e4mp\u00f6leikkuri. Se sopii erinomaisesti vaahdon, nailonk\u00f6yden, nauhan, synteettisen kankaan ja muovin (PP, PVC ja EPS) leikkaamiseen<\/p>\n<h3>Tuotteen ominaisuudet<\/h3>\n<ul>\n<li>Teho 250W<\/li>\n<li>5-tason l\u00e4mp\u00f6tilan s\u00e4\u00e4t\u00f6: 100 \u00b0C &#8211; 450 \u00b0C<\/li>\n<li>Ter\u00e4 ruostumattomasta ter\u00e4ksest\u00e4 suojuksella<\/li>\n<li>S\u00e4\u00e4dett\u00e4v\u00e4 leikkuusyvyys jopa 100 mm \/ 4&#8243;<\/li>\n<\/ul>\n<h4>Tekniset tiedot<\/h4>\n<p>Teho: 250W<\/p>\n<p>tuloj\u00e4nnite: 230V<\/p>\n<p>K\u00e4ytt\u00f6l\u00e4mp\u00f6tila: 100 &#8211; 450\u00b0C<\/p>\n<p>L\u00e4mp\u00f6tilan valitsin:<\/p>\n<ul>\n<li>Taso 1: 100\u00b0C<\/li>\n<li>Taso 2: 160\u00b0C<\/li>\n<li>Taso 3: 230\u00b0C<\/li>\n<li>Taso 4: 360\u00b0C<\/li>\n<li>Taso 5: 450\u00b0C<\/li>\n<\/ul>\n","protected":false},"excerpt":{"rendered":"<p>Styrox leikkuri eristeiden ja vaahtomuovien leikkaamiseen<\/p>\n","protected":false},"featured_media":1721,"template":"","meta":{"_monsterinsights_skip_tracking":false,"_monsterinsights_sitenote_active":false,"_monsterinsights_sitenote_note":"","_monsterinsights_sitenote_category":0,"neve_meta_sidebar":"","neve_meta_container":"","neve_meta_enable_content_width":"off","neve_meta_content_width":100,"neve_meta_title_alignment":"","neve_meta_author_avatar":"","neve_post_elements_order":"","neve_meta_disable_header":"","neve_meta_disable_footer":"","neve_meta_disable_title":"","_themeisle_gutenberg_block_has_review":false},"product_brand":[],"product_cat":[58],"product_tag":[],"class_list":{"0":"post-1720","1":"product","2":"type-product","3":"status-publish","4":"has-post-thumbnail","6":"product_cat-sahkotyokaluja","8":"first","9":"instock","10":"taxable","11":"shipping-taxable","12":"purchasable","13":"product-type-simple"},"supplier_id":null,"supplier_sku":"","barcode":null,"atum_controlled":true,"out_stock_date":null,"out_stock_threshold":null,"inheritable":false,"inbound_stock":0,"stock_on_hold":0,"sold_today":0,"sales_last_days":0,"reserved_stock":0,"customer_returns":0,"warehouse_damage":0,"lost_in_post":0,"other_logs":0,"out_stock_days":0,"lost_sales":0,"has_location":false,"update_date":"2026-04-30T00:31:59","atum_locations":[],"atum_stock_status":"instock","restock_status":false,"low_stock_amount":"","sales_update_date":"2026-04-30T00:31:59","calc_backorders":null,"aioseo_notices":[],"_links":{"self":[{"href":"https:\/\/www.jimport.fi\/index.php\/wp-json\/wp\/v2\/product\/1720","targetHints":{"allow":["GET"]}}],"collection":[{"href":"https:\/\/www.jimport.fi\/index.php\/wp-json\/wp\/v2\/product"}],"about":[{"href":"https:\/\/www.jimport.fi\/index.php\/wp-json\/wp\/v2\/types\/product"}],"version-history":[{"count":3,"href":"https:\/\/www.jimport.fi\/index.php\/wp-json\/wp\/v2\/product\/1720\/revisions"}],"predecessor-version":[{"id":5001,"href":"https:\/\/www.jimport.fi\/index.php\/wp-json\/wp\/v2\/product\/1720\/revisions\/5001"}],"wp:featuredmedia":[{"embeddable":true,"href":"https:\/\/www.jimport.fi\/index.php\/wp-json\/wp\/v2\/media\/1721"}],"wp:attachment":[{"href":"https:\/\/www.jimport.fi\/index.php\/wp-json\/wp\/v2\/media?parent=1720"}],"wp:term":[{"taxonomy":"product_brand","embeddable":true,"href":"https:\/\/www.jimport.fi\/index.php\/wp-json\/wp\/v2\/product_brand?post=1720"},{"taxonomy":"product_cat","embeddable":true,"href":"https:\/\/www.jimport.fi\/index.php\/wp-json\/wp\/v2\/product_cat?post=1720"},{"taxonomy":"product_tag","embeddable":true,"href":"https:\/\/www.jimport.fi\/index.php\/wp-json\/wp\/v2\/product_tag?post=1720"}],"curies":[{"name":"wp","href":"https:\/\/api.w.org\/{rel}","templated":true}]}}