{"id":1723,"date":"2022-06-22T12:53:50","date_gmt":"2022-06-22T12:53:50","guid":{"rendered":"https:\/\/www.jimport.fi\/?post_type=product&#038;p=1723"},"modified":"2025-07-06T08:28:27","modified_gmt":"2025-07-06T05:28:27","slug":"styrox-leikkuri-250w-150mm","status":"publish","type":"product","link":"https:\/\/www.jimport.fi\/index.php\/tuote\/styrox-leikkuri-250w-150mm\/","title":{"rendered":"Styrox leikkuri 250w 150mm"},"content":{"rendered":"<h2>Tuotekuvaus<\/h2>\n<p>Nopea l\u00e4mmitys Styrocutter 250W. Suunniteltu k\u00e4ytett\u00e4v\u00e4ksi kovilla vaahdoilla, mukaan lukien: neopor, polystyreeni (PS), polyuretaanit, PU-vaahto, j\u00e4ykk\u00e4 PUR-vaahto ja styroksi.<\/p>\n<h3>Tuotteen ominaisuudet<\/h3>\n<ul>\n<li>Nopea ter\u00e4n l\u00e4mmitys jopa 10 sekuntia<\/li>\n<li>Tehokas 250W l\u00e4mmitysj\u00e4rjestelm\u00e4<\/li>\n<li>Tuloj\u00e4nnite 230V<\/li>\n<li>Leikkausl\u00e4mp\u00f6tilan 16-vaiheinen s\u00e4\u00e4t\u00f6<\/li>\n<li>L\u00e4mpenee 450 \u00b0 C: seen (842 \u00b0 F)<\/li>\n<li>Toimitukseen sis\u00e4ltyy: styrocutter, 150mm leikkuuter\u00e4, puhdistusharja, kuusioavain, kantolaukku<\/li>\n<\/ul>\n","protected":false},"excerpt":{"rendered":"<p>Styrox leikkuri eristeiden ja vaahtomuovien helppoon leikkaamiseen.<\/p>\n","protected":false},"featured_media":1724,"template":"","meta":{"_monsterinsights_skip_tracking":false,"_monsterinsights_sitenote_active":false,"_monsterinsights_sitenote_note":"","_monsterinsights_sitenote_category":0,"neve_meta_sidebar":"","neve_meta_container":"","neve_meta_enable_content_width":"off","neve_meta_content_width":100,"neve_meta_title_alignment":"","neve_meta_author_avatar":"","neve_post_elements_order":"","neve_meta_disable_header":"","neve_meta_disable_footer":"","neve_meta_disable_title":"","_themeisle_gutenberg_block_has_review":false},"product_brand":[],"product_cat":[58],"product_tag":[],"class_list":{"0":"post-1723","1":"product","2":"type-product","3":"status-publish","4":"has-post-thumbnail","6":"product_cat-sahkotyokaluja","8":"first","9":"outofstock","10":"taxable","11":"shipping-taxable","12":"purchasable","13":"product-type-simple"},"supplier_id":null,"supplier_sku":"","barcode":null,"atum_controlled":true,"out_stock_date":"2025-07-06 08:28:28","out_stock_threshold":null,"inheritable":false,"inbound_stock":0,"stock_on_hold":0,"sold_today":0,"sales_last_days":0,"reserved_stock":0,"customer_returns":0,"warehouse_damage":0,"lost_in_post":0,"other_logs":0,"out_stock_days":310,"lost_sales":3498,"has_location":false,"update_date":"2026-05-13T01:00:07","atum_locations":[],"atum_stock_status":"outofstock","restock_status":false,"low_stock_amount":"","sales_update_date":"2026-05-13T01:00:07","calc_backorders":null,"aioseo_notices":[],"_links":{"self":[{"href":"https:\/\/www.jimport.fi\/index.php\/wp-json\/wp\/v2\/product\/1723","targetHints":{"allow":["GET"]}}],"collection":[{"href":"https:\/\/www.jimport.fi\/index.php\/wp-json\/wp\/v2\/product"}],"about":[{"href":"https:\/\/www.jimport.fi\/index.php\/wp-json\/wp\/v2\/types\/product"}],"version-history":[{"count":3,"href":"https:\/\/www.jimport.fi\/index.php\/wp-json\/wp\/v2\/product\/1723\/revisions"}],"predecessor-version":[{"id":4995,"href":"https:\/\/www.jimport.fi\/index.php\/wp-json\/wp\/v2\/product\/1723\/revisions\/4995"}],"wp:featuredmedia":[{"embeddable":true,"href":"https:\/\/www.jimport.fi\/index.php\/wp-json\/wp\/v2\/media\/1724"}],"wp:attachment":[{"href":"https:\/\/www.jimport.fi\/index.php\/wp-json\/wp\/v2\/media?parent=1723"}],"wp:term":[{"taxonomy":"product_brand","embeddable":true,"href":"https:\/\/www.jimport.fi\/index.php\/wp-json\/wp\/v2\/product_brand?post=1723"},{"taxonomy":"product_cat","embeddable":true,"href":"https:\/\/www.jimport.fi\/index.php\/wp-json\/wp\/v2\/product_cat?post=1723"},{"taxonomy":"product_tag","embeddable":true,"href":"https:\/\/www.jimport.fi\/index.php\/wp-json\/wp\/v2\/product_tag?post=1723"}],"curies":[{"name":"wp","href":"https:\/\/api.w.org\/{rel}","templated":true}]}}