{"id":1755,"date":"2022-06-22T14:13:12","date_gmt":"2022-06-22T14:13:12","guid":{"rendered":"https:\/\/www.jimport.fi\/?post_type=product&#038;p=1755"},"modified":"2023-12-12T18:42:38","modified_gmt":"2023-12-12T15:42:38","slug":"suojalasit-keltaiset","status":"publish","type":"product","link":"https:\/\/www.jimport.fi\/index.php\/tuote\/suojalasit-keltaiset\/","title":{"rendered":"Suojalasit keltaiset"},"content":{"rendered":"<h2>Tuotekuvaus<\/h2>\n<p>Suojalasit kest\u00e4v\u00e4st\u00e4 polykarbonaatista. Silmien suojaaminen lent\u00e4vilt\u00e4 hiukkasilta, esineilt\u00e4 ja ty\u00f6paikan vaaroilta.<\/p>\n<h3>Tuotteen ominaisuudet<\/h3>\n<ul>\n<li>Keltainen linssi polykarbonaatista<\/li>\n<li>Naarmuuntumista est\u00e4v\u00e4 pinnoite<\/li>\n<li>CE EN 166: n mukaan<\/li>\n<\/ul>\n<h4>Tekniset tiedot<\/h4>\n<ul>\n<li>Materiaali: Polykarbonaatti (PC)<\/li>\n<li>V\u00e4ri: l\u00e4pin\u00e4kyv\u00e4<\/li>\n<li>Mitat [leveys x korkeus]: 160 x 60 mm<\/li>\n<li>Standardin mukaan: CE EN 166<\/li>\n<\/ul>\n","protected":false},"excerpt":{"rendered":"<p>Kevyet ja mukavat suojalasit keltaisella linssill\u00e4<\/p>\n","protected":false},"featured_media":1756,"template":"","meta":{"_monsterinsights_skip_tracking":false,"_monsterinsights_sitenote_active":false,"_monsterinsights_sitenote_note":"","_monsterinsights_sitenote_category":0,"neve_meta_sidebar":"","neve_meta_container":"","neve_meta_enable_content_width":"off","neve_meta_content_width":100,"neve_meta_title_alignment":"","neve_meta_author_avatar":"","neve_post_elements_order":"","neve_meta_disable_header":"","neve_meta_disable_footer":"","neve_meta_disable_title":"","_themeisle_gutenberg_block_has_review":false},"product_brand":[],"product_cat":[95],"product_tag":[],"class_list":{"0":"post-1755","1":"product","2":"type-product","3":"status-publish","4":"has-post-thumbnail","6":"product_cat-suojalasit","8":"first","9":"instock","10":"taxable","11":"shipping-taxable","12":"purchasable","13":"product-type-simple"},"supplier_id":null,"supplier_sku":"","barcode":null,"atum_controlled":true,"out_stock_date":null,"out_stock_threshold":null,"inheritable":false,"inbound_stock":0,"stock_on_hold":0,"sold_today":0,"sales_last_days":0,"reserved_stock":0,"customer_returns":0,"warehouse_damage":0,"lost_in_post":0,"other_logs":0,"out_stock_days":0,"lost_sales":0,"has_location":false,"update_date":"2026-04-30T00:32:08","atum_locations":[],"atum_stock_status":"instock","restock_status":false,"low_stock_amount":"","sales_update_date":"2026-04-30T00:32:08","calc_backorders":null,"aioseo_notices":[],"_links":{"self":[{"href":"https:\/\/www.jimport.fi\/index.php\/wp-json\/wp\/v2\/product\/1755","targetHints":{"allow":["GET"]}}],"collection":[{"href":"https:\/\/www.jimport.fi\/index.php\/wp-json\/wp\/v2\/product"}],"about":[{"href":"https:\/\/www.jimport.fi\/index.php\/wp-json\/wp\/v2\/types\/product"}],"version-history":[{"count":3,"href":"https:\/\/www.jimport.fi\/index.php\/wp-json\/wp\/v2\/product\/1755\/revisions"}],"predecessor-version":[{"id":5060,"href":"https:\/\/www.jimport.fi\/index.php\/wp-json\/wp\/v2\/product\/1755\/revisions\/5060"}],"wp:featuredmedia":[{"embeddable":true,"href":"https:\/\/www.jimport.fi\/index.php\/wp-json\/wp\/v2\/media\/1756"}],"wp:attachment":[{"href":"https:\/\/www.jimport.fi\/index.php\/wp-json\/wp\/v2\/media?parent=1755"}],"wp:term":[{"taxonomy":"product_brand","embeddable":true,"href":"https:\/\/www.jimport.fi\/index.php\/wp-json\/wp\/v2\/product_brand?post=1755"},{"taxonomy":"product_cat","embeddable":true,"href":"https:\/\/www.jimport.fi\/index.php\/wp-json\/wp\/v2\/product_cat?post=1755"},{"taxonomy":"product_tag","embeddable":true,"href":"https:\/\/www.jimport.fi\/index.php\/wp-json\/wp\/v2\/product_tag?post=1755"}],"curies":[{"name":"wp","href":"https:\/\/api.w.org\/{rel}","templated":true}]}}