{"id":1811,"date":"2022-06-22T16:31:38","date_gmt":"2022-06-22T16:31:38","guid":{"rendered":"https:\/\/www.jimport.fi\/?post_type=product&#038;p=1811"},"modified":"2024-02-06T21:22:04","modified_gmt":"2024-02-06T18:22:04","slug":"kannentiivisteen-vuototesteri","status":"publish","type":"product","link":"https:\/\/www.jimport.fi\/index.php\/tuote\/kannentiivisteen-vuototesteri\/","title":{"rendered":"Kannentiiviste vuototesteri"},"content":{"rendered":"<p>Merkkiaine reagoi hiilidioksidiin jos sit\u00e4 on j\u00e4\u00e4hdytinj\u00e4rjestelm\u00e4ss\u00e4 (eli jos kannentiiviste vuotaa). Aine on uudelleen k\u00e4ytett\u00e4v\u00e4\u00e4. Kuvasta poiketen mukaan tulee 250ml pullollinen ainetta ja suomenkieliset ohjeet.<\/p>\n","protected":false},"excerpt":{"rendered":"<p>Kannentiivistevuodon toteamiseen kemiallisesti. Mukana aineet.<\/p>\n","protected":false},"featured_media":1812,"template":"","meta":{"_monsterinsights_skip_tracking":false,"_monsterinsights_sitenote_active":false,"_monsterinsights_sitenote_note":"","_monsterinsights_sitenote_category":0,"neve_meta_sidebar":"","neve_meta_container":"","neve_meta_enable_content_width":"off","neve_meta_content_width":100,"neve_meta_title_alignment":"","neve_meta_author_avatar":"","neve_post_elements_order":"","neve_meta_disable_header":"","neve_meta_disable_footer":"","neve_meta_disable_title":"","_themeisle_gutenberg_block_has_review":false},"product_brand":[],"product_cat":[77],"product_tag":[],"class_list":{"0":"post-1811","1":"product","2":"type-product","3":"status-publish","4":"has-post-thumbnail","6":"product_cat-vianselvitys","8":"first","9":"outofstock","10":"taxable","11":"shipping-taxable","12":"purchasable","13":"product-type-simple"},"supplier_id":null,"supplier_sku":"","barcode":null,"atum_controlled":true,"out_stock_date":"2024-02-06 18:22:04","out_stock_threshold":null,"inheritable":false,"inbound_stock":0,"stock_on_hold":0,"sold_today":0,"sales_last_days":0,"reserved_stock":0,"customer_returns":0,"warehouse_damage":0,"lost_in_post":0,"other_logs":0,"out_stock_days":810,"lost_sales":0,"has_location":false,"update_date":"2026-04-27T00:28:56","atum_locations":[],"atum_stock_status":"outofstock","restock_status":false,"low_stock_amount":"","sales_update_date":"2026-04-27T00:28:56","calc_backorders":null,"aioseo_notices":[],"_links":{"self":[{"href":"https:\/\/www.jimport.fi\/index.php\/wp-json\/wp\/v2\/product\/1811","targetHints":{"allow":["GET"]}}],"collection":[{"href":"https:\/\/www.jimport.fi\/index.php\/wp-json\/wp\/v2\/product"}],"about":[{"href":"https:\/\/www.jimport.fi\/index.php\/wp-json\/wp\/v2\/types\/product"}],"version-history":[{"count":2,"href":"https:\/\/www.jimport.fi\/index.php\/wp-json\/wp\/v2\/product\/1811\/revisions"}],"predecessor-version":[{"id":3955,"href":"https:\/\/www.jimport.fi\/index.php\/wp-json\/wp\/v2\/product\/1811\/revisions\/3955"}],"wp:featuredmedia":[{"embeddable":true,"href":"https:\/\/www.jimport.fi\/index.php\/wp-json\/wp\/v2\/media\/1812"}],"wp:attachment":[{"href":"https:\/\/www.jimport.fi\/index.php\/wp-json\/wp\/v2\/media?parent=1811"}],"wp:term":[{"taxonomy":"product_brand","embeddable":true,"href":"https:\/\/www.jimport.fi\/index.php\/wp-json\/wp\/v2\/product_brand?post=1811"},{"taxonomy":"product_cat","embeddable":true,"href":"https:\/\/www.jimport.fi\/index.php\/wp-json\/wp\/v2\/product_cat?post=1811"},{"taxonomy":"product_tag","embeddable":true,"href":"https:\/\/www.jimport.fi\/index.php\/wp-json\/wp\/v2\/product_tag?post=1811"}],"curies":[{"name":"wp","href":"https:\/\/api.w.org\/{rel}","templated":true}]}}