{"id":1814,"date":"2022-06-23T04:54:06","date_gmt":"2022-06-23T04:54:06","guid":{"rendered":"https:\/\/www.jimport.fi\/?post_type=product&#038;p=1814"},"modified":"2025-09-23T16:04:39","modified_gmt":"2025-09-23T13:04:39","slug":"sahkoteippi-17mm-x-26m","status":"publish","type":"product","link":"https:\/\/www.jimport.fi\/index.php\/tuote\/sahkoteippi-17mm-x-26m\/","title":{"rendered":"S\u00e4hk\u00f6teippi 17mm x 26m"},"content":{"rendered":"<h2>Tuotekuvaus<\/h2>\n<p>PVC-eristysnauha, jolla on korkea dielektrinen lujuus. Soveltuu kaapeliliitosten erist\u00e4miseen, valjaisiin ja korjauksiin.<\/p>\n<h3>Tuotteen ominaisuudet<\/h3>\n<ul>\n<li>Toimii jopa 80 \u00b0C:n l\u00e4mp\u00f6tiloissa<\/li>\n<li>Sopii sis\u00e4- ja ulkok\u00e4ytt\u00f6\u00f6n<\/li>\n<li>Paloa hidastava aine<\/li>\n<\/ul>\n<h4>Tekniset tiedot<\/h4>\n<ul>\n<li>Suurin l\u00e4mm\u00f6nkest\u00e4v\u00e4 l\u00e4mp\u00f6tila: 80 \u00b0C<\/li>\n<li>Pituus: 25 m<\/li>\n<li>Leveys: 17 mm<\/li>\n<li>Nauhan paksuus: 0,18 mm<\/li>\n<li>Murtokuorma: 26 N.cm<\/li>\n<li>Vikaj\u00e4nnite: 600V<\/li>\n<li>Venym\u00e4: 150%<\/li>\n<li>V\u00e4ri: musta<\/li>\n<\/ul>\n","protected":false},"excerpt":{"rendered":"<p>Vahva PVC teippi hyv\u00e4ll\u00e4 tartunnalla<\/p>\n","protected":false},"featured_media":1815,"template":"","meta":{"_monsterinsights_skip_tracking":false,"_monsterinsights_sitenote_active":false,"_monsterinsights_sitenote_note":"","_monsterinsights_sitenote_category":0,"neve_meta_sidebar":"","neve_meta_container":"","neve_meta_enable_content_width":"off","neve_meta_content_width":100,"neve_meta_title_alignment":"","neve_meta_author_avatar":"","neve_post_elements_order":"","neve_meta_disable_header":"","neve_meta_disable_footer":"","neve_meta_disable_title":"","_themeisle_gutenberg_block_has_review":false},"product_brand":[],"product_cat":[48,51],"product_tag":[],"class_list":{"0":"post-1814","1":"product","2":"type-product","3":"status-publish","4":"has-post-thumbnail","6":"product_cat-tarvikkeet","7":"product_cat-sahkotyokalut","9":"first","10":"instock","11":"taxable","12":"shipping-taxable","13":"purchasable","14":"product-type-simple"},"supplier_id":null,"supplier_sku":"","barcode":null,"atum_controlled":true,"out_stock_date":null,"out_stock_threshold":null,"inheritable":false,"inbound_stock":0,"stock_on_hold":0,"sold_today":0,"sales_last_days":0,"reserved_stock":0,"customer_returns":0,"warehouse_damage":0,"lost_in_post":0,"other_logs":0,"out_stock_days":0,"lost_sales":0,"has_location":false,"update_date":"2026-04-21T00:15:23","atum_locations":[],"atum_stock_status":"instock","restock_status":false,"low_stock_amount":"","sales_update_date":"2026-04-21T00:15:23","calc_backorders":null,"aioseo_notices":[],"_links":{"self":[{"href":"https:\/\/www.jimport.fi\/index.php\/wp-json\/wp\/v2\/product\/1814","targetHints":{"allow":["GET"]}}],"collection":[{"href":"https:\/\/www.jimport.fi\/index.php\/wp-json\/wp\/v2\/product"}],"about":[{"href":"https:\/\/www.jimport.fi\/index.php\/wp-json\/wp\/v2\/types\/product"}],"version-history":[{"count":4,"href":"https:\/\/www.jimport.fi\/index.php\/wp-json\/wp\/v2\/product\/1814\/revisions"}],"predecessor-version":[{"id":4975,"href":"https:\/\/www.jimport.fi\/index.php\/wp-json\/wp\/v2\/product\/1814\/revisions\/4975"}],"wp:featuredmedia":[{"embeddable":true,"href":"https:\/\/www.jimport.fi\/index.php\/wp-json\/wp\/v2\/media\/1815"}],"wp:attachment":[{"href":"https:\/\/www.jimport.fi\/index.php\/wp-json\/wp\/v2\/media?parent=1814"}],"wp:term":[{"taxonomy":"product_brand","embeddable":true,"href":"https:\/\/www.jimport.fi\/index.php\/wp-json\/wp\/v2\/product_brand?post=1814"},{"taxonomy":"product_cat","embeddable":true,"href":"https:\/\/www.jimport.fi\/index.php\/wp-json\/wp\/v2\/product_cat?post=1814"},{"taxonomy":"product_tag","embeddable":true,"href":"https:\/\/www.jimport.fi\/index.php\/wp-json\/wp\/v2\/product_tag?post=1814"}],"curies":[{"name":"wp","href":"https:\/\/api.w.org\/{rel}","templated":true}]}}