{"id":1831,"date":"2022-06-23T06:15:03","date_gmt":"2022-06-23T06:15:03","guid":{"rendered":"https:\/\/www.jimport.fi\/?post_type=product&#038;p=1831"},"modified":"2025-05-28T14:11:38","modified_gmt":"2025-05-28T11:11:38","slug":"tankkauspistooli-mittarilla","status":"publish","type":"product","link":"https:\/\/www.jimport.fi\/index.php\/tuote\/tankkauspistooli-mittarilla\/","title":{"rendered":"Tankkauspistooli mittarilla"},"content":{"rendered":"<h2>Tuotekuvaus<\/h2>\n<p>Ihanteellinen polttoaineen jakeluun maataloudessa ja rakennusty\u00f6mailla, joilla liikkuva tankkaus on yleist\u00e4. Vahva painevalettu alumiinirunko, jossa on irrotettava vipusuoja ja kiinte\u00e4 koukku ilman koteloa ripustamista varten.<\/p>\n<h3>Tuotteen ominaisuudet<\/h3>\n<ul>\n<li>Digitaalinen turbiinipolttoaineen virtausmittari<\/li>\n<li>Elektroninen LCD-n\u00e4ytt\u00f6<\/li>\n<li>\u00a0Vivun suojaus<\/li>\n<li>Kiinte\u00e4 koukku ripustamiseen ilman koteloa<\/li>\n<\/ul>\n<h4>Tekniset tiedot<\/h4>\n<ul>\n<li>\u00a0dieselille, moottori\u00f6ljylle<\/li>\n<li>Tuloaukon koko: 1&#8243; BSP<\/li>\n<li>Virtausnopeus: 20 &#8211; 60 l\/min<\/li>\n<li>K\u00e4ytt\u00f6l\u00e4mp\u00f6tila: -10 \u00b0C &#8230; +60 \u00b0C<\/li>\n<li>Virtausmittarin tarkkuus: +\/- 0,2%<\/li>\n<\/ul>\n","protected":false},"excerpt":{"rendered":"<p>Tankkauspistooli, jossa digitaalinen mittari<\/p>\n","protected":false},"featured_media":1832,"template":"","meta":{"_monsterinsights_skip_tracking":false,"_monsterinsights_sitenote_active":false,"_monsterinsights_sitenote_note":"","_monsterinsights_sitenote_category":0,"neve_meta_sidebar":"","neve_meta_container":"","neve_meta_enable_content_width":"off","neve_meta_content_width":100,"neve_meta_title_alignment":"","neve_meta_author_avatar":"","neve_post_elements_order":"","neve_meta_disable_header":"","neve_meta_disable_footer":"","neve_meta_disable_title":"","_themeisle_gutenberg_block_has_review":false},"product_brand":[],"product_cat":[60],"product_tag":[],"class_list":{"0":"post-1831","1":"product","2":"type-product","3":"status-publish","4":"has-post-thumbnail","6":"product_cat-tankkaus","8":"first","9":"instock","10":"taxable","11":"shipping-taxable","12":"purchasable","13":"product-type-simple"},"supplier_id":null,"supplier_sku":"","barcode":null,"atum_controlled":true,"out_stock_date":null,"out_stock_threshold":null,"inheritable":false,"inbound_stock":0,"stock_on_hold":0,"sold_today":0,"sales_last_days":0,"reserved_stock":0,"customer_returns":0,"warehouse_damage":0,"lost_in_post":0,"other_logs":0,"out_stock_days":0,"lost_sales":0,"has_location":false,"update_date":"2026-04-21T00:15:20","atum_locations":[],"atum_stock_status":"instock","restock_status":false,"low_stock_amount":"","sales_update_date":"2026-04-21T00:15:20","calc_backorders":null,"aioseo_notices":[],"_links":{"self":[{"href":"https:\/\/www.jimport.fi\/index.php\/wp-json\/wp\/v2\/product\/1831","targetHints":{"allow":["GET"]}}],"collection":[{"href":"https:\/\/www.jimport.fi\/index.php\/wp-json\/wp\/v2\/product"}],"about":[{"href":"https:\/\/www.jimport.fi\/index.php\/wp-json\/wp\/v2\/types\/product"}],"version-history":[{"count":3,"href":"https:\/\/www.jimport.fi\/index.php\/wp-json\/wp\/v2\/product\/1831\/revisions"}],"predecessor-version":[{"id":5128,"href":"https:\/\/www.jimport.fi\/index.php\/wp-json\/wp\/v2\/product\/1831\/revisions\/5128"}],"wp:featuredmedia":[{"embeddable":true,"href":"https:\/\/www.jimport.fi\/index.php\/wp-json\/wp\/v2\/media\/1832"}],"wp:attachment":[{"href":"https:\/\/www.jimport.fi\/index.php\/wp-json\/wp\/v2\/media?parent=1831"}],"wp:term":[{"taxonomy":"product_brand","embeddable":true,"href":"https:\/\/www.jimport.fi\/index.php\/wp-json\/wp\/v2\/product_brand?post=1831"},{"taxonomy":"product_cat","embeddable":true,"href":"https:\/\/www.jimport.fi\/index.php\/wp-json\/wp\/v2\/product_cat?post=1831"},{"taxonomy":"product_tag","embeddable":true,"href":"https:\/\/www.jimport.fi\/index.php\/wp-json\/wp\/v2\/product_tag?post=1831"}],"curies":[{"name":"wp","href":"https:\/\/api.w.org\/{rel}","templated":true}]}}