{"id":1849,"date":"2022-06-23T12:07:36","date_gmt":"2022-06-23T09:07:36","guid":{"rendered":"https:\/\/www.jimport.fi\/?post_type=product&#038;p=1849"},"modified":"2025-09-22T08:27:09","modified_gmt":"2025-09-22T05:27:09","slug":"tankkauspumppu-24v-40lmin","status":"publish","type":"product","link":"https:\/\/www.jimport.fi\/index.php\/tuote\/tankkauspumppu-24v-40lmin\/","title":{"rendered":"Tankkauspumppu 24V &#8211; 40lmin"},"content":{"rendered":"<h2>Tuotekuvaus<\/h2>\n<p>Itseimev\u00e4 24 V: n DC- tankkauspumppu suoralla vaihteistolla ja sis\u00e4isell\u00e4 kierr\u00e4tyksell\u00e4 pumpun k\u00e4ytt\u00f6i\u00e4n pident\u00e4miseksi. Ihanteellinen dieselin, kevyiden \u00f6ljyjen ja kerosiinin siirtoon. Valurautainen pumpun kotelo, k\u00e4sitelty korroosiota vastaan ja maalattu.<\/p>\n<p>EI saa k\u00e4ytt\u00e4\u00e4 bensiinin, alkoholin, biodieselin, dieselin korvikkeen tai muun palavan nesteen\/polttoaineen kanssa.<\/p>\n<h3>Tuotteen ominaisuudet<\/h3>\n<ul>\n<li>J\u00e4nnite 24V DC<\/li>\n<li>Sopii dieselille, \u00f6ljylle ja kerosiinille<\/li>\n<li>On\/Off-kytkin<\/li>\n<li>Tulo- ja ulostulon halkaisija: 3\/4&#8243;<\/li>\n<li>Sis\u00e4inen ohitusventtiili<\/li>\n<\/ul>\n<h4>Tekniset tiedot<\/h4>\n<ul>\n<li>Teho: 155W<\/li>\n<li>Tuloj\u00e4nnite: 24V<\/li>\n<li>Kuormittamaton nopeus: 2,800 rpm<\/li>\n<li>Jatkuva k\u00e4ytt\u00f6jakso: 30 minuuttia<\/li>\n<li>Suurin nostokorkeus: 3 m<\/li>\n<li>Itseimev\u00e4 jopa 10 m nestepinnan yl\u00e4puolella<\/li>\n<li>Virtausnopeus: jopa 40 l \/ min<\/li>\n<li>Tulo- ja ulostulon halkaisija: 3\/4&#8243;<\/li>\n<\/ul>\n<h4>Pakkauksen sis\u00e4lt\u00f6:<\/h4>\n<ul>\n<li>1x 24V DC itseimev\u00e4 tankkauspumppu<\/li>\n<li>4x varalamelli pumppuun<\/li>\n<li>2x liittimet 3\/4&#8243; ulkokierre \/ 1&#8243; letkulle<\/li>\n<li>1x verkkosuodatin<\/li>\n<li>2x alligaattori kiinnitin<\/li>\n<\/ul>\n","protected":false},"excerpt":{"rendered":"<p>Tankkauspumppu 24V dieselin ja \u00f6ljyjen siirtoon. Itseimev\u00e4. Sis\u00e4lt\u00e4\u00e4 my\u00f6s varalamellit pumppuun (joita ei kuvissa)<\/p>\n","protected":false},"featured_media":1850,"template":"","meta":{"_monsterinsights_skip_tracking":false,"_monsterinsights_sitenote_active":false,"_monsterinsights_sitenote_note":"","_monsterinsights_sitenote_category":0,"neve_meta_sidebar":"","neve_meta_container":"","neve_meta_enable_content_width":"off","neve_meta_content_width":100,"neve_meta_title_alignment":"","neve_meta_author_avatar":"","neve_post_elements_order":"","neve_meta_disable_header":"","neve_meta_disable_footer":"","neve_meta_disable_title":"","_themeisle_gutenberg_block_has_review":false},"product_brand":[],"product_cat":[60],"product_tag":[115,116,117,118],"class_list":{"0":"post-1849","1":"product","2":"type-product","3":"status-publish","4":"has-post-thumbnail","6":"product_cat-tankkaus","7":"product_tag-dieselpumppu","8":"product_tag-oljypumppu","9":"product_tag-polttoaineen-jakelu","10":"product_tag-siirtopumppu","12":"first","13":"instock","14":"sale","15":"taxable","16":"shipping-taxable","17":"purchasable","18":"product-type-simple"},"supplier_id":null,"supplier_sku":"","barcode":null,"atum_controlled":true,"out_stock_date":null,"out_stock_threshold":null,"inheritable":false,"inbound_stock":0,"stock_on_hold":0,"sold_today":0,"sales_last_days":0,"reserved_stock":0,"customer_returns":0,"warehouse_damage":0,"lost_in_post":0,"other_logs":0,"out_stock_days":0,"lost_sales":0,"has_location":false,"update_date":"2026-04-28T00:31:15","atum_locations":[],"atum_stock_status":"instock","restock_status":false,"low_stock_amount":"","sales_update_date":"2026-04-28T00:31:15","calc_backorders":null,"aioseo_notices":[],"_links":{"self":[{"href":"https:\/\/www.jimport.fi\/index.php\/wp-json\/wp\/v2\/product\/1849","targetHints":{"allow":["GET"]}}],"collection":[{"href":"https:\/\/www.jimport.fi\/index.php\/wp-json\/wp\/v2\/product"}],"about":[{"href":"https:\/\/www.jimport.fi\/index.php\/wp-json\/wp\/v2\/types\/product"}],"version-history":[{"count":6,"href":"https:\/\/www.jimport.fi\/index.php\/wp-json\/wp\/v2\/product\/1849\/revisions"}],"predecessor-version":[{"id":7308,"href":"https:\/\/www.jimport.fi\/index.php\/wp-json\/wp\/v2\/product\/1849\/revisions\/7308"}],"wp:featuredmedia":[{"embeddable":true,"href":"https:\/\/www.jimport.fi\/index.php\/wp-json\/wp\/v2\/media\/1850"}],"wp:attachment":[{"href":"https:\/\/www.jimport.fi\/index.php\/wp-json\/wp\/v2\/media?parent=1849"}],"wp:term":[{"taxonomy":"product_brand","embeddable":true,"href":"https:\/\/www.jimport.fi\/index.php\/wp-json\/wp\/v2\/product_brand?post=1849"},{"taxonomy":"product_cat","embeddable":true,"href":"https:\/\/www.jimport.fi\/index.php\/wp-json\/wp\/v2\/product_cat?post=1849"},{"taxonomy":"product_tag","embeddable":true,"href":"https:\/\/www.jimport.fi\/index.php\/wp-json\/wp\/v2\/product_tag?post=1849"}],"curies":[{"name":"wp","href":"https:\/\/api.w.org\/{rel}","templated":true}]}}