{"id":1860,"date":"2022-06-23T09:32:24","date_gmt":"2022-06-23T09:32:24","guid":{"rendered":"https:\/\/www.jimport.fi\/?post_type=product&#038;p=1860"},"modified":"2025-11-01T10:41:58","modified_gmt":"2025-11-01T07:41:58","slug":"mekaaninen-virtausmittari","status":"publish","type":"product","link":"https:\/\/www.jimport.fi\/index.php\/tuote\/mekaaninen-virtausmittari\/","title":{"rendered":"Mekaaninen virtausmittari"},"content":{"rendered":"<h2>Tuotekuvaus<\/h2>\n<p>Mekaaninen polttoaineen virtausmittari, joka soveltuu diesel- ja \u00f6ljynsiirtopumppuihin. N\u00e4m\u00e4 virtausmittarit ovat luotettavia, helppoja asentaa ja helppo kalibroida.<\/p>\n<h3>Tuotteen ominaisuudet<\/h3>\n<ul>\n<li>Lue: 3-numeroinen v\u00e4lisumma, 6-numeroinen summa<\/li>\n<li>Tarkkuus: \u00b14-5%<\/li>\n<li>Nesteen enimm\u00e4isl\u00e4mp\u00f6tila: 50\u00b0C<\/li>\n<li>Suurin virtausnopeus jopa 80 litraa minuutissa<\/li>\n<li>Suurin paine enint\u00e4\u00e4n 3,5 bar<\/li>\n<li>Liit\u00e4nt\u00e4 1&#8243; BSP<\/li>\n<\/ul>\n","protected":false},"excerpt":{"rendered":"<p>Tankkausmittari dieselille\/\u00f6ljyille<\/p>\n","protected":false},"featured_media":1861,"template":"","meta":{"_monsterinsights_skip_tracking":false,"_monsterinsights_sitenote_active":false,"_monsterinsights_sitenote_note":"","_monsterinsights_sitenote_category":0,"neve_meta_sidebar":"","neve_meta_container":"","neve_meta_enable_content_width":"off","neve_meta_content_width":100,"neve_meta_title_alignment":"","neve_meta_author_avatar":"","neve_post_elements_order":"","neve_meta_disable_header":"","neve_meta_disable_footer":"","neve_meta_disable_title":"","_themeisle_gutenberg_block_has_review":false},"product_brand":[],"product_cat":[60],"product_tag":[],"class_list":{"0":"post-1860","1":"product","2":"type-product","3":"status-publish","4":"has-post-thumbnail","6":"product_cat-tankkaus","8":"first","9":"outofstock","10":"taxable","11":"shipping-taxable","12":"purchasable","13":"product-type-simple"},"supplier_id":null,"supplier_sku":"","barcode":null,"atum_controlled":true,"out_stock_date":"2025-11-01 10:41:58","out_stock_threshold":null,"inheritable":false,"inbound_stock":0,"stock_on_hold":0,"sold_today":0,"sales_last_days":0,"reserved_stock":0,"customer_returns":0,"warehouse_damage":0,"lost_in_post":0,"other_logs":0,"out_stock_days":170,"lost_sales":1092,"has_location":false,"update_date":"2026-04-21T00:15:23","atum_locations":[],"atum_stock_status":"outofstock","restock_status":false,"low_stock_amount":"","sales_update_date":"2026-04-21T00:15:23","calc_backorders":null,"aioseo_notices":[],"_links":{"self":[{"href":"https:\/\/www.jimport.fi\/index.php\/wp-json\/wp\/v2\/product\/1860","targetHints":{"allow":["GET"]}}],"collection":[{"href":"https:\/\/www.jimport.fi\/index.php\/wp-json\/wp\/v2\/product"}],"about":[{"href":"https:\/\/www.jimport.fi\/index.php\/wp-json\/wp\/v2\/types\/product"}],"version-history":[{"count":3,"href":"https:\/\/www.jimport.fi\/index.php\/wp-json\/wp\/v2\/product\/1860\/revisions"}],"predecessor-version":[{"id":5099,"href":"https:\/\/www.jimport.fi\/index.php\/wp-json\/wp\/v2\/product\/1860\/revisions\/5099"}],"wp:featuredmedia":[{"embeddable":true,"href":"https:\/\/www.jimport.fi\/index.php\/wp-json\/wp\/v2\/media\/1861"}],"wp:attachment":[{"href":"https:\/\/www.jimport.fi\/index.php\/wp-json\/wp\/v2\/media?parent=1860"}],"wp:term":[{"taxonomy":"product_brand","embeddable":true,"href":"https:\/\/www.jimport.fi\/index.php\/wp-json\/wp\/v2\/product_brand?post=1860"},{"taxonomy":"product_cat","embeddable":true,"href":"https:\/\/www.jimport.fi\/index.php\/wp-json\/wp\/v2\/product_cat?post=1860"},{"taxonomy":"product_tag","embeddable":true,"href":"https:\/\/www.jimport.fi\/index.php\/wp-json\/wp\/v2\/product_tag?post=1860"}],"curies":[{"name":"wp","href":"https:\/\/api.w.org\/{rel}","templated":true}]}}