{"id":1899,"date":"2022-06-23T16:00:09","date_gmt":"2022-06-23T13:00:09","guid":{"rendered":"https:\/\/www.jimport.fi\/?post_type=product&#038;p=1899"},"modified":"2024-11-16T23:12:33","modified_gmt":"2024-11-16T20:12:33","slug":"hitachi-zaxis-hydraulioljy","status":"publish","type":"product","link":"https:\/\/www.jimport.fi\/index.php\/tuote\/hitachi-zaxis-hydraulioljy\/","title":{"rendered":"Hydrauli\u00f6ljy 20L"},"content":{"rendered":"<p>T\u00e4m\u00e4  hydrauli\u00f6ljy on sit\u00e4 t\u00e4ysin samaa \u00f6ljy\u00e4 jota myyd\u00e4\u00e4n Hitachi purkissa ja on my\u00f6s monen muun valmistajan ensiasennus \u00f6ljy. Total on eritt\u00e4in arvostettu voiteluaineiden valmistaja, ja siksi monet konevalmistajat, kuten Hitachi ovat ottaneet sen voiteluaineita myyntiin oman br\u00e4ndins\u00e4 alla.<\/p>\n","protected":false},"excerpt":{"rendered":"<p>Hitachi Zaxis hydrauli\u00f6ljy Total Equivis ISO VG 46<\/p>\n","protected":false},"featured_media":1900,"template":"","meta":{"_monsterinsights_skip_tracking":false,"_monsterinsights_sitenote_active":false,"_monsterinsights_sitenote_note":"","_monsterinsights_sitenote_category":0,"neve_meta_sidebar":"","neve_meta_container":"","neve_meta_enable_content_width":"off","neve_meta_content_width":100,"neve_meta_title_alignment":"","neve_meta_author_avatar":"","neve_post_elements_order":"","neve_meta_disable_header":"","neve_meta_disable_footer":"","neve_meta_disable_title":"","_themeisle_gutenberg_block_has_review":false},"product_brand":[],"product_cat":[72],"product_tag":[],"class_list":{"0":"post-1899","1":"product","2":"type-product","3":"status-publish","4":"has-post-thumbnail","6":"product_cat-oljyt-ja-rasva","8":"first","9":"outofstock","10":"taxable","11":"shipping-taxable","12":"purchasable","13":"product-type-simple"},"supplier_id":null,"supplier_sku":"","barcode":null,"atum_controlled":true,"out_stock_date":"2024-11-16 23:07:23","out_stock_threshold":null,"inheritable":false,"inbound_stock":0,"stock_on_hold":0,"sold_today":0,"sales_last_days":0,"reserved_stock":0,"customer_returns":0,"warehouse_damage":0,"lost_in_post":0,"other_logs":0,"out_stock_days":528,"lost_sales":0,"has_location":false,"update_date":"2026-04-29T00:31:42","atum_locations":[],"atum_stock_status":"outofstock","restock_status":false,"low_stock_amount":"","sales_update_date":"2026-04-29T00:31:42","calc_backorders":null,"aioseo_notices":[],"_links":{"self":[{"href":"https:\/\/www.jimport.fi\/index.php\/wp-json\/wp\/v2\/product\/1899","targetHints":{"allow":["GET"]}}],"collection":[{"href":"https:\/\/www.jimport.fi\/index.php\/wp-json\/wp\/v2\/product"}],"about":[{"href":"https:\/\/www.jimport.fi\/index.php\/wp-json\/wp\/v2\/types\/product"}],"version-history":[{"count":8,"href":"https:\/\/www.jimport.fi\/index.php\/wp-json\/wp\/v2\/product\/1899\/revisions"}],"predecessor-version":[{"id":7364,"href":"https:\/\/www.jimport.fi\/index.php\/wp-json\/wp\/v2\/product\/1899\/revisions\/7364"}],"wp:featuredmedia":[{"embeddable":true,"href":"https:\/\/www.jimport.fi\/index.php\/wp-json\/wp\/v2\/media\/1900"}],"wp:attachment":[{"href":"https:\/\/www.jimport.fi\/index.php\/wp-json\/wp\/v2\/media?parent=1899"}],"wp:term":[{"taxonomy":"product_brand","embeddable":true,"href":"https:\/\/www.jimport.fi\/index.php\/wp-json\/wp\/v2\/product_brand?post=1899"},{"taxonomy":"product_cat","embeddable":true,"href":"https:\/\/www.jimport.fi\/index.php\/wp-json\/wp\/v2\/product_cat?post=1899"},{"taxonomy":"product_tag","embeddable":true,"href":"https:\/\/www.jimport.fi\/index.php\/wp-json\/wp\/v2\/product_tag?post=1899"}],"curies":[{"name":"wp","href":"https:\/\/api.w.org\/{rel}","templated":true}]}}