{"id":1950,"date":"2022-06-24T04:39:57","date_gmt":"2022-06-24T04:39:57","guid":{"rendered":"https:\/\/www.jimport.fi\/?post_type=product&#038;p=1950"},"modified":"2023-12-13T20:33:08","modified_gmt":"2023-12-13T17:33:08","slug":"tyokalusarja-187os-raikkalenkeilla","status":"publish","type":"product","link":"https:\/\/www.jimport.fi\/index.php\/tuote\/tyokalusarja-187os-raikkalenkeilla\/","title":{"rendered":"Ty\u00f6kalusarja 187os r\u00e4ikk\u00e4lenkeill\u00e4"},"content":{"rendered":"<h2>Tuotekuvaus<\/h2>\n<h3>Tuotteen ominaisuudet<\/h3>\n<ul>\n<li>helppo kuljettaa<\/li>\n<li>sis\u00e4lt\u00e4\u00e4 187-osaa yleisimmin k\u00e4ytettyj\u00e4 ty\u00f6kaluja<\/li>\n<li>toimitetaan lukittavassa (2 avainta mukana) k\u00e4tev\u00e4ss\u00e4 matkalaukussa<\/li>\n<\/ul>\n<h4>Pakkauksen sis\u00e4lt\u00f6:<\/h4>\n<ul>\n<li>Magneettinen ter\u00e4n pidike<\/li>\n<li>Teleskooppinen magneetti<\/li>\n<li>12-pister\u00e4ikk\u00e4yhdistelm\u00e4avaimet: 8, 9, 10, 11, 12, 13, 14, 15, 17, 19 mm<\/li>\n<li>Pihti 6&#8243;<\/li>\n<li>K\u00e4rkipihti 7&#8243;<\/li>\n<li>Sivuleikkuri 7&#8243;<\/li>\n<li>Jakoavain 8&#8243;<\/li>\n<li>Vesipumppu pihti 10&#8243;<\/li>\n<li>Mattoveitsi<\/li>\n<li>Lukkopihti<\/li>\n<li>Liimapistooli 2kpl liimapuikoilla<\/li>\n<li>Vasara<\/li>\n<li>Vatupassi<\/li>\n<li>Abicopihdit<\/li>\n<li>Muovilaatikko valikoimalla<\/li>\n<li>2kpl jousitoimiset puristimet 90mm<\/li>\n<li>Mittanauha 5m<\/li>\n<li>1\/2&#8243; &amp;; 1\/4&#8243; r\u00e4ik\u00e4t<\/li>\n<li>1\/2&#8243; &amp;; 1\/4&#8243; nivelet<\/li>\n<li>1\/2&#8243; &amp;; 1\/4&#8243;\u00a0 T-kahva<\/li>\n<li>1\/4&#8243; jatkovarsi 50 &amp;; 100 mm<\/li>\n<li>1\/2&#8243; jatkovarsi 110 mm<\/li>\n<li>1\/4&#8243; joustava jatkovarsi 150 mm<\/li>\n<li>1\/4&#8243; ruuvimeisseli v\u00e4\u00e4nnin 150 mm<\/li>\n<li>1\/4&#8243; hylsyt (L=19mm): 4, 4,5, 4, 5,5, 6, 7, 8, 9, 10, 11, 12, 13 mm<\/li>\n<li>1\/2&#8243; hylsyt (L=35mm): 10, 11, 12, 13, 14, 15, 16, 17, 18, 19, 20, 21, 22, 23, 24, 27, 30 mm<\/li>\n<li>1\/2&#8243; sytytystulppahylsyt 16, 21mm<\/li>\n<li>Kuusiokoloavaimet: 1,5, 2, 2,5, 3, 4, 5, 6, 8, 10 mm<\/li>\n<li>Ruuvimeisselit:\n<ul>\n<li>Ura: 3x75mm, 4x100mm, 5x75mm, 6x38mm, 6x100mm<\/li>\n<li>Philips PH0x75mm, PH1x100mm, PH1x75mm, PH2x38mm, PH2x100mm, PH3x150mm<\/li>\n<li>Eristetyt VDE-ruuvimeisselit: uritettu 4x100mm, 5,5x100mm; Philips PH1x100mm<\/li>\n<li>K\u00e4sien testi<\/li>\n<li>Tarkkuusruuvimeisselit 1, 1.4, 1.8, 2.4mm, #0, #1<\/li>\n<\/ul>\n<\/li>\n<li>R\u00e4ikk\u00e4 ruuvimeisseli<\/li>\n<li>bitsit:\n<ul>\n<li>Taltta: 3, 4, 5, 6, 7 mm<\/li>\n<li>Philips: PH0, PH1, PH2, PH3, PH4<\/li>\n<li>Pozidrive: PZ1, PZ2<\/li>\n<li>Kuusio: H3, H4, H5, H6, H7, H8<\/li>\n<li>TORX: T10, T15, T20, T25, T30, T35<\/li>\n<\/ul>\n<\/li>\n<\/ul>\n","protected":false},"excerpt":{"rendered":"<p>Tee se itse miehen unelma ty\u00f6kalusarja. Geko<\/p>\n","protected":false},"featured_media":1951,"template":"","meta":{"_monsterinsights_skip_tracking":false,"_monsterinsights_sitenote_active":false,"_monsterinsights_sitenote_note":"","_monsterinsights_sitenote_category":0,"neve_meta_sidebar":"","neve_meta_container":"","neve_meta_enable_content_width":"off","neve_meta_content_width":100,"neve_meta_title_alignment":"","neve_meta_author_avatar":"","neve_post_elements_order":"","neve_meta_disable_header":"","neve_meta_disable_footer":"","neve_meta_disable_title":"","_themeisle_gutenberg_block_has_review":false},"product_brand":[],"product_cat":[91],"product_tag":[],"class_list":{"0":"post-1950","1":"product","2":"type-product","3":"status-publish","4":"has-post-thumbnail","6":"product_cat-tyokalusarjat","8":"first","9":"instock","10":"taxable","11":"shipping-taxable","12":"purchasable","13":"product-type-simple"},"supplier_id":null,"supplier_sku":"","barcode":null,"atum_controlled":true,"out_stock_date":null,"out_stock_threshold":null,"inheritable":false,"inbound_stock":0,"stock_on_hold":0,"sold_today":0,"sales_last_days":0,"reserved_stock":0,"customer_returns":0,"warehouse_damage":0,"lost_in_post":0,"other_logs":0,"out_stock_days":0,"lost_sales":0,"has_location":false,"update_date":"2026-04-29T00:31:42","atum_locations":[],"atum_stock_status":"instock","restock_status":false,"low_stock_amount":"","sales_update_date":"2026-04-29T00:31:42","calc_backorders":null,"aioseo_notices":[],"_links":{"self":[{"href":"https:\/\/www.jimport.fi\/index.php\/wp-json\/wp\/v2\/product\/1950","targetHints":{"allow":["GET"]}}],"collection":[{"href":"https:\/\/www.jimport.fi\/index.php\/wp-json\/wp\/v2\/product"}],"about":[{"href":"https:\/\/www.jimport.fi\/index.php\/wp-json\/wp\/v2\/types\/product"}],"version-history":[{"count":6,"href":"https:\/\/www.jimport.fi\/index.php\/wp-json\/wp\/v2\/product\/1950\/revisions"}],"predecessor-version":[{"id":6610,"href":"https:\/\/www.jimport.fi\/index.php\/wp-json\/wp\/v2\/product\/1950\/revisions\/6610"}],"wp:featuredmedia":[{"embeddable":true,"href":"https:\/\/www.jimport.fi\/index.php\/wp-json\/wp\/v2\/media\/1951"}],"wp:attachment":[{"href":"https:\/\/www.jimport.fi\/index.php\/wp-json\/wp\/v2\/media?parent=1950"}],"wp:term":[{"taxonomy":"product_brand","embeddable":true,"href":"https:\/\/www.jimport.fi\/index.php\/wp-json\/wp\/v2\/product_brand?post=1950"},{"taxonomy":"product_cat","embeddable":true,"href":"https:\/\/www.jimport.fi\/index.php\/wp-json\/wp\/v2\/product_cat?post=1950"},{"taxonomy":"product_tag","embeddable":true,"href":"https:\/\/www.jimport.fi\/index.php\/wp-json\/wp\/v2\/product_tag?post=1950"}],"curies":[{"name":"wp","href":"https:\/\/api.w.org\/{rel}","templated":true}]}}