{"id":1962,"date":"2022-06-25T06:34:06","date_gmt":"2022-06-25T06:34:06","guid":{"rendered":"https:\/\/www.jimport.fi\/?post_type=product&#038;p=1962"},"modified":"2026-04-27T09:42:34","modified_gmt":"2026-04-27T06:42:34","slug":"tyokasine-nitriili-7-koko","status":"publish","type":"product","link":"https:\/\/www.jimport.fi\/index.php\/tuote\/tyokasine-nitriili-7-koko\/","title":{"rendered":"Ty\u00f6k\u00e4sine nitriili 7 koko"},"content":{"rendered":"<p>Hemmottele naista uusilla k\u00e4sineill\u00e4 tai jos itse haluat erottua ty\u00f6paikalla.<\/p>\n<h2>Tuotekuvaus<\/h2>\n<p>Naisten ty\u00f6k\u00e4sineet nitriilipinnoitteella. K\u00e4sineet t\u00e4ytt\u00e4v\u00e4t EN 388 -standardin vaatimukset (ns. viiltosuoja k\u00e4sineet).<\/p>\n","protected":false},"excerpt":{"rendered":"<p>Viiltosuojak\u00e4sineet\/pari, joustavat<\/p>\n","protected":false},"featured_media":1965,"template":"","meta":{"_monsterinsights_skip_tracking":false,"_monsterinsights_sitenote_active":false,"_monsterinsights_sitenote_note":"","_monsterinsights_sitenote_category":0,"neve_meta_sidebar":"","neve_meta_container":"","neve_meta_enable_content_width":"off","neve_meta_content_width":100,"neve_meta_title_alignment":"","neve_meta_author_avatar":"","neve_post_elements_order":"","neve_meta_disable_header":"","neve_meta_disable_footer":"","neve_meta_disable_title":"","_themeisle_gutenberg_block_has_review":false},"product_brand":[],"product_cat":[94],"product_tag":[],"class_list":{"0":"post-1962","1":"product","2":"type-product","3":"status-publish","4":"has-post-thumbnail","6":"product_cat-tyohanskat","8":"first","9":"instock","10":"taxable","11":"shipping-taxable","12":"purchasable","13":"product-type-simple"},"supplier_id":null,"supplier_sku":"","barcode":null,"atum_controlled":true,"out_stock_date":null,"out_stock_threshold":null,"inheritable":false,"inbound_stock":0,"stock_on_hold":0,"sold_today":0,"sales_last_days":0,"reserved_stock":0,"customer_returns":0,"warehouse_damage":0,"lost_in_post":0,"other_logs":0,"out_stock_days":0,"lost_sales":0,"has_location":false,"update_date":"2026-05-13T01:00:13","atum_locations":[],"atum_stock_status":"instock","restock_status":false,"low_stock_amount":"","sales_update_date":"2026-05-13T01:00:13","calc_backorders":null,"aioseo_notices":[],"_links":{"self":[{"href":"https:\/\/www.jimport.fi\/index.php\/wp-json\/wp\/v2\/product\/1962","targetHints":{"allow":["GET"]}}],"collection":[{"href":"https:\/\/www.jimport.fi\/index.php\/wp-json\/wp\/v2\/product"}],"about":[{"href":"https:\/\/www.jimport.fi\/index.php\/wp-json\/wp\/v2\/types\/product"}],"version-history":[{"count":3,"href":"https:\/\/www.jimport.fi\/index.php\/wp-json\/wp\/v2\/product\/1962\/revisions"}],"predecessor-version":[{"id":5051,"href":"https:\/\/www.jimport.fi\/index.php\/wp-json\/wp\/v2\/product\/1962\/revisions\/5051"}],"wp:featuredmedia":[{"embeddable":true,"href":"https:\/\/www.jimport.fi\/index.php\/wp-json\/wp\/v2\/media\/1965"}],"wp:attachment":[{"href":"https:\/\/www.jimport.fi\/index.php\/wp-json\/wp\/v2\/media?parent=1962"}],"wp:term":[{"taxonomy":"product_brand","embeddable":true,"href":"https:\/\/www.jimport.fi\/index.php\/wp-json\/wp\/v2\/product_brand?post=1962"},{"taxonomy":"product_cat","embeddable":true,"href":"https:\/\/www.jimport.fi\/index.php\/wp-json\/wp\/v2\/product_cat?post=1962"},{"taxonomy":"product_tag","embeddable":true,"href":"https:\/\/www.jimport.fi\/index.php\/wp-json\/wp\/v2\/product_tag?post=1962"}],"curies":[{"name":"wp","href":"https:\/\/api.w.org\/{rel}","templated":true}]}}