{"id":1982,"date":"2022-06-25T07:48:39","date_gmt":"2022-06-25T07:48:39","guid":{"rendered":"https:\/\/www.jimport.fi\/?post_type=product&#038;p=1982"},"modified":"2025-03-28T12:34:01","modified_gmt":"2025-03-28T09:34:01","slug":"tyohanskat-lateksi-sininen-10koko","status":"publish","type":"product","link":"https:\/\/www.jimport.fi\/index.php\/tuote\/tyohanskat-lateksi-sininen-10koko\/","title":{"rendered":"Ty\u00f6hanskat lateksi\/sininen 10koko"},"content":{"rendered":"<h2>Tuotekuvaus<\/h2>\n<p>Ty\u00f6k\u00e4sineet polyesteri\u00e4. Lis\u00e4ksi koko k\u00e4si on peitetty vaahtolateksilla, mik\u00e4 tekee k\u00e4sineist\u00e4 eritt\u00e4in kest\u00e4vi\u00e4 eik\u00e4 rajoita ty\u00f6t\u00e4.<\/p>\n<p>K\u00e4sineit\u00e4 k\u00e4ytet\u00e4\u00e4n usein kaikenlaisiin mekaanisiin, puutarha-, rakennus- ja kotitaloust\u00f6ihin.<\/p>\n<p><strong>Tuotteen ominaisuudet:<\/strong><\/p>\n<ul>\n<li>Koko 10<\/li>\n<li>k\u00e4sineet, jotka on p\u00e4\u00e4llystetty pehme\u00e4ll\u00e4 vaahtomuovilla, jolla on huokoinen rakenne<\/li>\n<li>korkea leikkausten ja repe\u00e4mien kest\u00e4vyys.<\/li>\n<\/ul>\n","protected":false},"excerpt":{"rendered":"<p>Polyesteri\u00e4 karhealla lateksipinnalla (pitoa rasvaisenakin) \/pari<\/p>\n","protected":false},"featured_media":1983,"template":"","meta":{"_monsterinsights_skip_tracking":false,"_monsterinsights_sitenote_active":false,"_monsterinsights_sitenote_note":"","_monsterinsights_sitenote_category":0,"neve_meta_sidebar":"","neve_meta_container":"","neve_meta_enable_content_width":"off","neve_meta_content_width":100,"neve_meta_title_alignment":"","neve_meta_author_avatar":"","neve_post_elements_order":"","neve_meta_disable_header":"","neve_meta_disable_footer":"","neve_meta_disable_title":"","_themeisle_gutenberg_block_has_review":false},"product_brand":[],"product_cat":[94],"product_tag":[],"class_list":{"0":"post-1982","1":"product","2":"type-product","3":"status-publish","4":"has-post-thumbnail","6":"product_cat-tyohanskat","8":"first","9":"instock","10":"taxable","11":"shipping-taxable","12":"purchasable","13":"product-type-simple"},"supplier_id":null,"supplier_sku":"","barcode":null,"atum_controlled":true,"out_stock_date":null,"out_stock_threshold":null,"inheritable":false,"inbound_stock":0,"stock_on_hold":0,"sold_today":0,"sales_last_days":0,"reserved_stock":0,"customer_returns":0,"warehouse_damage":0,"lost_in_post":0,"other_logs":0,"out_stock_days":0,"lost_sales":0,"has_location":false,"update_date":"2026-05-13T01:00:05","atum_locations":[],"atum_stock_status":"instock","restock_status":false,"low_stock_amount":"","sales_update_date":"2026-05-13T01:00:05","calc_backorders":null,"aioseo_notices":[],"_links":{"self":[{"href":"https:\/\/www.jimport.fi\/index.php\/wp-json\/wp\/v2\/product\/1982","targetHints":{"allow":["GET"]}}],"collection":[{"href":"https:\/\/www.jimport.fi\/index.php\/wp-json\/wp\/v2\/product"}],"about":[{"href":"https:\/\/www.jimport.fi\/index.php\/wp-json\/wp\/v2\/types\/product"}],"version-history":[{"count":3,"href":"https:\/\/www.jimport.fi\/index.php\/wp-json\/wp\/v2\/product\/1982\/revisions"}],"predecessor-version":[{"id":5041,"href":"https:\/\/www.jimport.fi\/index.php\/wp-json\/wp\/v2\/product\/1982\/revisions\/5041"}],"wp:featuredmedia":[{"embeddable":true,"href":"https:\/\/www.jimport.fi\/index.php\/wp-json\/wp\/v2\/media\/1983"}],"wp:attachment":[{"href":"https:\/\/www.jimport.fi\/index.php\/wp-json\/wp\/v2\/media?parent=1982"}],"wp:term":[{"taxonomy":"product_brand","embeddable":true,"href":"https:\/\/www.jimport.fi\/index.php\/wp-json\/wp\/v2\/product_brand?post=1982"},{"taxonomy":"product_cat","embeddable":true,"href":"https:\/\/www.jimport.fi\/index.php\/wp-json\/wp\/v2\/product_cat?post=1982"},{"taxonomy":"product_tag","embeddable":true,"href":"https:\/\/www.jimport.fi\/index.php\/wp-json\/wp\/v2\/product_tag?post=1982"}],"curies":[{"name":"wp","href":"https:\/\/api.w.org\/{rel}","templated":true}]}}