{"id":2066,"date":"2022-06-26T07:20:52","date_gmt":"2022-06-26T04:20:52","guid":{"rendered":"https:\/\/www.jimport.fi\/?post_type=product&#038;p=2066"},"modified":"2024-11-03T14:59:11","modified_gmt":"2024-11-03T11:59:11","slug":"jannitetesteri-10-250v-ac-dc","status":"publish","type":"product","link":"https:\/\/www.jimport.fi\/index.php\/tuote\/jannitetesteri-10-250v-ac-dc\/","title":{"rendered":"Virtakyn\u00e4 digitaalinen 10-250V AC\/DC"},"content":{"rendered":"<p>J\u00e4nnitemittaus n\u00e4ytt\u00e4\u00e4 kosketuksessa j\u00e4nnitteen tasa- ja vaihtovirta 10-250V<\/p>\n<p>Induktiomittaus tunnistaa magneettikent\u00e4n johtimen ymp\u00e4rilt\u00e4 ja magneettiventtiileist\u00e4 (voi paikantaa esim. katkoskohdan johdossa)<\/p>\n","protected":false},"excerpt":{"rendered":"<p>Virtakyn\u00e4, joka mittaa j\u00e4nnitteen ja tunnistaa induktion. Geko<\/p>\n","protected":false},"featured_media":2067,"template":"","meta":{"_monsterinsights_skip_tracking":false,"_monsterinsights_sitenote_active":false,"_monsterinsights_sitenote_note":"","_monsterinsights_sitenote_category":0,"neve_meta_sidebar":"","neve_meta_container":"","neve_meta_enable_content_width":"off","neve_meta_content_width":100,"neve_meta_title_alignment":"","neve_meta_author_avatar":"","neve_post_elements_order":"","neve_meta_disable_header":"","neve_meta_disable_footer":"","neve_meta_disable_title":"","_themeisle_gutenberg_block_has_review":false},"product_brand":[],"product_cat":[51],"product_tag":[],"class_list":{"0":"post-2066","1":"product","2":"type-product","3":"status-publish","4":"has-post-thumbnail","6":"product_cat-sahkotyokalut","8":"first","9":"instock","10":"taxable","11":"shipping-taxable","12":"purchasable","13":"product-type-simple"},"supplier_id":null,"supplier_sku":"","barcode":null,"atum_controlled":true,"out_stock_date":null,"out_stock_threshold":null,"inheritable":false,"inbound_stock":0,"stock_on_hold":0,"sold_today":0,"sales_last_days":0,"reserved_stock":0,"customer_returns":0,"warehouse_damage":0,"lost_in_post":0,"other_logs":0,"out_stock_days":0,"lost_sales":0,"has_location":false,"update_date":"2026-04-15T03:44:31","atum_locations":[],"atum_stock_status":"instock","restock_status":false,"low_stock_amount":"","sales_update_date":"2026-04-15T03:44:31","calc_backorders":null,"aioseo_notices":[],"_links":{"self":[{"href":"https:\/\/www.jimport.fi\/index.php\/wp-json\/wp\/v2\/product\/2066","targetHints":{"allow":["GET"]}}],"collection":[{"href":"https:\/\/www.jimport.fi\/index.php\/wp-json\/wp\/v2\/product"}],"about":[{"href":"https:\/\/www.jimport.fi\/index.php\/wp-json\/wp\/v2\/types\/product"}],"version-history":[{"count":4,"href":"https:\/\/www.jimport.fi\/index.php\/wp-json\/wp\/v2\/product\/2066\/revisions"}],"predecessor-version":[{"id":4971,"href":"https:\/\/www.jimport.fi\/index.php\/wp-json\/wp\/v2\/product\/2066\/revisions\/4971"}],"wp:featuredmedia":[{"embeddable":true,"href":"https:\/\/www.jimport.fi\/index.php\/wp-json\/wp\/v2\/media\/2067"}],"wp:attachment":[{"href":"https:\/\/www.jimport.fi\/index.php\/wp-json\/wp\/v2\/media?parent=2066"}],"wp:term":[{"taxonomy":"product_brand","embeddable":true,"href":"https:\/\/www.jimport.fi\/index.php\/wp-json\/wp\/v2\/product_brand?post=2066"},{"taxonomy":"product_cat","embeddable":true,"href":"https:\/\/www.jimport.fi\/index.php\/wp-json\/wp\/v2\/product_cat?post=2066"},{"taxonomy":"product_tag","embeddable":true,"href":"https:\/\/www.jimport.fi\/index.php\/wp-json\/wp\/v2\/product_tag?post=2066"}],"curies":[{"name":"wp","href":"https:\/\/api.w.org\/{rel}","templated":true}]}}