{"id":2086,"date":"2022-06-26T08:45:10","date_gmt":"2022-06-26T05:45:10","guid":{"rendered":"https:\/\/www.jimport.fi\/?post_type=product&#038;p=2086"},"modified":"2025-12-27T13:01:47","modified_gmt":"2025-12-27T10:01:47","slug":"pitkat-voimahylsyt-1-2-10-32mm","status":"publish","type":"product","link":"https:\/\/www.jimport.fi\/index.php\/tuote\/pitkat-voimahylsyt-1-2-10-32mm\/","title":{"rendered":"Pitk\u00e4t voimahylsyt 1\/2&#8243; 10-32mm"},"content":{"rendered":"<h2>Tuotekuvaus<\/h2>\n<p>Pitk\u00e4t voimahylsyt (L = 78mm) 1\/2&#8243; neli\u00f6asema. Se sis\u00e4lt\u00e4\u00e4 16 hylsy\u00e4: 10, 11, 12, 13, 14, 15,16, 17, 18, 19, 21, 22, 24, 27, 30, 32 mm.<\/p>\n<h3>Tuotteen ominaisuudet<\/h3>\n<ul>\n<li>Matta viimeistely<\/li>\n<li>Valmistettu Cr-V-ter\u00e4ksest\u00e4<\/li>\n<li>Kest\u00e4v\u00e4ss\u00e4 muovisessa s\u00e4ilytyskotelossa<\/li>\n<\/ul>\n","protected":false},"excerpt":{"rendered":"<p>Pitk\u00e4t voimahylsyt pulttipyssyyn ja kasin v\u00e4\u00e4nt\u00e4miseen<\/p>\n","protected":false},"featured_media":2087,"template":"","meta":{"_monsterinsights_skip_tracking":false,"_monsterinsights_sitenote_active":false,"_monsterinsights_sitenote_note":"","_monsterinsights_sitenote_category":0,"neve_meta_sidebar":"","neve_meta_container":"","neve_meta_enable_content_width":"off","neve_meta_content_width":100,"neve_meta_title_alignment":"","neve_meta_author_avatar":"","neve_post_elements_order":"","neve_meta_disable_header":"","neve_meta_disable_footer":"","neve_meta_disable_title":"","_themeisle_gutenberg_block_has_review":false},"product_brand":[],"product_cat":[31],"product_tag":[],"class_list":{"0":"post-2086","1":"product","2":"type-product","3":"status-publish","4":"has-post-thumbnail","6":"product_cat-pulttikoneet-ja-hylsyt","8":"first","9":"outofstock","10":"taxable","11":"shipping-taxable","12":"purchasable","13":"product-type-simple"},"supplier_id":null,"supplier_sku":"","barcode":null,"atum_controlled":true,"out_stock_date":"2025-12-27 13:01:47","out_stock_threshold":null,"inheritable":false,"inbound_stock":0,"stock_on_hold":0,"sold_today":0,"sales_last_days":0,"reserved_stock":0,"customer_returns":0,"warehouse_damage":0,"lost_in_post":0,"other_logs":0,"out_stock_days":102,"lost_sales":859,"has_location":false,"update_date":"2026-04-09T03:27:05","atum_locations":[],"atum_stock_status":"outofstock","restock_status":false,"low_stock_amount":"","sales_update_date":"2026-04-09T03:27:05","calc_backorders":null,"aioseo_notices":[],"_links":{"self":[{"href":"https:\/\/www.jimport.fi\/index.php\/wp-json\/wp\/v2\/product\/2086","targetHints":{"allow":["GET"]}}],"collection":[{"href":"https:\/\/www.jimport.fi\/index.php\/wp-json\/wp\/v2\/product"}],"about":[{"href":"https:\/\/www.jimport.fi\/index.php\/wp-json\/wp\/v2\/types\/product"}],"version-history":[{"count":3,"href":"https:\/\/www.jimport.fi\/index.php\/wp-json\/wp\/v2\/product\/2086\/revisions"}],"predecessor-version":[{"id":4920,"href":"https:\/\/www.jimport.fi\/index.php\/wp-json\/wp\/v2\/product\/2086\/revisions\/4920"}],"wp:featuredmedia":[{"embeddable":true,"href":"https:\/\/www.jimport.fi\/index.php\/wp-json\/wp\/v2\/media\/2087"}],"wp:attachment":[{"href":"https:\/\/www.jimport.fi\/index.php\/wp-json\/wp\/v2\/media?parent=2086"}],"wp:term":[{"taxonomy":"product_brand","embeddable":true,"href":"https:\/\/www.jimport.fi\/index.php\/wp-json\/wp\/v2\/product_brand?post=2086"},{"taxonomy":"product_cat","embeddable":true,"href":"https:\/\/www.jimport.fi\/index.php\/wp-json\/wp\/v2\/product_cat?post=2086"},{"taxonomy":"product_tag","embeddable":true,"href":"https:\/\/www.jimport.fi\/index.php\/wp-json\/wp\/v2\/product_tag?post=2086"}],"curies":[{"name":"wp","href":"https:\/\/api.w.org\/{rel}","templated":true}]}}