{"id":2098,"date":"2022-06-26T09:41:24","date_gmt":"2022-06-26T09:41:24","guid":{"rendered":"https:\/\/www.jimport.fi\/?post_type=product&#038;p=2098"},"modified":"2024-09-28T12:09:27","modified_gmt":"2024-09-28T09:09:27","slug":"yleismittari-geko-33b","status":"publish","type":"product","link":"https:\/\/www.jimport.fi\/index.php\/tuote\/yleismittari-geko-33b\/","title":{"rendered":"Yleismittari Geko 33B"},"content":{"rendered":"<p>Harraste ja satunnaisk\u00e4ytt\u00f6\u00f6n aivan riitt\u00e4v\u00e4n hyv\u00e4 yleismittari, varmasti p\u00e4rj\u00e4\u00e4 autojen ja koneiden kanssa, mutta piisaa pitk\u00e4lle, vaikka vaativammissakin elektroniikka hommissa.<\/p>\n<h2>Tuotekuvaus<\/h2>\n<p>DT33-sarjan digitaalinen yleismittari on k\u00e4yt\u00e4nn\u00f6llinen ty\u00f6kalu s\u00e4hk\u00f6asentajille, harrastajille ja yleiseen kotitalousk\u00e4ytt\u00f6\u00f6n. Sit\u00e4 on helppo k\u00e4ytt\u00e4\u00e4 ja siin\u00e4 on monia erilaisia toimintoja virran, j\u00e4nnitteen ja vastuksen mittaamiseen sek\u00e4 jatkuvuuden, akun ja diodien testaukseen.<\/p>\n<h3>Tuotteen ominaisuudet<\/h3>\n<ul>\n<li>3 1\/2 numeroa LCD-n\u00e4ytt\u00f6<\/li>\n<li>Data Hold &#8211; se tallentaa n\u00e4yt\u00f6n lukeman, kun sit\u00e4 painetaan<\/li>\n<li>Pariston j\u00e4nnitteen testi<\/li>\n<li>Alhaisen j\u00e4nnitteen ilmaisin<\/li>\n<li>Mukana 2 x testimittap\u00e4\u00e4<\/li>\n<\/ul>\n<h4>Tekniset tiedot<\/h4>\n<ul>\n<li>Tyyppi: Digitaalinen yleismittari<\/li>\n<li>Mittaus: vaihtoj\u00e4nnite, tasaj\u00e4nnite, tasavirta, vastus, akun j\u00e4nnite<\/li>\n<li>N\u00e4yt\u00f6n tyyppi: LCD (1999), taustavalo<\/li>\n<li>DC-j\u00e4nnite: 200mV &#8211; 500V<\/li>\n<li>DC-j\u00e4nnitteen tarkkuus: \u00b1 (0,5% + 2 dgt)<\/li>\n<li>AC-j\u00e4nnite: 200 &#8211; 500V<\/li>\n<li>AC-j\u00e4nnitteen tarkkuus: \u00b1 (1,2% + 10 dgt)<\/li>\n<li>DC-virta: 200\u03bcA &#8211; 10A<\/li>\n<li>DC-virran tarkkuus: \u00b1 (1% + 2 dgt)<\/li>\n<li>Vastus: 2008486; &#8211; 20M8486;<\/li>\n<li>vastuksen tarkkuus: \u00b1 (1,2% + 2 dgt)<\/li>\n<li>Akun j\u00e4nnitetesti: 1.5V, 9V, 12V<\/li>\n<li>Dioditesti: Kyll\u00e4<\/li>\n<li>Jatkuvuussummeri: Piirin vastus R &lt;108486;<\/li>\n<li>Alhaisen paristovirran ilmaisin: Kyll\u00e4<\/li>\n<li>Koko: 130 x 73 x 37mm<\/li>\n<li>Paino: 182g<\/li>\n<li>Voimanl\u00e4hteen\u00e4: paristo 9V 6F22<\/li>\n<li>Suojaus: sulake 500mA<\/li>\n<\/ul>\n","protected":false},"excerpt":{"rendered":"<p>Perusmallin yleismittari yleisimpiin s\u00e4hk\u00f6t\u00f6ihin<\/p>\n","protected":false},"featured_media":2099,"template":"","meta":{"_monsterinsights_skip_tracking":false,"_monsterinsights_sitenote_active":false,"_monsterinsights_sitenote_note":"","_monsterinsights_sitenote_category":0,"neve_meta_sidebar":"","neve_meta_container":"","neve_meta_enable_content_width":"off","neve_meta_content_width":100,"neve_meta_title_alignment":"","neve_meta_author_avatar":"","neve_post_elements_order":"","neve_meta_disable_header":"","neve_meta_disable_footer":"","neve_meta_disable_title":"","_themeisle_gutenberg_block_has_review":false},"product_brand":[],"product_cat":[51,77],"product_tag":[],"class_list":{"0":"post-2098","1":"product","2":"type-product","3":"status-publish","4":"has-post-thumbnail","6":"product_cat-sahkotyokalut","7":"product_cat-vianselvitys","9":"first","10":"instock","11":"taxable","12":"shipping-taxable","13":"purchasable","14":"product-type-simple"},"supplier_id":null,"supplier_sku":"","barcode":null,"atum_controlled":true,"out_stock_date":null,"out_stock_threshold":null,"inheritable":false,"inbound_stock":0,"stock_on_hold":0,"sold_today":0,"sales_last_days":0,"reserved_stock":0,"customer_returns":0,"warehouse_damage":0,"lost_in_post":0,"other_logs":0,"out_stock_days":0,"lost_sales":0,"has_location":false,"update_date":"2026-04-27T00:28:48","atum_locations":[],"atum_stock_status":"instock","restock_status":false,"low_stock_amount":"","sales_update_date":"2026-04-27T00:28:48","calc_backorders":null,"aioseo_notices":[],"_links":{"self":[{"href":"https:\/\/www.jimport.fi\/index.php\/wp-json\/wp\/v2\/product\/2098","targetHints":{"allow":["GET"]}}],"collection":[{"href":"https:\/\/www.jimport.fi\/index.php\/wp-json\/wp\/v2\/product"}],"about":[{"href":"https:\/\/www.jimport.fi\/index.php\/wp-json\/wp\/v2\/types\/product"}],"version-history":[{"count":4,"href":"https:\/\/www.jimport.fi\/index.php\/wp-json\/wp\/v2\/product\/2098\/revisions"}],"predecessor-version":[{"id":4969,"href":"https:\/\/www.jimport.fi\/index.php\/wp-json\/wp\/v2\/product\/2098\/revisions\/4969"}],"wp:featuredmedia":[{"embeddable":true,"href":"https:\/\/www.jimport.fi\/index.php\/wp-json\/wp\/v2\/media\/2099"}],"wp:attachment":[{"href":"https:\/\/www.jimport.fi\/index.php\/wp-json\/wp\/v2\/media?parent=2098"}],"wp:term":[{"taxonomy":"product_brand","embeddable":true,"href":"https:\/\/www.jimport.fi\/index.php\/wp-json\/wp\/v2\/product_brand?post=2098"},{"taxonomy":"product_cat","embeddable":true,"href":"https:\/\/www.jimport.fi\/index.php\/wp-json\/wp\/v2\/product_cat?post=2098"},{"taxonomy":"product_tag","embeddable":true,"href":"https:\/\/www.jimport.fi\/index.php\/wp-json\/wp\/v2\/product_tag?post=2098"}],"curies":[{"name":"wp","href":"https:\/\/api.w.org\/{rel}","templated":true}]}}