{"id":2119,"date":"2022-06-26T11:16:42","date_gmt":"2022-06-26T11:16:42","guid":{"rendered":"https:\/\/www.jimport.fi\/?post_type=product&#038;p=2119"},"modified":"2025-02-26T20:09:44","modified_gmt":"2025-02-26T17:09:44","slug":"suodatinavain-80-105mm","status":"publish","type":"product","link":"https:\/\/www.jimport.fi\/index.php\/tuote\/suodatinavain-80-105mm\/","title":{"rendered":"Suodatinavain s\u00e4\u00e4tyv\u00e4 80-105mm"},"content":{"rendered":"<p>Uusinta tekniikkaa suodatinavain rintamalla. Todella nerokas automaattisesti s\u00e4\u00e4tyv\u00e4 suodatinavain, erityisesti ahtaisiin paikkoihin. Helppo asettaa paikalleen ahtaassakin paikassa ja ottaa hyvin kiinni suodattimeen, eik\u00e4 tarvitse k\u00e4dell\u00e4 auttaa alkuun. Suodatinavain puristuu sit\u00e4 lujemmin kiinni, mit\u00e4 lujemmin t\u00e4ytyy v\u00e4\u00e4nt\u00e4\u00e4 suodatin auki.<\/p>\n","protected":false},"excerpt":{"rendered":"<p>Suodatinty\u00f6kalu suodattimien avaamiseen ja kirist\u00e4miseen. Geko<\/p>\n","protected":false},"featured_media":2120,"template":"","meta":{"_monsterinsights_skip_tracking":false,"_monsterinsights_sitenote_active":false,"_monsterinsights_sitenote_note":"","_monsterinsights_sitenote_category":0,"neve_meta_sidebar":"","neve_meta_container":"","neve_meta_enable_content_width":"off","neve_meta_content_width":100,"neve_meta_title_alignment":"","neve_meta_author_avatar":"","neve_post_elements_order":"","neve_meta_disable_header":"","neve_meta_disable_footer":"","neve_meta_disable_title":"","_themeisle_gutenberg_block_has_review":false},"product_brand":[],"product_cat":[52],"product_tag":[],"class_list":{"0":"post-2119","1":"product","2":"type-product","3":"status-publish","4":"has-post-thumbnail","6":"product_cat-huoltovalineet","8":"first","9":"instock","10":"taxable","11":"shipping-taxable","12":"purchasable","13":"product-type-simple"},"supplier_id":null,"supplier_sku":"","barcode":null,"atum_controlled":true,"out_stock_date":null,"out_stock_threshold":null,"inheritable":false,"inbound_stock":0,"stock_on_hold":0,"sold_today":0,"sales_last_days":0,"reserved_stock":0,"customer_returns":0,"warehouse_damage":0,"lost_in_post":0,"other_logs":0,"out_stock_days":0,"lost_sales":0,"has_location":false,"update_date":"2026-05-13T01:00:04","atum_locations":[],"atum_stock_status":"instock","restock_status":false,"low_stock_amount":"","sales_update_date":"2026-05-13T01:00:04","calc_backorders":null,"aioseo_notices":[],"_links":{"self":[{"href":"https:\/\/www.jimport.fi\/index.php\/wp-json\/wp\/v2\/product\/2119","targetHints":{"allow":["GET"]}}],"collection":[{"href":"https:\/\/www.jimport.fi\/index.php\/wp-json\/wp\/v2\/product"}],"about":[{"href":"https:\/\/www.jimport.fi\/index.php\/wp-json\/wp\/v2\/types\/product"}],"version-history":[{"count":4,"href":"https:\/\/www.jimport.fi\/index.php\/wp-json\/wp\/v2\/product\/2119\/revisions"}],"predecessor-version":[{"id":4189,"href":"https:\/\/www.jimport.fi\/index.php\/wp-json\/wp\/v2\/product\/2119\/revisions\/4189"}],"wp:featuredmedia":[{"embeddable":true,"href":"https:\/\/www.jimport.fi\/index.php\/wp-json\/wp\/v2\/media\/2120"}],"wp:attachment":[{"href":"https:\/\/www.jimport.fi\/index.php\/wp-json\/wp\/v2\/media?parent=2119"}],"wp:term":[{"taxonomy":"product_brand","embeddable":true,"href":"https:\/\/www.jimport.fi\/index.php\/wp-json\/wp\/v2\/product_brand?post=2119"},{"taxonomy":"product_cat","embeddable":true,"href":"https:\/\/www.jimport.fi\/index.php\/wp-json\/wp\/v2\/product_cat?post=2119"},{"taxonomy":"product_tag","embeddable":true,"href":"https:\/\/www.jimport.fi\/index.php\/wp-json\/wp\/v2\/product_tag?post=2119"}],"curies":[{"name":"wp","href":"https:\/\/api.w.org\/{rel}","templated":true}]}}