{"id":2133,"date":"2022-06-26T11:57:24","date_gmt":"2022-06-26T11:57:24","guid":{"rendered":"https:\/\/www.jimport.fi\/?post_type=product&#038;p=2133"},"modified":"2024-12-10T14:48:38","modified_gmt":"2024-12-10T11:48:38","slug":"oljynpainemittaussarja-vaihteistoille-12os","status":"publish","type":"product","link":"https:\/\/www.jimport.fi\/index.php\/tuote\/oljynpainemittaussarja-vaihteistoille-12os\/","title":{"rendered":"\u00d6ljynpaine mittaussarja vaihteistoille 12os"},"content":{"rendered":"<h2>Tuotekuvaus<\/h2>\n<p>ERITELM\u00c4T:<\/p>\n<p>Mittausalue: 0\u2013500 PSI \/ 0\u201335 baaria.<\/p>\n<p>Mittari: PSI ja Bar<\/p>\n<p>Letkun pituus: 60cm<\/p>\n<p>Sovittimien m\u00e4\u00e4r\u00e4 sarjassa: 12<\/p>\n<p>K\u00e4ytt\u00f6: kuorma-autot ja henkil\u00f6autot<\/p>\n<p>Setti sis\u00e4lt\u00e4\u00e4:<\/p>\n<p>&#8211; Manometri ( mittari )<\/p>\n<p>&#8211; 12 sovitinta<\/p>\n<p>&#8211; k\u00e4tev\u00e4 salkku s\u00e4ilytt\u00e4miseen<\/p>\n","protected":false},"excerpt":{"rendered":"<p>Mittausalue 0-35bar. Soveltuu my\u00f6s moottorin \u00f6ljynpaineen mittaukseen.<\/p>\n","protected":false},"featured_media":2134,"template":"","meta":{"_monsterinsights_skip_tracking":false,"_monsterinsights_sitenote_active":false,"_monsterinsights_sitenote_note":"","_monsterinsights_sitenote_category":0,"neve_meta_sidebar":"","neve_meta_container":"","neve_meta_enable_content_width":"off","neve_meta_content_width":100,"neve_meta_title_alignment":"","neve_meta_author_avatar":"","neve_post_elements_order":"","neve_meta_disable_header":"","neve_meta_disable_footer":"","neve_meta_disable_title":"","_themeisle_gutenberg_block_has_review":false},"product_brand":[],"product_cat":[77],"product_tag":[],"class_list":{"0":"post-2133","1":"product","2":"type-product","3":"status-publish","4":"has-post-thumbnail","6":"product_cat-vianselvitys","8":"first","9":"instock","10":"taxable","11":"shipping-taxable","12":"purchasable","13":"product-type-simple"},"supplier_id":null,"supplier_sku":"","barcode":null,"atum_controlled":true,"out_stock_date":null,"out_stock_threshold":null,"inheritable":false,"inbound_stock":0,"stock_on_hold":0,"sold_today":0,"sales_last_days":0,"reserved_stock":0,"customer_returns":0,"warehouse_damage":0,"lost_in_post":0,"other_logs":0,"out_stock_days":0,"lost_sales":0,"has_location":false,"update_date":"2026-05-13T01:00:04","atum_locations":[],"atum_stock_status":"instock","restock_status":false,"low_stock_amount":"","sales_update_date":"2026-05-13T01:00:04","calc_backorders":null,"aioseo_notices":[],"_links":{"self":[{"href":"https:\/\/www.jimport.fi\/index.php\/wp-json\/wp\/v2\/product\/2133","targetHints":{"allow":["GET"]}}],"collection":[{"href":"https:\/\/www.jimport.fi\/index.php\/wp-json\/wp\/v2\/product"}],"about":[{"href":"https:\/\/www.jimport.fi\/index.php\/wp-json\/wp\/v2\/types\/product"}],"version-history":[{"count":4,"href":"https:\/\/www.jimport.fi\/index.php\/wp-json\/wp\/v2\/product\/2133\/revisions"}],"predecessor-version":[{"id":5181,"href":"https:\/\/www.jimport.fi\/index.php\/wp-json\/wp\/v2\/product\/2133\/revisions\/5181"}],"wp:featuredmedia":[{"embeddable":true,"href":"https:\/\/www.jimport.fi\/index.php\/wp-json\/wp\/v2\/media\/2134"}],"wp:attachment":[{"href":"https:\/\/www.jimport.fi\/index.php\/wp-json\/wp\/v2\/media?parent=2133"}],"wp:term":[{"taxonomy":"product_brand","embeddable":true,"href":"https:\/\/www.jimport.fi\/index.php\/wp-json\/wp\/v2\/product_brand?post=2133"},{"taxonomy":"product_cat","embeddable":true,"href":"https:\/\/www.jimport.fi\/index.php\/wp-json\/wp\/v2\/product_cat?post=2133"},{"taxonomy":"product_tag","embeddable":true,"href":"https:\/\/www.jimport.fi\/index.php\/wp-json\/wp\/v2\/product_tag?post=2133"}],"curies":[{"name":"wp","href":"https:\/\/api.w.org\/{rel}","templated":true}]}}