{"id":2293,"date":"2022-06-28T10:05:10","date_gmt":"2022-06-28T10:05:10","guid":{"rendered":"https:\/\/www.jimport.fi\/?post_type=product&#038;p=2293"},"modified":"2025-06-02T19:17:55","modified_gmt":"2025-06-02T16:17:55","slug":"pa-suodatinavain-hitachi","status":"publish","type":"product","link":"https:\/\/www.jimport.fi\/index.php\/tuote\/pa-suodatinavain-hitachi\/","title":{"rendered":"Hitachi suodatin-avain"},"content":{"rendered":"<p>T\u00e4m\u00e4 Hitachi suodatinavain on Hitachi huoltohommissa aivan ehdoton. Muovikupit on usein niin tiukassa, ett\u00e4 jollain tavallisella suodatinavaimella saa sen kupin vain halkeamaan, sen hintaa ja toimitusaikaa voi sitten vain alkaa kysell\u00e4 varaosakaupasta.<\/p>\n","protected":false},"excerpt":{"rendered":"<p>Hitachin suodatinavain Zaxis malleihin ja mm. Kobelcojen polttoainesuodattimien muovikuppien avaamiseen.<\/p>\n","protected":false},"featured_media":2839,"template":"","meta":{"_monsterinsights_skip_tracking":false,"_monsterinsights_sitenote_active":false,"_monsterinsights_sitenote_note":"","_monsterinsights_sitenote_category":0,"neve_meta_sidebar":"","neve_meta_container":"","neve_meta_enable_content_width":"off","neve_meta_content_width":100,"neve_meta_title_alignment":"","neve_meta_author_avatar":"","neve_post_elements_order":"","neve_meta_disable_header":"","neve_meta_disable_footer":"","neve_meta_disable_title":"","_themeisle_gutenberg_block_has_review":false},"product_brand":[],"product_cat":[73,52],"product_tag":[],"class_list":{"0":"post-2293","1":"product","2":"type-product","3":"status-publish","4":"has-post-thumbnail","6":"product_cat-hitachi-tavaraa","7":"product_cat-huoltovalineet","9":"first","10":"outofstock","11":"taxable","12":"shipping-taxable","13":"purchasable","14":"product-type-simple"},"supplier_id":null,"supplier_sku":"","barcode":null,"atum_controlled":true,"out_stock_date":"2025-06-02 19:17:55","out_stock_threshold":null,"inheritable":false,"inbound_stock":0,"stock_on_hold":0,"sold_today":0,"sales_last_days":0,"reserved_stock":0,"customer_returns":0,"warehouse_damage":0,"lost_in_post":0,"other_logs":0,"out_stock_days":330,"lost_sales":1838,"has_location":false,"update_date":"2026-04-29T00:31:52","atum_locations":[],"atum_stock_status":"outofstock","restock_status":false,"low_stock_amount":"","sales_update_date":"2026-04-29T00:31:52","calc_backorders":null,"aioseo_notices":[],"_links":{"self":[{"href":"https:\/\/www.jimport.fi\/index.php\/wp-json\/wp\/v2\/product\/2293","targetHints":{"allow":["GET"]}}],"collection":[{"href":"https:\/\/www.jimport.fi\/index.php\/wp-json\/wp\/v2\/product"}],"about":[{"href":"https:\/\/www.jimport.fi\/index.php\/wp-json\/wp\/v2\/types\/product"}],"version-history":[{"count":4,"href":"https:\/\/www.jimport.fi\/index.php\/wp-json\/wp\/v2\/product\/2293\/revisions"}],"predecessor-version":[{"id":4061,"href":"https:\/\/www.jimport.fi\/index.php\/wp-json\/wp\/v2\/product\/2293\/revisions\/4061"}],"wp:featuredmedia":[{"embeddable":true,"href":"https:\/\/www.jimport.fi\/index.php\/wp-json\/wp\/v2\/media\/2839"}],"wp:attachment":[{"href":"https:\/\/www.jimport.fi\/index.php\/wp-json\/wp\/v2\/media?parent=2293"}],"wp:term":[{"taxonomy":"product_brand","embeddable":true,"href":"https:\/\/www.jimport.fi\/index.php\/wp-json\/wp\/v2\/product_brand?post=2293"},{"taxonomy":"product_cat","embeddable":true,"href":"https:\/\/www.jimport.fi\/index.php\/wp-json\/wp\/v2\/product_cat?post=2293"},{"taxonomy":"product_tag","embeddable":true,"href":"https:\/\/www.jimport.fi\/index.php\/wp-json\/wp\/v2\/product_tag?post=2293"}],"curies":[{"name":"wp","href":"https:\/\/api.w.org\/{rel}","templated":true}]}}