{"id":2299,"date":"2022-06-28T12:04:50","date_gmt":"2022-06-28T12:04:50","guid":{"rendered":"https:\/\/www.jimport.fi\/?post_type=product&#038;p=2299"},"modified":"2025-05-13T14:44:25","modified_gmt":"2025-05-13T11:44:25","slug":"letku-25mm-oljynkestava","status":"publish","type":"product","link":"https:\/\/www.jimport.fi\/index.php\/tuote\/letku-25mm-oljynkestava\/","title":{"rendered":"Letku 25mm \u00f6ljynkest\u00e4v\u00e4"},"content":{"rendered":"<p>Tuote on suunniteltu nesteiden, bensiinin ja \u00f6ljyjen, kaasujen, jauheiden pumppaamiseen, joiden k\u00e4ytt\u00f6paine on 0,8 MPa (23 \u00b0C: ssa).<br \/>\nL\u00e4mp\u00f6tila-alue -25 \u00b0C &#8211; +70 \u00b0C.<\/p>\n","protected":false},"excerpt":{"rendered":"<p>Hinta\/ 1kpl = 1metri (leikataan metrien mukaan)<\/p>\n","protected":false},"featured_media":2301,"template":"","meta":{"_monsterinsights_skip_tracking":false,"_monsterinsights_sitenote_active":false,"_monsterinsights_sitenote_note":"","_monsterinsights_sitenote_category":0,"neve_meta_sidebar":"","neve_meta_container":"","neve_meta_enable_content_width":"off","neve_meta_content_width":100,"neve_meta_title_alignment":"","neve_meta_author_avatar":"","neve_post_elements_order":"","neve_meta_disable_header":"","neve_meta_disable_footer":"","neve_meta_disable_title":"","_themeisle_gutenberg_block_has_review":false},"product_brand":[],"product_cat":[60],"product_tag":[],"class_list":{"0":"post-2299","1":"product","2":"type-product","3":"status-publish","4":"has-post-thumbnail","6":"product_cat-tankkaus","8":"first","9":"outofstock","10":"taxable","11":"shipping-taxable","12":"purchasable","13":"product-type-simple"},"supplier_id":null,"supplier_sku":"","barcode":null,"atum_controlled":true,"out_stock_date":"2025-05-13 14:44:25","out_stock_threshold":null,"inheritable":false,"inbound_stock":0,"stock_on_hold":0,"sold_today":0,"sales_last_days":0,"reserved_stock":0,"customer_returns":0,"warehouse_damage":0,"lost_in_post":0,"other_logs":0,"out_stock_days":364,"lost_sales":2704,"has_location":false,"update_date":"2026-05-13T00:59:52","atum_locations":[],"atum_stock_status":"outofstock","restock_status":false,"low_stock_amount":"","sales_update_date":"2026-05-13T00:59:52","calc_backorders":null,"aioseo_notices":[],"_links":{"self":[{"href":"https:\/\/www.jimport.fi\/index.php\/wp-json\/wp\/v2\/product\/2299","targetHints":{"allow":["GET"]}}],"collection":[{"href":"https:\/\/www.jimport.fi\/index.php\/wp-json\/wp\/v2\/product"}],"about":[{"href":"https:\/\/www.jimport.fi\/index.php\/wp-json\/wp\/v2\/types\/product"}],"version-history":[{"count":1,"href":"https:\/\/www.jimport.fi\/index.php\/wp-json\/wp\/v2\/product\/2299\/revisions"}],"predecessor-version":[{"id":2302,"href":"https:\/\/www.jimport.fi\/index.php\/wp-json\/wp\/v2\/product\/2299\/revisions\/2302"}],"wp:featuredmedia":[{"embeddable":true,"href":"https:\/\/www.jimport.fi\/index.php\/wp-json\/wp\/v2\/media\/2301"}],"wp:attachment":[{"href":"https:\/\/www.jimport.fi\/index.php\/wp-json\/wp\/v2\/media?parent=2299"}],"wp:term":[{"taxonomy":"product_brand","embeddable":true,"href":"https:\/\/www.jimport.fi\/index.php\/wp-json\/wp\/v2\/product_brand?post=2299"},{"taxonomy":"product_cat","embeddable":true,"href":"https:\/\/www.jimport.fi\/index.php\/wp-json\/wp\/v2\/product_cat?post=2299"},{"taxonomy":"product_tag","embeddable":true,"href":"https:\/\/www.jimport.fi\/index.php\/wp-json\/wp\/v2\/product_tag?post=2299"}],"curies":[{"name":"wp","href":"https:\/\/api.w.org\/{rel}","templated":true}]}}