{"id":2315,"date":"2022-06-29T07:37:05","date_gmt":"2022-06-29T07:37:05","guid":{"rendered":"https:\/\/www.jimport.fi\/?post_type=product&#038;p=2315"},"modified":"2025-02-08T12:17:02","modified_gmt":"2025-02-08T09:17:02","slug":"hitachi-testeri","status":"publish","type":"product","link":"https:\/\/www.jimport.fi\/index.php\/tuote\/hitachi-testeri\/","title":{"rendered":"Hitachi testeri"},"content":{"rendered":"<p>Hitachi testeri on Hitachi Zaxis-3 sarjan alkuaikoina merkkihuoltojen testerin\u00e4 k\u00e4ytt\u00e4m\u00e4 Palm k\u00e4mmentietokone, jossa asennettuna Dr ZX ohjelma, jolla p\u00e4\u00e4see n\u00e4kem\u00e4\u00e4n koneen sielunel\u00e4m\u00e4\u00e4<\/p>\n<p>Kosketusn\u00e4ytt\u00f6, jota varten mukana &#8221;kyn\u00e4&#8221;. Laite on ns. kunnostettu (n\u00e4yt\u00f6n pinta vaihdettu \/ akku). Kaapelit ovat uusia kaikki. Erityisesti vanhempien koneiden kanssa hy\u00f6dyllinen (ZX-1 vanhemmat) joissa ei ole mit\u00e4\u00e4n omaa diagnostiikkaa. Ja t\u00e4ll\u00e4 voi ZX-3:seen tehd\u00e4 vaikka ja mit\u00e4 mm. lis\u00e4hydrauliikka ohjelmia, suuttimien koodaus\/testaus jne. Mukaan Englannin kielisi\u00e4 ohjeita levyll\u00e4 ja netist\u00e4 l\u00f6ytyy my\u00f6s esim. &#8221;Dr ZX guide&#8221; haulla. Ja jos hinta tuntuu kovalta, niin se on huolto ukolta sellainen pikavisiitti\/ vikakoodin luku keikka jo saman hintainen. Ja aika moni on valmis maksamaan, jos joku muu pystyy vikakoodit lukemaan. Jos ei itsell\u00e4 intoa opetella, niin laita &#8221;poika&#8221; asialle. Heti k\u00e4ytt\u00f6valmis, akkukin pyrit\u00e4\u00e4n lataamaan valmiiksi.<\/p>\n","protected":false},"excerpt":{"rendered":"<p>Hitachi testeri Hitachi EX-2 sarjasta ZX-3 sarjaan. Kunnostettu\/ k\u00e4ytetty<\/p>\n","protected":false},"featured_media":2316,"template":"","meta":{"_monsterinsights_skip_tracking":false,"_monsterinsights_sitenote_active":false,"_monsterinsights_sitenote_note":"","_monsterinsights_sitenote_category":0,"neve_meta_sidebar":"","neve_meta_container":"","neve_meta_enable_content_width":"off","neve_meta_content_width":100,"neve_meta_title_alignment":"","neve_meta_author_avatar":"","neve_post_elements_order":"","neve_meta_disable_header":"","neve_meta_disable_footer":"","neve_meta_disable_title":"","_themeisle_gutenberg_block_has_review":false},"product_brand":[],"product_cat":[73,77],"product_tag":[],"class_list":{"0":"post-2315","1":"product","2":"type-product","3":"status-publish","4":"has-post-thumbnail","6":"product_cat-hitachi-tavaraa","7":"product_cat-vianselvitys","9":"first","10":"outofstock","11":"taxable","12":"shipping-taxable","13":"purchasable","14":"product-type-simple"},"supplier_id":null,"supplier_sku":"","barcode":null,"atum_controlled":true,"out_stock_date":"2025-02-08 12:17:02","out_stock_threshold":null,"inheritable":false,"inbound_stock":0,"stock_on_hold":0,"sold_today":0,"sales_last_days":0,"reserved_stock":0,"customer_returns":0,"warehouse_damage":0,"lost_in_post":0,"other_logs":0,"out_stock_days":445,"lost_sales":0,"has_location":false,"update_date":"2026-04-30T00:32:20","atum_locations":[],"atum_stock_status":"outofstock","restock_status":false,"low_stock_amount":"","sales_update_date":"2026-04-30T00:32:20","calc_backorders":null,"aioseo_notices":[],"_links":{"self":[{"href":"https:\/\/www.jimport.fi\/index.php\/wp-json\/wp\/v2\/product\/2315","targetHints":{"allow":["GET"]}}],"collection":[{"href":"https:\/\/www.jimport.fi\/index.php\/wp-json\/wp\/v2\/product"}],"about":[{"href":"https:\/\/www.jimport.fi\/index.php\/wp-json\/wp\/v2\/types\/product"}],"version-history":[{"count":6,"href":"https:\/\/www.jimport.fi\/index.php\/wp-json\/wp\/v2\/product\/2315\/revisions"}],"predecessor-version":[{"id":4079,"href":"https:\/\/www.jimport.fi\/index.php\/wp-json\/wp\/v2\/product\/2315\/revisions\/4079"}],"wp:featuredmedia":[{"embeddable":true,"href":"https:\/\/www.jimport.fi\/index.php\/wp-json\/wp\/v2\/media\/2316"}],"wp:attachment":[{"href":"https:\/\/www.jimport.fi\/index.php\/wp-json\/wp\/v2\/media?parent=2315"}],"wp:term":[{"taxonomy":"product_brand","embeddable":true,"href":"https:\/\/www.jimport.fi\/index.php\/wp-json\/wp\/v2\/product_brand?post=2315"},{"taxonomy":"product_cat","embeddable":true,"href":"https:\/\/www.jimport.fi\/index.php\/wp-json\/wp\/v2\/product_cat?post=2315"},{"taxonomy":"product_tag","embeddable":true,"href":"https:\/\/www.jimport.fi\/index.php\/wp-json\/wp\/v2\/product_tag?post=2315"}],"curies":[{"name":"wp","href":"https:\/\/api.w.org\/{rel}","templated":true}]}}