{"id":2323,"date":"2022-06-29T12:33:36","date_gmt":"2022-06-29T09:33:36","guid":{"rendered":"https:\/\/www.jimport.fi\/?post_type=product&#038;p=2323"},"modified":"2025-11-28T00:04:42","modified_gmt":"2025-11-27T21:04:42","slug":"hitachi-diagnostiikkakaapeli-ohjelma","status":"publish","type":"product","link":"https:\/\/www.jimport.fi\/index.php\/tuote\/hitachi-diagnostiikkakaapeli-ohjelma\/","title":{"rendered":"Hitachi diagnostiikka kaapeli+ ohjelma"},"content":{"rendered":"<p>Palm testerin ohjelma l\u00e4pp\u00e4rille asennettavana versiona. Voit valjastaa vanhan l\u00e4pp\u00e4risi hy\u00f6tyk\u00e4ytt\u00f6\u00f6n. T\u00e4ytyisi olla Windows 10:nt\u00e4 vanhempi k\u00e4ytt\u00f6j\u00e4rjestelm\u00e4. Kympin kanssa ilmeisesti saa toimimaan, jos l\u00f6yt\u00e4\u00e4 sopivan ajurin.<\/p>\n<p>Ja merkkihuollon alvillinen tuntihintahan on siin\u00e4 n:130euroa, ett\u00e4 voi mietti\u00e4 investointia silt\u00e4 kannalta. Ja viel\u00e4 jos keksii ottaa maksua muiltakin vianselvityksist\u00e4. \ud83d\ude09<\/p>\n","protected":false},"excerpt":{"rendered":"<p>EX-2 &gt; ZX-3 koneiden diagnostiikkaty\u00f6kalu l\u00e4pp\u00e4rille<\/p>\n","protected":false},"featured_media":2324,"template":"","meta":{"_monsterinsights_skip_tracking":false,"_monsterinsights_sitenote_active":false,"_monsterinsights_sitenote_note":"","_monsterinsights_sitenote_category":0,"neve_meta_sidebar":"","neve_meta_container":"","neve_meta_enable_content_width":"off","neve_meta_content_width":100,"neve_meta_title_alignment":"","neve_meta_author_avatar":"","neve_post_elements_order":"","neve_meta_disable_header":"","neve_meta_disable_footer":"","neve_meta_disable_title":"","_themeisle_gutenberg_block_has_review":false},"product_brand":[],"product_cat":[73,77],"product_tag":[],"class_list":{"0":"post-2323","1":"product","2":"type-product","3":"status-publish","4":"has-post-thumbnail","6":"product_cat-hitachi-tavaraa","7":"product_cat-vianselvitys","9":"first","10":"outofstock","11":"taxable","12":"shipping-taxable","13":"purchasable","14":"product-type-simple"},"supplier_id":null,"supplier_sku":"","barcode":null,"atum_controlled":true,"out_stock_date":"2025-11-28 00:04:42","out_stock_threshold":null,"inheritable":false,"inbound_stock":0,"stock_on_hold":0,"sold_today":0,"sales_last_days":0,"reserved_stock":0,"customer_returns":0,"warehouse_damage":0,"lost_in_post":0,"other_logs":0,"out_stock_days":153,"lost_sales":2710,"has_location":false,"update_date":"2026-04-30T00:32:01","atum_locations":[],"atum_stock_status":"outofstock","restock_status":false,"low_stock_amount":"","sales_update_date":"2026-04-30T00:32:01","calc_backorders":null,"aioseo_notices":[],"_links":{"self":[{"href":"https:\/\/www.jimport.fi\/index.php\/wp-json\/wp\/v2\/product\/2323","targetHints":{"allow":["GET"]}}],"collection":[{"href":"https:\/\/www.jimport.fi\/index.php\/wp-json\/wp\/v2\/product"}],"about":[{"href":"https:\/\/www.jimport.fi\/index.php\/wp-json\/wp\/v2\/types\/product"}],"version-history":[{"count":4,"href":"https:\/\/www.jimport.fi\/index.php\/wp-json\/wp\/v2\/product\/2323\/revisions"}],"predecessor-version":[{"id":7563,"href":"https:\/\/www.jimport.fi\/index.php\/wp-json\/wp\/v2\/product\/2323\/revisions\/7563"}],"wp:featuredmedia":[{"embeddable":true,"href":"https:\/\/www.jimport.fi\/index.php\/wp-json\/wp\/v2\/media\/2324"}],"wp:attachment":[{"href":"https:\/\/www.jimport.fi\/index.php\/wp-json\/wp\/v2\/media?parent=2323"}],"wp:term":[{"taxonomy":"product_brand","embeddable":true,"href":"https:\/\/www.jimport.fi\/index.php\/wp-json\/wp\/v2\/product_brand?post=2323"},{"taxonomy":"product_cat","embeddable":true,"href":"https:\/\/www.jimport.fi\/index.php\/wp-json\/wp\/v2\/product_cat?post=2323"},{"taxonomy":"product_tag","embeddable":true,"href":"https:\/\/www.jimport.fi\/index.php\/wp-json\/wp\/v2\/product_tag?post=2323"}],"curies":[{"name":"wp","href":"https:\/\/api.w.org\/{rel}","templated":true}]}}