{"id":2578,"date":"2022-07-03T07:42:01","date_gmt":"2022-07-03T07:42:01","guid":{"rendered":"https:\/\/www.jimport.fi\/?post_type=product&#038;p=2578"},"modified":"2025-05-09T06:11:36","modified_gmt":"2025-05-09T03:11:36","slug":"paluusuodatin-zx200-zx280","status":"publish","type":"product","link":"https:\/\/www.jimport.fi\/index.php\/tuote\/paluusuodatin-zx200-zx280\/","title":{"rendered":"Hitachi Zaxis paluusuodatin ZX200-ZX280"},"content":{"rendered":"<p>Hitachi Zaxis ykk\u00f6ssarjan koneisiin. Muuta eroa t\u00e4ss\u00e4 ei ole 3-6 sarjan suodattimeen, kuin &#8221;kahvassa&#8221; olevan rei\u00e4n sijainti. (10mm eroa) Hifi filters<\/p>\n<p>Vastaava Hitachi numero ainakin YA00016055 ja H4448402<\/p>\n","protected":false},"excerpt":{"rendered":"<p>Hitachi Zaxis ykk\u00f6ssarjan koneisiin<\/p>\n","protected":false},"featured_media":2575,"template":"","meta":{"_monsterinsights_skip_tracking":false,"_monsterinsights_sitenote_active":false,"_monsterinsights_sitenote_note":"","_monsterinsights_sitenote_category":0,"neve_meta_sidebar":"","neve_meta_container":"","neve_meta_enable_content_width":"off","neve_meta_content_width":100,"neve_meta_title_alignment":"","neve_meta_author_avatar":"","neve_post_elements_order":"","neve_meta_disable_header":"","neve_meta_disable_footer":"","neve_meta_disable_title":"","_themeisle_gutenberg_block_has_review":false},"product_brand":[],"product_cat":[71],"product_tag":[],"class_list":{"0":"post-2578","1":"product","2":"type-product","3":"status-publish","4":"has-post-thumbnail","6":"product_cat-hitachi-suodattimia","8":"first","9":"instock","10":"taxable","11":"shipping-taxable","12":"purchasable","13":"product-type-simple"},"supplier_id":null,"supplier_sku":"","barcode":null,"atum_controlled":true,"out_stock_date":null,"out_stock_threshold":null,"inheritable":false,"inbound_stock":0,"stock_on_hold":0,"sold_today":0,"sales_last_days":0,"reserved_stock":0,"customer_returns":0,"warehouse_damage":0,"lost_in_post":0,"other_logs":0,"out_stock_days":0,"lost_sales":0,"has_location":false,"update_date":"2026-04-11T03:36:09","atum_locations":[],"atum_stock_status":"instock","restock_status":false,"low_stock_amount":"","sales_update_date":"2026-04-11T03:36:09","calc_backorders":null,"aioseo_notices":[],"_links":{"self":[{"href":"https:\/\/www.jimport.fi\/index.php\/wp-json\/wp\/v2\/product\/2578","targetHints":{"allow":["GET"]}}],"collection":[{"href":"https:\/\/www.jimport.fi\/index.php\/wp-json\/wp\/v2\/product"}],"about":[{"href":"https:\/\/www.jimport.fi\/index.php\/wp-json\/wp\/v2\/types\/product"}],"version-history":[{"count":5,"href":"https:\/\/www.jimport.fi\/index.php\/wp-json\/wp\/v2\/product\/2578\/revisions"}],"predecessor-version":[{"id":3984,"href":"https:\/\/www.jimport.fi\/index.php\/wp-json\/wp\/v2\/product\/2578\/revisions\/3984"}],"wp:featuredmedia":[{"embeddable":true,"href":"https:\/\/www.jimport.fi\/index.php\/wp-json\/wp\/v2\/media\/2575"}],"wp:attachment":[{"href":"https:\/\/www.jimport.fi\/index.php\/wp-json\/wp\/v2\/media?parent=2578"}],"wp:term":[{"taxonomy":"product_brand","embeddable":true,"href":"https:\/\/www.jimport.fi\/index.php\/wp-json\/wp\/v2\/product_brand?post=2578"},{"taxonomy":"product_cat","embeddable":true,"href":"https:\/\/www.jimport.fi\/index.php\/wp-json\/wp\/v2\/product_cat?post=2578"},{"taxonomy":"product_tag","embeddable":true,"href":"https:\/\/www.jimport.fi\/index.php\/wp-json\/wp\/v2\/product_tag?post=2578"}],"curies":[{"name":"wp","href":"https:\/\/api.w.org\/{rel}","templated":true}]}}