{"id":2834,"date":"2022-08-15T09:42:34","date_gmt":"2022-08-15T09:42:34","guid":{"rendered":"https:\/\/www.jimport.fi\/?post_type=product&#038;p=2834"},"modified":"2023-04-18T15:57:50","modified_gmt":"2023-04-18T15:57:50","slug":"turbo-4hk-3-sarja","status":"publish","type":"product","link":"https:\/\/www.jimport.fi\/index.php\/tuote\/turbo-4hk-3-sarja\/","title":{"rendered":"Hitachi turbo 4HK"},"content":{"rendered":"<p>Hitachi turbo. T\u00e4ydellinen sarja. Sis\u00e4lt\u00e4\u00e4 tiivisteet. Kolmossarjan Hitacheihin painoluokassa 20-30 Ton. Hieman edullisempi vaihtoehto alkuper\u00e4iselle (alkuper\u00e4isen hinta n:1200\u20ac+alv). Vain t\u00e4m\u00e4 yksil\u00f6 varastossa ja lis\u00e4\u00e4 ei v\u00e4ltt\u00e4m\u00e4tt\u00e4 tule.<\/p>\n","protected":false},"excerpt":{"rendered":"<p>Hitachi turbo Zaxis 3-sarjan 4HK moottoriin. Tarvike\/ei alkuper\u00e4isosa.<\/p>\n","protected":false},"featured_media":2835,"template":"","meta":{"_monsterinsights_skip_tracking":false,"_monsterinsights_sitenote_active":false,"_monsterinsights_sitenote_note":"","_monsterinsights_sitenote_category":0,"neve_meta_sidebar":"","neve_meta_container":"","neve_meta_enable_content_width":"off","neve_meta_content_width":100,"neve_meta_title_alignment":"","neve_meta_author_avatar":"","neve_post_elements_order":"","neve_meta_disable_header":"","neve_meta_disable_footer":"","neve_meta_disable_title":"","_themeisle_gutenberg_block_has_review":false},"product_brand":[],"product_cat":[73],"product_tag":[],"class_list":{"0":"post-2834","1":"product","2":"type-product","3":"status-publish","4":"has-post-thumbnail","6":"product_cat-hitachi-tavaraa","8":"first","9":"instock","10":"taxable","11":"shipping-taxable","12":"purchasable","13":"product-type-simple"},"supplier_id":null,"supplier_sku":"","barcode":null,"atum_controlled":true,"out_stock_date":null,"out_stock_threshold":null,"inheritable":false,"inbound_stock":0,"stock_on_hold":0,"sold_today":0,"sales_last_days":0,"reserved_stock":0,"customer_returns":0,"warehouse_damage":0,"lost_in_post":0,"other_logs":0,"out_stock_days":0,"lost_sales":0,"has_location":false,"update_date":"2026-04-29T00:31:45","atum_locations":[],"atum_stock_status":"instock","restock_status":false,"low_stock_amount":"","sales_update_date":"2026-04-29T00:31:45","calc_backorders":null,"aioseo_notices":[],"_links":{"self":[{"href":"https:\/\/www.jimport.fi\/index.php\/wp-json\/wp\/v2\/product\/2834","targetHints":{"allow":["GET"]}}],"collection":[{"href":"https:\/\/www.jimport.fi\/index.php\/wp-json\/wp\/v2\/product"}],"about":[{"href":"https:\/\/www.jimport.fi\/index.php\/wp-json\/wp\/v2\/types\/product"}],"version-history":[{"count":3,"href":"https:\/\/www.jimport.fi\/index.php\/wp-json\/wp\/v2\/product\/2834\/revisions"}],"predecessor-version":[{"id":4056,"href":"https:\/\/www.jimport.fi\/index.php\/wp-json\/wp\/v2\/product\/2834\/revisions\/4056"}],"wp:featuredmedia":[{"embeddable":true,"href":"https:\/\/www.jimport.fi\/index.php\/wp-json\/wp\/v2\/media\/2835"}],"wp:attachment":[{"href":"https:\/\/www.jimport.fi\/index.php\/wp-json\/wp\/v2\/media?parent=2834"}],"wp:term":[{"taxonomy":"product_brand","embeddable":true,"href":"https:\/\/www.jimport.fi\/index.php\/wp-json\/wp\/v2\/product_brand?post=2834"},{"taxonomy":"product_cat","embeddable":true,"href":"https:\/\/www.jimport.fi\/index.php\/wp-json\/wp\/v2\/product_cat?post=2834"},{"taxonomy":"product_tag","embeddable":true,"href":"https:\/\/www.jimport.fi\/index.php\/wp-json\/wp\/v2\/product_tag?post=2834"}],"curies":[{"name":"wp","href":"https:\/\/api.w.org\/{rel}","templated":true}]}}