{"id":2855,"date":"2022-08-15T11:15:38","date_gmt":"2022-08-15T11:15:38","guid":{"rendered":"https:\/\/www.jimport.fi\/?post_type=product&#038;p=2855"},"modified":"2024-11-12T17:48:28","modified_gmt":"2024-11-12T14:48:28","slug":"akkurallakka-125mm","status":"publish","type":"product","link":"https:\/\/www.jimport.fi\/index.php\/tuote\/akkurallakka-125mm\/","title":{"rendered":"Akkur\u00e4ll\u00e4kk\u00e4 125mm"},"content":{"rendered":"<p>Jos on ennest\u00e4\u00e4n Makitan vehkeit\u00e4 ja akkur\u00e4ll\u00e4kk\u00e4\u00e4 tekisi mieli, mutta hinta on esteen\u00e4. T\u00e4ss\u00e4 vaihtoehto satasen halvemmalla. T\u00e4ss\u00e4 my\u00f6s kierrosten s\u00e4\u00e4t\u00f6 (jota makitassa ei ole), ett\u00e4 periaatteessa myllytyskin onnistuu.<strong><br \/>\nTekniset tiedot<\/strong><br \/>\nj\u00e4nnite: 18V<br \/>\nteho: 800W<br \/>\nkuormittamaton nopeus: 8500r \/ min<br \/>\nhiomalaikan halkaisija: 125mm<\/p>\n<p><span data-spm-anchor-id=\"a2g0o.detail.1000023.i6.1af240f4rnW7Jy\"><strong>\u221a yhteensopiva 18 V: n B-sarjan litiumparistojen kanssa, kuten<\/strong>\u00a0BL1850B(197285-8),BL1840B(197270-1),BL1830B(197602-2),BL1430B(197618-7),BL1820B(197487-6);<br \/>\n\u221a yhteensopiva seuraavien tuotteiden kanssa: BL1850,BL1840,BL1440(196391-6),BL1415(194560-3),BL1815N(196781-3);<br \/>\n<strong>\u00d7\u00a0<\/strong>EI yhteensopiva G-sarjan akkujen kanssa, kuten BL1813G (196663-9), BL1413G (196882-7), BL1415G, BL1430G, BL1815G ja niin edelleen<br \/>\n, \u00d7 EI yhteensopiva 18 V: n Ni-CD-akkujen<strong>,\u00a0<\/strong>kuten 1822 (194465-7) kanssa;<\/span><\/p>\n<p data-spm-anchor-id=\"a2g0o.detail.1000023.i5.1af240f4rnW7Jy\">\n<span><strong>Ominaisuudet<\/strong><br \/>\n-Irrotettava peiteverkko est\u00e4\u00e4 roskien p\u00e4\u00e4syn sis\u00e4\u00e4n ja pident\u00e4\u00e4 k\u00e4ytt\u00f6ik\u00e4\u00e4.<br \/>\n-Kupariydinmoottori, suuri teho, ylikuormituksenesto, est\u00e4\u00e4 koneen palamisen<\/span><\/p>\n<p><span><strong>Pakkaus sis\u00e4lt\u00e4\u00e4<\/strong><br \/>\n1 x kulmahiomakone 1 x kahva<br \/>\n1 x ohjauslevy<\/p>\n<p>1 x jakoavain<br \/>\n(T\u00e4m\u00e4 tuote ei sis\u00e4ll\u00e4 akkua.)<\/span><\/p>\n","protected":false},"excerpt":{"rendered":"<p>Drillpro akkukulmahiomakone. Toimii Makitan akuilla. Kierrosten s\u00e4\u00e4t\u00f6. Max 8500rpm.<\/p>\n","protected":false},"featured_media":5242,"template":"","meta":{"_monsterinsights_skip_tracking":false,"_monsterinsights_sitenote_active":false,"_monsterinsights_sitenote_note":"","_monsterinsights_sitenote_category":0,"neve_meta_sidebar":"","neve_meta_container":"","neve_meta_enable_content_width":"off","neve_meta_content_width":100,"neve_meta_title_alignment":"","neve_meta_author_avatar":"","neve_post_elements_order":"","neve_meta_disable_header":"","neve_meta_disable_footer":"","neve_meta_disable_title":"","_themeisle_gutenberg_block_has_review":false},"product_brand":[],"product_cat":[58],"product_tag":[],"class_list":{"0":"post-2855","1":"product","2":"type-product","3":"status-publish","4":"has-post-thumbnail","6":"product_cat-sahkotyokaluja","8":"first","9":"outofstock","10":"taxable","11":"shipping-taxable","12":"purchasable","13":"product-type-simple"},"supplier_id":null,"supplier_sku":"","barcode":null,"atum_controlled":true,"out_stock_date":"2024-11-12 17:48:29","out_stock_threshold":null,"inheritable":false,"inbound_stock":0,"stock_on_hold":0,"sold_today":0,"sales_last_days":0,"reserved_stock":0,"customer_returns":0,"warehouse_damage":0,"lost_in_post":0,"other_logs":0,"out_stock_days":533,"lost_sales":0,"has_location":false,"update_date":"2026-04-30T00:32:06","atum_locations":[],"atum_stock_status":"outofstock","restock_status":false,"low_stock_amount":"","sales_update_date":"2026-04-30T00:32:06","calc_backorders":null,"aioseo_notices":[],"_links":{"self":[{"href":"https:\/\/www.jimport.fi\/index.php\/wp-json\/wp\/v2\/product\/2855","targetHints":{"allow":["GET"]}}],"collection":[{"href":"https:\/\/www.jimport.fi\/index.php\/wp-json\/wp\/v2\/product"}],"about":[{"href":"https:\/\/www.jimport.fi\/index.php\/wp-json\/wp\/v2\/types\/product"}],"version-history":[{"count":4,"href":"https:\/\/www.jimport.fi\/index.php\/wp-json\/wp\/v2\/product\/2855\/revisions"}],"predecessor-version":[{"id":5245,"href":"https:\/\/www.jimport.fi\/index.php\/wp-json\/wp\/v2\/product\/2855\/revisions\/5245"}],"wp:featuredmedia":[{"embeddable":true,"href":"https:\/\/www.jimport.fi\/index.php\/wp-json\/wp\/v2\/media\/5242"}],"wp:attachment":[{"href":"https:\/\/www.jimport.fi\/index.php\/wp-json\/wp\/v2\/media?parent=2855"}],"wp:term":[{"taxonomy":"product_brand","embeddable":true,"href":"https:\/\/www.jimport.fi\/index.php\/wp-json\/wp\/v2\/product_brand?post=2855"},{"taxonomy":"product_cat","embeddable":true,"href":"https:\/\/www.jimport.fi\/index.php\/wp-json\/wp\/v2\/product_cat?post=2855"},{"taxonomy":"product_tag","embeddable":true,"href":"https:\/\/www.jimport.fi\/index.php\/wp-json\/wp\/v2\/product_tag?post=2855"}],"curies":[{"name":"wp","href":"https:\/\/api.w.org\/{rel}","templated":true}]}}