{"id":2862,"date":"2022-08-17T13:57:13","date_gmt":"2022-08-17T13:57:13","guid":{"rendered":"https:\/\/www.jimport.fi\/?post_type=product&#038;p=2862"},"modified":"2024-05-24T15:05:00","modified_gmt":"2024-05-24T12:05:00","slug":"hitachi-zaxis-moottorioljy","status":"publish","type":"product","link":"https:\/\/www.jimport.fi\/index.php\/tuote\/hitachi-zaxis-moottorioljy\/","title":{"rendered":"Hitachi moottori\u00f6ljy 3L"},"content":{"rendered":"<p>Hitachi Zaxis moottoreissa k\u00e4ytetty ns. alkuper\u00e4is\u00f6ljy Jos ottaa t\u00e4m\u00e4n 20L kannun kaveriksi, niin saa t\u00e4yden m\u00e4\u00e4r\u00e4n 4HK moottoriin. Eli 20-30 tonnin painoisissa 3,5,6 sarjan Zaxis koneissa \u00f6ljytilavuus 23L<\/p>\n","protected":false},"excerpt":{"rendered":"<p>Hitachi Zaxis moottori\u00f6ljy 3L \/ Total Rubia Works 4000 10w-40.<\/p>\n","protected":false},"featured_media":2863,"template":"","meta":{"_monsterinsights_skip_tracking":false,"_monsterinsights_sitenote_active":false,"_monsterinsights_sitenote_note":"","_monsterinsights_sitenote_category":0,"neve_meta_sidebar":"","neve_meta_container":"","neve_meta_enable_content_width":"off","neve_meta_content_width":100,"neve_meta_title_alignment":"","neve_meta_author_avatar":"","neve_post_elements_order":"","neve_meta_disable_header":"","neve_meta_disable_footer":"","neve_meta_disable_title":"","_themeisle_gutenberg_block_has_review":false},"product_brand":[],"product_cat":[72],"product_tag":[],"class_list":{"0":"post-2862","1":"product","2":"type-product","3":"status-publish","4":"has-post-thumbnail","6":"product_cat-oljyt-ja-rasva","8":"first","9":"instock","10":"taxable","11":"shipping-taxable","12":"purchasable","13":"product-type-simple"},"supplier_id":null,"supplier_sku":"","barcode":null,"atum_controlled":true,"out_stock_date":null,"out_stock_threshold":null,"inheritable":false,"inbound_stock":0,"stock_on_hold":0,"sold_today":0,"sales_last_days":0,"reserved_stock":0,"customer_returns":0,"warehouse_damage":0,"lost_in_post":0,"other_logs":0,"out_stock_days":0,"lost_sales":0,"has_location":false,"update_date":"2026-04-29T00:31:42","atum_locations":[],"atum_stock_status":"instock","restock_status":false,"low_stock_amount":"","sales_update_date":"2026-04-29T00:31:42","calc_backorders":null,"aioseo_notices":[],"_links":{"self":[{"href":"https:\/\/www.jimport.fi\/index.php\/wp-json\/wp\/v2\/product\/2862","targetHints":{"allow":["GET"]}}],"collection":[{"href":"https:\/\/www.jimport.fi\/index.php\/wp-json\/wp\/v2\/product"}],"about":[{"href":"https:\/\/www.jimport.fi\/index.php\/wp-json\/wp\/v2\/types\/product"}],"version-history":[{"count":6,"href":"https:\/\/www.jimport.fi\/index.php\/wp-json\/wp\/v2\/product\/2862\/revisions"}],"predecessor-version":[{"id":5553,"href":"https:\/\/www.jimport.fi\/index.php\/wp-json\/wp\/v2\/product\/2862\/revisions\/5553"}],"wp:featuredmedia":[{"embeddable":true,"href":"https:\/\/www.jimport.fi\/index.php\/wp-json\/wp\/v2\/media\/2863"}],"wp:attachment":[{"href":"https:\/\/www.jimport.fi\/index.php\/wp-json\/wp\/v2\/media?parent=2862"}],"wp:term":[{"taxonomy":"product_brand","embeddable":true,"href":"https:\/\/www.jimport.fi\/index.php\/wp-json\/wp\/v2\/product_brand?post=2862"},{"taxonomy":"product_cat","embeddable":true,"href":"https:\/\/www.jimport.fi\/index.php\/wp-json\/wp\/v2\/product_cat?post=2862"},{"taxonomy":"product_tag","embeddable":true,"href":"https:\/\/www.jimport.fi\/index.php\/wp-json\/wp\/v2\/product_tag?post=2862"}],"curies":[{"name":"wp","href":"https:\/\/api.w.org\/{rel}","templated":true}]}}