{"id":2946,"date":"2022-09-07T05:22:29","date_gmt":"2022-09-07T05:22:29","guid":{"rendered":"https:\/\/www.jimport.fi\/?post_type=product&#038;p=2946"},"modified":"2023-08-15T19:12:24","modified_gmt":"2023-08-15T16:12:24","slug":"kutiste-jatkoliittimet-340kpl","status":"publish","type":"product","link":"https:\/\/www.jimport.fi\/index.php\/tuote\/kutiste-jatkoliittimet-340kpl\/","title":{"rendered":"Kutiste jatkoliittimet 340kpl"},"content":{"rendered":"<p>Koot:<\/p>\n<p>0,2-0,35mm2\u00a0 50kpl\u00a0 \u00a0 \u00a0kirkas<\/p>\n<p>0,5-1,5mm2\u00a0 \u00a0150kpl\u00a0 \u00a0 \u00a0 punainen<\/p>\n<p>1,5-2,5mm2\u00a0 \u00a0 100kpl\u00a0 \u00a0 \u00a0sininen<\/p>\n<p>4,0-6,0mm2\u00a0 \u00a020kpl\u00a0 \u00a0 \u00a0 keltainen<\/p>\n<p>2,5-4,0mm2\u00a0 \u00a020kpl\u00a0 \u00a0 \u00a0 \u00a0musta<\/p>\n","protected":false},"excerpt":{"rendered":"<p>Puristettavat ja l\u00e4mm\u00f6ll\u00e4 kutistuvat\/liimautuvat jatkoliittimet. 5 kokoa.<\/p>\n","protected":false},"featured_media":2947,"template":"","meta":{"_monsterinsights_skip_tracking":false,"_monsterinsights_sitenote_active":false,"_monsterinsights_sitenote_note":"","_monsterinsights_sitenote_category":0,"neve_meta_sidebar":"","neve_meta_container":"","neve_meta_enable_content_width":"off","neve_meta_content_width":100,"neve_meta_title_alignment":"","neve_meta_author_avatar":"","neve_post_elements_order":"","neve_meta_disable_header":"","neve_meta_disable_footer":"","neve_meta_disable_title":"","_themeisle_gutenberg_block_has_review":false},"product_brand":[],"product_cat":[57,51],"product_tag":[],"class_list":{"0":"post-2946","1":"product","2":"type-product","3":"status-publish","4":"has-post-thumbnail","6":"product_cat-lajitelmat","7":"product_cat-sahkotyokalut","9":"first","10":"outofstock","11":"taxable","12":"shipping-taxable","13":"purchasable","14":"product-type-simple"},"supplier_id":null,"supplier_sku":"","barcode":null,"atum_controlled":true,"out_stock_date":"2023-08-15 16:12:24","out_stock_threshold":null,"inheritable":false,"inbound_stock":0,"stock_on_hold":0,"sold_today":0,"sales_last_days":0,"reserved_stock":0,"customer_returns":0,"warehouse_damage":0,"lost_in_post":0,"other_logs":0,"out_stock_days":985,"lost_sales":0,"has_location":false,"update_date":"2026-04-27T00:28:46","atum_locations":[],"atum_stock_status":"outofstock","restock_status":false,"low_stock_amount":"","sales_update_date":"2026-04-27T00:28:46","calc_backorders":null,"aioseo_notices":[],"_links":{"self":[{"href":"https:\/\/www.jimport.fi\/index.php\/wp-json\/wp\/v2\/product\/2946","targetHints":{"allow":["GET"]}}],"collection":[{"href":"https:\/\/www.jimport.fi\/index.php\/wp-json\/wp\/v2\/product"}],"about":[{"href":"https:\/\/www.jimport.fi\/index.php\/wp-json\/wp\/v2\/types\/product"}],"version-history":[{"count":3,"href":"https:\/\/www.jimport.fi\/index.php\/wp-json\/wp\/v2\/product\/2946\/revisions"}],"predecessor-version":[{"id":4716,"href":"https:\/\/www.jimport.fi\/index.php\/wp-json\/wp\/v2\/product\/2946\/revisions\/4716"}],"wp:featuredmedia":[{"embeddable":true,"href":"https:\/\/www.jimport.fi\/index.php\/wp-json\/wp\/v2\/media\/2947"}],"wp:attachment":[{"href":"https:\/\/www.jimport.fi\/index.php\/wp-json\/wp\/v2\/media?parent=2946"}],"wp:term":[{"taxonomy":"product_brand","embeddable":true,"href":"https:\/\/www.jimport.fi\/index.php\/wp-json\/wp\/v2\/product_brand?post=2946"},{"taxonomy":"product_cat","embeddable":true,"href":"https:\/\/www.jimport.fi\/index.php\/wp-json\/wp\/v2\/product_cat?post=2946"},{"taxonomy":"product_tag","embeddable":true,"href":"https:\/\/www.jimport.fi\/index.php\/wp-json\/wp\/v2\/product_tag?post=2946"}],"curies":[{"name":"wp","href":"https:\/\/api.w.org\/{rel}","templated":true}]}}