{"id":3101,"date":"2023-02-28T13:15:51","date_gmt":"2023-02-28T13:15:51","guid":{"rendered":"https:\/\/www.jimport.fi\/?post_type=product&#038;p=3101"},"modified":"2023-04-28T06:10:49","modified_gmt":"2023-04-28T06:10:49","slug":"rasialiitin-avattavalla-lukolla-3x02-4mm2","status":"publish","type":"product","link":"https:\/\/www.jimport.fi\/index.php\/tuote\/rasialiitin-avattavalla-lukolla-3x02-4mm2\/","title":{"rendered":"Rasialiitin avattavalla lukolla 10kpl 3&#215;0,2-4mm2"},"content":{"rendered":"<h2>Tuotekuvaus<\/h2>\n<p>S\u00e4hk\u00f6inen pikaliitin, joka on suunniteltu johtimien ja s\u00e4ikeisten johtojen nopeaan liitt\u00e4miseen. Valmistettu korkealaatuisesta l\u00e4pin\u00e4kyv\u00e4st\u00e4 muovista.<\/p>\n<p>T\u00e4m\u00e4n tyyppist\u00e4 pikaliitint\u00e4 k\u00e4ytet\u00e4\u00e4n: valaistuksen asennukseen, johtojen liitt\u00e4miseen s\u00e4hk\u00f6rasioihin jne.<\/p>\n<p><strong>Tekniset tiedot:<\/strong><\/p>\n<p>Kappaletta per pakkaus:<strong>\u00a010<\/strong><\/p>\n<p>Terminaalien lukum\u00e4\u00e4r\u00e4:<strong>\u00a03<\/strong><\/p>\n<p>Nimellisj\u00e4nnite:\u00a0<strong>450V<\/strong><\/p>\n<p>Johtimen poikkileikkaus: <strong>0,2 &#8211; 4 mm2<\/strong><\/p>\n<p>K\u00e4ytt\u00f6:\u00a0<strong>s\u00e4ikeiset johdot, kiinte\u00e4t johdot<\/strong><\/p>\n<p>Nimellinen virta:\u00a0<strong>32A<\/strong><\/p>\n<p>Lis\u00e4tietoja:\u00a0<strong>testireik\u00e4 j\u00e4nnitteen tarkistamiseksi<\/strong><\/p>\n","protected":false},"excerpt":{"rendered":"<p>10kpl pussi johto liitoksiin 450V\/32A<\/p>\n","protected":false},"featured_media":3102,"template":"","meta":{"_monsterinsights_skip_tracking":false,"_monsterinsights_sitenote_active":false,"_monsterinsights_sitenote_note":"","_monsterinsights_sitenote_category":0,"neve_meta_sidebar":"","neve_meta_container":"","neve_meta_enable_content_width":"off","neve_meta_content_width":100,"neve_meta_title_alignment":"","neve_meta_author_avatar":"","neve_post_elements_order":"","neve_meta_disable_header":"","neve_meta_disable_footer":"","neve_meta_disable_title":"","_themeisle_gutenberg_block_has_review":false},"product_brand":[],"product_cat":[51],"product_tag":[],"class_list":{"0":"post-3101","1":"product","2":"type-product","3":"status-publish","4":"has-post-thumbnail","6":"product_cat-sahkotyokalut","8":"first","9":"instock","10":"taxable","11":"shipping-taxable","12":"purchasable","13":"product-type-simple"},"supplier_id":null,"supplier_sku":"","barcode":null,"atum_controlled":true,"out_stock_date":null,"out_stock_threshold":null,"inheritable":false,"inbound_stock":0,"stock_on_hold":0,"sold_today":0,"sales_last_days":0,"reserved_stock":0,"customer_returns":0,"warehouse_damage":0,"lost_in_post":0,"other_logs":0,"out_stock_days":0,"lost_sales":0,"has_location":false,"update_date":"2026-05-02T00:37:55","atum_locations":[],"atum_stock_status":"instock","restock_status":false,"low_stock_amount":"","sales_update_date":"2026-05-02T00:37:55","calc_backorders":null,"aioseo_notices":[],"_links":{"self":[{"href":"https:\/\/www.jimport.fi\/index.php\/wp-json\/wp\/v2\/product\/3101","targetHints":{"allow":["GET"]}}],"collection":[{"href":"https:\/\/www.jimport.fi\/index.php\/wp-json\/wp\/v2\/product"}],"about":[{"href":"https:\/\/www.jimport.fi\/index.php\/wp-json\/wp\/v2\/types\/product"}],"version-history":[{"count":3,"href":"https:\/\/www.jimport.fi\/index.php\/wp-json\/wp\/v2\/product\/3101\/revisions"}],"predecessor-version":[{"id":4962,"href":"https:\/\/www.jimport.fi\/index.php\/wp-json\/wp\/v2\/product\/3101\/revisions\/4962"}],"wp:featuredmedia":[{"embeddable":true,"href":"https:\/\/www.jimport.fi\/index.php\/wp-json\/wp\/v2\/media\/3102"}],"wp:attachment":[{"href":"https:\/\/www.jimport.fi\/index.php\/wp-json\/wp\/v2\/media?parent=3101"}],"wp:term":[{"taxonomy":"product_brand","embeddable":true,"href":"https:\/\/www.jimport.fi\/index.php\/wp-json\/wp\/v2\/product_brand?post=3101"},{"taxonomy":"product_cat","embeddable":true,"href":"https:\/\/www.jimport.fi\/index.php\/wp-json\/wp\/v2\/product_cat?post=3101"},{"taxonomy":"product_tag","embeddable":true,"href":"https:\/\/www.jimport.fi\/index.php\/wp-json\/wp\/v2\/product_tag?post=3101"}],"curies":[{"name":"wp","href":"https:\/\/api.w.org\/{rel}","templated":true}]}}