{"id":3156,"date":"2023-03-01T15:23:11","date_gmt":"2023-03-01T15:23:11","guid":{"rendered":"https:\/\/www.jimport.fi\/?post_type=product&#038;p=3156"},"modified":"2025-12-09T15:10:03","modified_gmt":"2025-12-09T12:10:03","slug":"pyoranlaakerin-ulosvetosarja","status":"publish","type":"product","link":"https:\/\/www.jimport.fi\/index.php\/tuote\/pyoranlaakerin-ulosvetosarja\/","title":{"rendered":"Py\u00f6r\u00e4nlaakerin ulosvetosarja"},"content":{"rendered":"<p>Erityisesti auton py\u00f6r\u00e4nlaakerien vaihtoon suunniteltu ulosvetosarja, jonka kanssa napaa ei tarvitse irrottaa autosta. K\u00e4yt\u00e4nn\u00f6llinen my\u00f6s moniin muihin laakeri ja pusla t\u00f6ihin. Toimii mainiosti reik\u00e4m\u00e4nt\u00e4tunkin kanssa. Holkit 76, 86, 91mm p\u00e4\u00e4tylevyill\u00e4. Kiekot 55, 59, 62, 65, 66, 71, 73, 78, 84mm. M12 ja M14 pultit 1,5mm nousulla py\u00f6r\u00e4nnavan ulosvetoon.<\/p>\n","protected":false},"excerpt":{"rendered":"<p>Monipuolinen ulosvetosarja napojen ja py\u00f6r\u00e4laakerien ulosvetoon. Geko<\/p>\n","protected":false},"featured_media":3159,"template":"","meta":{"_monsterinsights_skip_tracking":false,"_monsterinsights_sitenote_active":false,"_monsterinsights_sitenote_note":"","_monsterinsights_sitenote_category":0,"neve_meta_sidebar":"","neve_meta_container":"","neve_meta_enable_content_width":"off","neve_meta_content_width":100,"neve_meta_title_alignment":"","neve_meta_author_avatar":"","neve_post_elements_order":"","neve_meta_disable_header":"","neve_meta_disable_footer":"","neve_meta_disable_title":"","_themeisle_gutenberg_block_has_review":false},"product_brand":[],"product_cat":[75],"product_tag":[],"class_list":{"0":"post-3156","1":"product","2":"type-product","3":"status-publish","4":"has-post-thumbnail","6":"product_cat-puslien-vaihtoon","8":"first","9":"outofstock","10":"taxable","11":"shipping-taxable","12":"purchasable","13":"product-type-simple"},"supplier_id":null,"supplier_sku":"","barcode":null,"atum_controlled":true,"out_stock_date":"2025-12-09 15:10:03","out_stock_threshold":null,"inheritable":false,"inbound_stock":0,"stock_on_hold":0,"sold_today":0,"sales_last_days":0,"reserved_stock":0,"customer_returns":0,"warehouse_damage":0,"lost_in_post":0,"other_logs":0,"out_stock_days":126,"lost_sales":1782,"has_location":false,"update_date":"2026-04-15T03:44:24","atum_locations":[],"atum_stock_status":"outofstock","restock_status":false,"low_stock_amount":"","sales_update_date":"2026-04-15T03:44:24","calc_backorders":null,"aioseo_notices":[],"_links":{"self":[{"href":"https:\/\/www.jimport.fi\/index.php\/wp-json\/wp\/v2\/product\/3156","targetHints":{"allow":["GET"]}}],"collection":[{"href":"https:\/\/www.jimport.fi\/index.php\/wp-json\/wp\/v2\/product"}],"about":[{"href":"https:\/\/www.jimport.fi\/index.php\/wp-json\/wp\/v2\/types\/product"}],"version-history":[{"count":3,"href":"https:\/\/www.jimport.fi\/index.php\/wp-json\/wp\/v2\/product\/3156\/revisions"}],"predecessor-version":[{"id":4668,"href":"https:\/\/www.jimport.fi\/index.php\/wp-json\/wp\/v2\/product\/3156\/revisions\/4668"}],"wp:featuredmedia":[{"embeddable":true,"href":"https:\/\/www.jimport.fi\/index.php\/wp-json\/wp\/v2\/media\/3159"}],"wp:attachment":[{"href":"https:\/\/www.jimport.fi\/index.php\/wp-json\/wp\/v2\/media?parent=3156"}],"wp:term":[{"taxonomy":"product_brand","embeddable":true,"href":"https:\/\/www.jimport.fi\/index.php\/wp-json\/wp\/v2\/product_brand?post=3156"},{"taxonomy":"product_cat","embeddable":true,"href":"https:\/\/www.jimport.fi\/index.php\/wp-json\/wp\/v2\/product_cat?post=3156"},{"taxonomy":"product_tag","embeddable":true,"href":"https:\/\/www.jimport.fi\/index.php\/wp-json\/wp\/v2\/product_tag?post=3156"}],"curies":[{"name":"wp","href":"https:\/\/api.w.org\/{rel}","templated":true}]}}