{"id":3282,"date":"2023-03-02T11:13:34","date_gmt":"2023-03-02T11:13:34","guid":{"rendered":"https:\/\/www.jimport.fi\/?post_type=product&#038;p=3282"},"modified":"2025-02-16T18:14:23","modified_gmt":"2025-02-16T15:14:23","slug":"18-laippa-325-050-13mm","status":"publish","type":"product","link":"https:\/\/www.jimport.fi\/index.php\/tuote\/18-laippa-325-050-13mm\/","title":{"rendered":"18&#8243; ter\u00e4laippa 325 050\/1,3mm"},"content":{"rendered":"<p>Pieniin Partner sahoihin menisi heitt\u00e4m\u00e4ll\u00e4, mutta Stihlin kanssa saattaa joutua ottamaan pienen viipaleen per\u00e4st\u00e4. Moneen merkkiin k\u00e4y, kun vaan v\u00e4h\u00e4n vertaa ensin. Laippaan sopii ketju G74026<\/p>\n","protected":false},"excerpt":{"rendered":"<p>Geko Strong 18&#8243; laippa moottorisahaan. Laippa sopii useisiin saha merkkeihin.<\/p>\n","protected":false},"featured_media":3285,"template":"","meta":{"_monsterinsights_skip_tracking":false,"_monsterinsights_sitenote_active":false,"_monsterinsights_sitenote_note":"","_monsterinsights_sitenote_category":0,"neve_meta_sidebar":"","neve_meta_container":"","neve_meta_enable_content_width":"off","neve_meta_content_width":100,"neve_meta_title_alignment":"","neve_meta_author_avatar":"","neve_post_elements_order":"","neve_meta_disable_header":"","neve_meta_disable_footer":"","neve_meta_disable_title":"","_themeisle_gutenberg_block_has_review":false},"product_brand":[],"product_cat":[89],"product_tag":[],"class_list":{"0":"post-3282","1":"product","2":"type-product","3":"status-publish","4":"has-post-thumbnail","6":"product_cat-laipat","8":"first","9":"instock","10":"sale","11":"taxable","12":"shipping-taxable","13":"purchasable","14":"product-type-simple"},"supplier_id":null,"supplier_sku":"","barcode":null,"atum_controlled":true,"out_stock_date":null,"out_stock_threshold":null,"inheritable":false,"inbound_stock":0,"stock_on_hold":0,"sold_today":0,"sales_last_days":0,"reserved_stock":0,"customer_returns":0,"warehouse_damage":0,"lost_in_post":0,"other_logs":0,"out_stock_days":0,"lost_sales":0,"has_location":false,"update_date":"2026-04-18T00:02:08","atum_locations":[],"atum_stock_status":"instock","restock_status":false,"low_stock_amount":"","sales_update_date":"2026-04-18T00:02:08","calc_backorders":null,"aioseo_notices":[],"_links":{"self":[{"href":"https:\/\/www.jimport.fi\/index.php\/wp-json\/wp\/v2\/product\/3282","targetHints":{"allow":["GET"]}}],"collection":[{"href":"https:\/\/www.jimport.fi\/index.php\/wp-json\/wp\/v2\/product"}],"about":[{"href":"https:\/\/www.jimport.fi\/index.php\/wp-json\/wp\/v2\/types\/product"}],"version-history":[{"count":4,"href":"https:\/\/www.jimport.fi\/index.php\/wp-json\/wp\/v2\/product\/3282\/revisions"}],"predecessor-version":[{"id":4117,"href":"https:\/\/www.jimport.fi\/index.php\/wp-json\/wp\/v2\/product\/3282\/revisions\/4117"}],"wp:featuredmedia":[{"embeddable":true,"href":"https:\/\/www.jimport.fi\/index.php\/wp-json\/wp\/v2\/media\/3285"}],"wp:attachment":[{"href":"https:\/\/www.jimport.fi\/index.php\/wp-json\/wp\/v2\/media?parent=3282"}],"wp:term":[{"taxonomy":"product_brand","embeddable":true,"href":"https:\/\/www.jimport.fi\/index.php\/wp-json\/wp\/v2\/product_brand?post=3282"},{"taxonomy":"product_cat","embeddable":true,"href":"https:\/\/www.jimport.fi\/index.php\/wp-json\/wp\/v2\/product_cat?post=3282"},{"taxonomy":"product_tag","embeddable":true,"href":"https:\/\/www.jimport.fi\/index.php\/wp-json\/wp\/v2\/product_tag?post=3282"}],"curies":[{"name":"wp","href":"https:\/\/api.w.org\/{rel}","templated":true}]}}