{"id":3326,"date":"2023-03-02T12:43:23","date_gmt":"2023-03-02T12:43:23","guid":{"rendered":"https:\/\/www.jimport.fi\/?post_type=product&#038;p=3326"},"modified":"2025-05-26T12:58:13","modified_gmt":"2025-05-26T09:58:13","slug":"sylinterisarja-stihl-ms260","status":"publish","type":"product","link":"https:\/\/www.jimport.fi\/index.php\/tuote\/sylinterisarja-stihl-ms260\/","title":{"rendered":"Stihl sylinterisarja MS260\/026"},"content":{"rendered":"<p>Ei v\u00e4ltt\u00e4m\u00e4tt\u00e4 kannata heitt\u00e4\u00e4 hyv\u00e4\u00e4 Stihl sahaa romukoppaan, jos tehot alkaa olla kateissa. T\u00e4ll\u00e4 setill\u00e4 saa puristukset ja tehot takaisin, kohtuu hinnalla.<\/p>\n<p>Sis\u00e4lt\u00e4\u00e4 sylinterin, m\u00e4nn\u00e4n, m\u00e4nn\u00e4ntapin, sokat ja m\u00e4nn\u00e4nrenkaat.\u00a0Joku saattaa ep\u00e4ill\u00e4 laatua hinnan perusteella, kun kerran suoraan Kiinasta tilaamalla saa samaan hintaan ja sielt\u00e4 aika usein on tullut t\u00e4ytt\u00e4 kuraa. N\u00e4ist\u00e4 sylinterisarjoista ei silm\u00e4m\u00e4\u00e4r\u00e4isesti kovin keksi huomauttamista (ainakaan t\u00e4llaisella 20v asentaja taustalla). Viimeistely vaihettakaan ei ole j\u00e4tetty v\u00e4list\u00e4 (kuten monissa on j\u00e4\u00e4nyt). Poraus\/ m\u00e4nn\u00e4n v\u00e4lys ja m\u00e4nn\u00e4nrenkaan p\u00e4itt\u00e4isv\u00e4lys OK. Karu totuushan on se, ett\u00e4 kun yksityishenkil\u00f6 tilaa jotain suoraan Kiinasta, niin sielt\u00e4 voi tulla joku tehtaan lattialla potkittu maanantai kappale, kun n\u00e4m\u00e4 taas on Gekon kautta, ja voi mietti\u00e4 kannattaako tehtaan kokeilla niin ison asiakkaan luottamusta. Suomesta ostetun tuotteen voi my\u00f6s palauttaa, jos ei ole tyytyv\u00e4inen.<\/p>\n","protected":false},"excerpt":{"rendered":"<p>T\u00e4ydellinen sylinterisarja Stihl Ms260\/026 sahaan 44,7mm<\/p>\n","protected":false},"featured_media":3329,"template":"","meta":{"_monsterinsights_skip_tracking":false,"_monsterinsights_sitenote_active":false,"_monsterinsights_sitenote_note":"","_monsterinsights_sitenote_category":0,"neve_meta_sidebar":"","neve_meta_container":"","neve_meta_enable_content_width":"off","neve_meta_content_width":100,"neve_meta_title_alignment":"","neve_meta_author_avatar":"","neve_post_elements_order":"","neve_meta_disable_header":"","neve_meta_disable_footer":"","neve_meta_disable_title":"","_themeisle_gutenberg_block_has_review":false},"product_brand":[],"product_cat":[86],"product_tag":[],"class_list":{"0":"post-3326","1":"product","2":"type-product","3":"status-publish","4":"has-post-thumbnail","6":"product_cat-sylinterisarjat","8":"first","9":"outofstock","10":"taxable","11":"shipping-taxable","12":"purchasable","13":"product-type-simple"},"supplier_id":null,"supplier_sku":"","barcode":null,"atum_controlled":true,"out_stock_date":"2025-05-26 12:58:13","out_stock_threshold":null,"inheritable":false,"inbound_stock":0,"stock_on_hold":0,"sold_today":0,"sales_last_days":0,"reserved_stock":0,"customer_returns":0,"warehouse_damage":0,"lost_in_post":0,"other_logs":0,"out_stock_days":338,"lost_sales":2366,"has_location":false,"update_date":"2026-04-30T00:32:05","atum_locations":[],"atum_stock_status":"outofstock","restock_status":false,"low_stock_amount":"","sales_update_date":"2026-04-30T00:32:05","calc_backorders":null,"aioseo_notices":[],"_links":{"self":[{"href":"https:\/\/www.jimport.fi\/index.php\/wp-json\/wp\/v2\/product\/3326","targetHints":{"allow":["GET"]}}],"collection":[{"href":"https:\/\/www.jimport.fi\/index.php\/wp-json\/wp\/v2\/product"}],"about":[{"href":"https:\/\/www.jimport.fi\/index.php\/wp-json\/wp\/v2\/types\/product"}],"version-history":[{"count":6,"href":"https:\/\/www.jimport.fi\/index.php\/wp-json\/wp\/v2\/product\/3326\/revisions"}],"predecessor-version":[{"id":4141,"href":"https:\/\/www.jimport.fi\/index.php\/wp-json\/wp\/v2\/product\/3326\/revisions\/4141"}],"wp:featuredmedia":[{"embeddable":true,"href":"https:\/\/www.jimport.fi\/index.php\/wp-json\/wp\/v2\/media\/3329"}],"wp:attachment":[{"href":"https:\/\/www.jimport.fi\/index.php\/wp-json\/wp\/v2\/media?parent=3326"}],"wp:term":[{"taxonomy":"product_brand","embeddable":true,"href":"https:\/\/www.jimport.fi\/index.php\/wp-json\/wp\/v2\/product_brand?post=3326"},{"taxonomy":"product_cat","embeddable":true,"href":"https:\/\/www.jimport.fi\/index.php\/wp-json\/wp\/v2\/product_cat?post=3326"},{"taxonomy":"product_tag","embeddable":true,"href":"https:\/\/www.jimport.fi\/index.php\/wp-json\/wp\/v2\/product_tag?post=3326"}],"curies":[{"name":"wp","href":"https:\/\/api.w.org\/{rel}","templated":true}]}}