{"id":3463,"date":"2023-03-07T08:46:13","date_gmt":"2023-03-07T08:46:13","guid":{"rendered":"https:\/\/www.jimport.fi\/?post_type=product&#038;p=3463"},"modified":"2025-04-13T13:42:05","modified_gmt":"2025-04-13T10:42:05","slug":"tuulilasin-korjaussarja-easy","status":"publish","type":"product","link":"https:\/\/www.jimport.fi\/index.php\/tuote\/tuulilasin-korjaussarja-easy\/","title":{"rendered":"Tuulilasin korjaussarja Easy"},"content":{"rendered":"<p>Kehitt\u00e4\u00e4 loogista p\u00e4\u00e4ttelykyky\u00e4, kun yrit\u00e4t mietti\u00e4, mit\u00e4 kaikilla v\u00e4lineill\u00e4 on tarkoitus tehd\u00e4 ja Englannin kielitaito kehittyy, kun k\u00e4yt\u00e4t apuna mukana tulevaa ohjetta. Voi my\u00f6s katsoa Youtubesta ohjevideoita. Perusperiaate on kumminkin saada liimalla t\u00e4ytetty\u00e4 s\u00e4r\u00f6t ja ylim\u00e4\u00e4r\u00e4iset kaavitaan pois. Toimii parhaiten tuoreisiin vaurioihin ja l\u00e4mmin\/kuiva t\u00e4ytyisi olla.<\/p>\n","protected":false},"excerpt":{"rendered":"<p>Pienien vaurioiden korjaamiseen\/paranteluun laseista. Geko<\/p>\n","protected":false},"featured_media":3464,"template":"","meta":{"_monsterinsights_skip_tracking":false,"_monsterinsights_sitenote_active":false,"_monsterinsights_sitenote_note":"","_monsterinsights_sitenote_category":0,"neve_meta_sidebar":"","neve_meta_container":"","neve_meta_enable_content_width":"off","neve_meta_content_width":100,"neve_meta_title_alignment":"","neve_meta_author_avatar":"","neve_post_elements_order":"","neve_meta_disable_header":"","neve_meta_disable_footer":"","neve_meta_disable_title":"","_themeisle_gutenberg_block_has_review":false},"product_brand":[],"product_cat":[63],"product_tag":[],"class_list":{"0":"post-3463","1":"product","2":"type-product","3":"status-publish","4":"has-post-thumbnail","6":"product_cat-lasihommiin","8":"first","9":"instock","10":"taxable","11":"shipping-taxable","12":"purchasable","13":"product-type-simple"},"supplier_id":null,"supplier_sku":"","barcode":null,"atum_controlled":true,"out_stock_date":null,"out_stock_threshold":null,"inheritable":false,"inbound_stock":0,"stock_on_hold":0,"sold_today":0,"sales_last_days":0,"reserved_stock":0,"customer_returns":0,"warehouse_damage":0,"lost_in_post":0,"other_logs":0,"out_stock_days":0,"lost_sales":0,"has_location":false,"update_date":"2026-04-25T00:27:32","atum_locations":[],"atum_stock_status":"instock","restock_status":false,"low_stock_amount":"","sales_update_date":"2026-04-25T00:27:32","calc_backorders":null,"aioseo_notices":[],"_links":{"self":[{"href":"https:\/\/www.jimport.fi\/index.php\/wp-json\/wp\/v2\/product\/3463","targetHints":{"allow":["GET"]}}],"collection":[{"href":"https:\/\/www.jimport.fi\/index.php\/wp-json\/wp\/v2\/product"}],"about":[{"href":"https:\/\/www.jimport.fi\/index.php\/wp-json\/wp\/v2\/types\/product"}],"version-history":[{"count":2,"href":"https:\/\/www.jimport.fi\/index.php\/wp-json\/wp\/v2\/product\/3463\/revisions"}],"predecessor-version":[{"id":3469,"href":"https:\/\/www.jimport.fi\/index.php\/wp-json\/wp\/v2\/product\/3463\/revisions\/3469"}],"wp:featuredmedia":[{"embeddable":true,"href":"https:\/\/www.jimport.fi\/index.php\/wp-json\/wp\/v2\/media\/3464"}],"wp:attachment":[{"href":"https:\/\/www.jimport.fi\/index.php\/wp-json\/wp\/v2\/media?parent=3463"}],"wp:term":[{"taxonomy":"product_brand","embeddable":true,"href":"https:\/\/www.jimport.fi\/index.php\/wp-json\/wp\/v2\/product_brand?post=3463"},{"taxonomy":"product_cat","embeddable":true,"href":"https:\/\/www.jimport.fi\/index.php\/wp-json\/wp\/v2\/product_cat?post=3463"},{"taxonomy":"product_tag","embeddable":true,"href":"https:\/\/www.jimport.fi\/index.php\/wp-json\/wp\/v2\/product_tag?post=3463"}],"curies":[{"name":"wp","href":"https:\/\/api.w.org\/{rel}","templated":true}]}}